{"id":25985,"date":"2024-05-13T17:57:04","date_gmt":"2024-05-13T15:57:04","guid":{"rendered":"https:\/\/sp1hrubieszow.pl\/?page_id=25985"},"modified":"2024-05-13T17:57:18","modified_gmt":"2024-05-13T15:57:18","slug":"akademia-bezpiecznego-puchatka-podsumowanie-xv-edycji-ogolnopolskiego-programu-prewencyjnego","status":"publish","type":"page","link":"https:\/\/sp1hrubieszow.pl\/index.php\/kronika-2020-2021\/akademia-bezpiecznego-puchatka-podsumowanie-xv-edycji-ogolnopolskiego-programu-prewencyjnego\/","title":{"rendered":"Akademia Bezpiecznego Puchatka-podsumowanie XV edycji og\u00f3lnopolskiego programu prewencyjnego"},"content":{"rendered":"\n<div dir=\"auto\"><span style=\"color: #000080;\">W roku szkolnym 2023\/2024 nasi pierwszoklasi\u015bci, wzorem lat ubieg\u0142ych, uczestniczyli w programie Akademia Bezpiecznego Puchatka. W ramach udzia\u0142u w programie wzi\u0119li udzia\u0142 w cyklu zaj\u0119\u0107 profilaktycznych oraz w spotkaniu z przedstawicielami KPP w Hrubieszowie. W II p\u00f3\u0142roczu 2023\/2024 roku uczniowie klas pierwszych przyst\u0105pili do Og\u00f3lnopolskiego Testu Bezpiecze\u0144stwa. Udzia\u0142 w programie ma na celu poznanie i utrwalenie zasad bezpiecze\u0144stwa w r\u00f3\u017cnych okoliczno\u015bciach \u017cycia codziennego, w tym bezpiecze\u0144stwa ruchu drogowego oraz bezpiecze\u0144stwa w Internecie. Mamy nadziej\u0119, \u017ce nasi pierwszoklasi\u015bci zapami\u0119taj\u0105 wa\u017cne zasady bezpiecze\u0144stwa i b\u0119d\u0105 z nich korzysta\u0107 na co dzie\u0144.<\/span><\/div>\n<div dir=\"auto\"><span style=\"color: #000080;\">Zaj\u0119cia w ramach programu prowadzi\u0142a p. Marta Kuczy\u0144ska, pedagog szkolny, szkolny koordynator programu &#8222;Akademia Bezpiecznego Puchatka&#8221; we wsp\u00f3\u0142pracy z wychowawcami klas pierwszych, p. Katarzyn\u0105 Sztuk, p. Sylwi\u0105 Soniak oraz p. Mart\u0105 Rutkowsk\u0105<\/span><\/div>\n<div dir=\"auto\">\nngg_shortcode_0_placeholder\n<\/div>\n","protected":false},"excerpt":{"rendered":"<p>W roku szkolnym 2023\/2024 nasi pierwszoklasi\u015bci, wzorem lat ubieg\u0142ych, uczestniczyli w programie Akademia Bezpiecznego Puchatka. W ramach udzia\u0142u w programie wzi\u0119li udzia\u0142 w cyklu zaj\u0119\u0107 profilaktycznych oraz w spotkaniu z przedstawicielami KPP w Hrubieszowie. W II p\u00f3\u0142roczu 2023\/2024 roku uczniowie klas pierwszych przyst\u0105pili do Og\u00f3lnopolskiego Testu Bezpiecze\u0144stwa. Udzia\u0142 w programie ma na celu poznanie i [&hellip;]<\/p>\n","protected":false},"author":2,"featured_media":0,"parent":5983,"menu_order":0,"comment_status":"closed","ping_status":"closed","template":"","meta":{"ngg_post_thumbnail":0,"footnotes":""},"class_list":["post-25985","page","type-page","status-publish","hentry"],"_links":{"self":[{"href":"https:\/\/sp1hrubieszow.pl\/index.php\/wp-json\/wp\/v2\/pages\/25985","targetHints":{"allow":["GET"]}}],"collection":[{"href":"https:\/\/sp1hrubieszow.pl\/index.php\/wp-json\/wp\/v2\/pages"}],"about":[{"href":"https:\/\/sp1hrubieszow.pl\/index.php\/wp-json\/wp\/v2\/types\/page"}],"author":[{"embeddable":true,"href":"https:\/\/sp1hrubieszow.pl\/index.php\/wp-json\/wp\/v2\/users\/2"}],"replies":[{"embeddable":true,"href":"https:\/\/sp1hrubieszow.pl\/index.php\/wp-json\/wp\/v2\/comments?post=25985"}],"version-history":[{"count":1,"href":"https:\/\/sp1hrubieszow.pl\/index.php\/wp-json\/wp\/v2\/pages\/25985\/revisions"}],"predecessor-version":[{"id":25986,"href":"https:\/\/sp1hrubieszow.pl\/index.php\/wp-json\/wp\/v2\/pages\/25985\/revisions\/25986"}],"up":[{"embeddable":true,"href":"https:\/\/sp1hrubieszow.pl\/index.php\/wp-json\/wp\/v2\/pages\/5983"}],"wp:attachment":[{"href":"https:\/\/sp1hrubieszow.pl\/index.php\/wp-json\/wp\/v2\/media?parent=25985"}],"curies":[{"name":"wp","href":"https:\/\/api.w.org\/{rel}","templated":true}]}}