{"id":25957,"date":"2024-05-09T20:00:13","date_gmt":"2024-05-09T18:00:13","guid":{"rendered":"https:\/\/sp1hrubieszow.pl\/?page_id=25957"},"modified":"2024-05-09T20:02:27","modified_gmt":"2024-05-09T18:02:27","slug":"zjednoczeni-w-roznorodnosci","status":"publish","type":"page","link":"https:\/\/sp1hrubieszow.pl\/index.php\/kronika-2020-2021\/zjednoczeni-w-roznorodnosci\/","title":{"rendered":"Zjednoczeni w r\u00f3\u017cnorodno\u015bci"},"content":{"rendered":"\n<p><span style=\"color: #000080;\">9 maja obchodzimy Dzie\u0144 Unii Europejskiej, kt\u00f3ry formalnie zwany jest Dniem Europy. \u015awi\u0119to to obchodzone jest na pami\u0105tk\u0119 wydarzenia b\u0119d\u0105cego pierwszym krokiem do p\u00f3\u017aniejszej integracji europejskiej \u2013 wyg\u0142oszenia historycznej deklaracji Schumana, w kt\u00f3rej to Robert Schuman przedstawi\u0142 swoj\u0105 wizj\u0119 nowej formy wsp\u00f3\u0142pracy politycznej w Europie.<\/span><br><br><span style=\"color: #000080;\">W tym roku przypada tak\u017ce 20. rocznica przyst\u0105pienia Polski do wsp\u00f3lnoty europejskiej. Z tej okazji uczniowie mogli pozna\u0107 histori\u0119 Unii Europejskiej, ods\u0142ucha\u0107 ,, Od\u0119 do rado\u015bci\u201d oraz zobaczy\u0107 prezentacj\u0119 o krajach europejskich.<\/span><\/p>\nngg_shortcode_0_placeholder\n","protected":false},"excerpt":{"rendered":"<p>9 maja obchodzimy Dzie\u0144 Unii Europejskiej, kt\u00f3ry formalnie zwany jest Dniem Europy. \u015awi\u0119to to obchodzone jest na pami\u0105tk\u0119 wydarzenia b\u0119d\u0105cego pierwszym krokiem do p\u00f3\u017aniejszej integracji europejskiej \u2013 wyg\u0142oszenia historycznej deklaracji Schumana, w kt\u00f3rej to Robert Schuman przedstawi\u0142 swoj\u0105 wizj\u0119 nowej formy wsp\u00f3\u0142pracy politycznej w Europie. W tym roku przypada tak\u017ce 20. rocznica przyst\u0105pienia Polski do [&hellip;]<\/p>\n","protected":false},"author":2,"featured_media":0,"parent":5983,"menu_order":0,"comment_status":"closed","ping_status":"closed","template":"","meta":{"ngg_post_thumbnail":0,"footnotes":""},"class_list":["post-25957","page","type-page","status-publish","hentry"],"_links":{"self":[{"href":"https:\/\/sp1hrubieszow.pl\/index.php\/wp-json\/wp\/v2\/pages\/25957","targetHints":{"allow":["GET"]}}],"collection":[{"href":"https:\/\/sp1hrubieszow.pl\/index.php\/wp-json\/wp\/v2\/pages"}],"about":[{"href":"https:\/\/sp1hrubieszow.pl\/index.php\/wp-json\/wp\/v2\/types\/page"}],"author":[{"embeddable":true,"href":"https:\/\/sp1hrubieszow.pl\/index.php\/wp-json\/wp\/v2\/users\/2"}],"replies":[{"embeddable":true,"href":"https:\/\/sp1hrubieszow.pl\/index.php\/wp-json\/wp\/v2\/comments?post=25957"}],"version-history":[{"count":1,"href":"https:\/\/sp1hrubieszow.pl\/index.php\/wp-json\/wp\/v2\/pages\/25957\/revisions"}],"predecessor-version":[{"id":25958,"href":"https:\/\/sp1hrubieszow.pl\/index.php\/wp-json\/wp\/v2\/pages\/25957\/revisions\/25958"}],"up":[{"embeddable":true,"href":"https:\/\/sp1hrubieszow.pl\/index.php\/wp-json\/wp\/v2\/pages\/5983"}],"wp:attachment":[{"href":"https:\/\/sp1hrubieszow.pl\/index.php\/wp-json\/wp\/v2\/media?parent=25957"}],"curies":[{"name":"wp","href":"https:\/\/api.w.org\/{rel}","templated":true}]}}