{"id":25944,"date":"2024-05-09T19:43:08","date_gmt":"2024-05-09T17:43:08","guid":{"rendered":"https:\/\/sp1hrubieszow.pl\/?page_id=25944"},"modified":"2024-05-09T19:43:43","modified_gmt":"2024-05-09T17:43:43","slug":"troche-inna-lekcja-polskiego","status":"publish","type":"page","link":"https:\/\/sp1hrubieszow.pl\/index.php\/kronika-2020-2021\/troche-inna-lekcja-polskiego\/","title":{"rendered":"Troch\u0119 inna lekcja polskiego"},"content":{"rendered":"\n\n\n<div dir=\"auto\"><span style=\"color: #000080;\">Klasa 5a dzisiejsza lekcj\u0119 j\u0119zyka polskiego sp\u0119dzi\u0142a na korytarzu&#8230; Porzucili\u015bmy \u0142awki, aby lepiej si\u0119 nam pracowa\u0142o w grupach, bo zadanie by\u0142o nietypowe. Na du\u017cym papierze odrysowywali\u015bmy kontur cz\u0142owieka &#8211; troch\u0119 by\u0142o przy tym zabawy. Nast\u0119pnie wykorzystali\u015bmy nasze prace do&#8230; charakterystyki g\u0142\u00f3wnych bohater\u00f3w lektury &#8222;Ch\u0142opcy z Placu Broni&#8221;. Ka\u017cda z trzech grup mia\u0142a za zadanie przedstawi\u0107 jedn\u0105 posta\u0107: Ernest Nemeczek, Feri Acz i Jonasz Boka. W kontury wpisywali\u015bmy cechy charakteru i wiadomo\u015bci og\u00f3lne, a na zewn\u0105trz zapisywali\u015bmy informacje o wygl\u0105dzie. W nagrod\u0119 otrzymali\u015bmy naklejki (kt\u00f3re zbieramy od pocz\u0105tku omawiania lektury) za nasz\u0105 prac\u0119, zaanga\u017cowanie i znajomo\u015b\u0107 ksi\u0105\u017cki.<\/span><\/div>\n<div dir=\"auto\"><span style=\"color: #000080;\">Marta Lackowska<\/span><\/div>\n<div dir=\"auto\">\nngg_shortcode_0_placeholder\n<\/div>\n","protected":false},"excerpt":{"rendered":"<p>Klasa 5a dzisiejsza lekcj\u0119 j\u0119zyka polskiego sp\u0119dzi\u0142a na korytarzu&#8230; Porzucili\u015bmy \u0142awki, aby lepiej si\u0119 nam pracowa\u0142o w grupach, bo zadanie by\u0142o nietypowe. Na du\u017cym papierze odrysowywali\u015bmy kontur cz\u0142owieka &#8211; troch\u0119 by\u0142o przy tym zabawy. Nast\u0119pnie wykorzystali\u015bmy nasze prace do&#8230; charakterystyki g\u0142\u00f3wnych bohater\u00f3w lektury &#8222;Ch\u0142opcy z Placu Broni&#8221;. Ka\u017cda z trzech grup mia\u0142a za zadanie przedstawi\u0107 [&hellip;]<\/p>\n","protected":false},"author":2,"featured_media":0,"parent":5983,"menu_order":0,"comment_status":"closed","ping_status":"closed","template":"","meta":{"ngg_post_thumbnail":0,"footnotes":""},"class_list":["post-25944","page","type-page","status-publish","hentry"],"_links":{"self":[{"href":"https:\/\/sp1hrubieszow.pl\/index.php\/wp-json\/wp\/v2\/pages\/25944","targetHints":{"allow":["GET"]}}],"collection":[{"href":"https:\/\/sp1hrubieszow.pl\/index.php\/wp-json\/wp\/v2\/pages"}],"about":[{"href":"https:\/\/sp1hrubieszow.pl\/index.php\/wp-json\/wp\/v2\/types\/page"}],"author":[{"embeddable":true,"href":"https:\/\/sp1hrubieszow.pl\/index.php\/wp-json\/wp\/v2\/users\/2"}],"replies":[{"embeddable":true,"href":"https:\/\/sp1hrubieszow.pl\/index.php\/wp-json\/wp\/v2\/comments?post=25944"}],"version-history":[{"count":1,"href":"https:\/\/sp1hrubieszow.pl\/index.php\/wp-json\/wp\/v2\/pages\/25944\/revisions"}],"predecessor-version":[{"id":25945,"href":"https:\/\/sp1hrubieszow.pl\/index.php\/wp-json\/wp\/v2\/pages\/25944\/revisions\/25945"}],"up":[{"embeddable":true,"href":"https:\/\/sp1hrubieszow.pl\/index.php\/wp-json\/wp\/v2\/pages\/5983"}],"wp:attachment":[{"href":"https:\/\/sp1hrubieszow.pl\/index.php\/wp-json\/wp\/v2\/media?parent=25944"}],"curies":[{"name":"wp","href":"https:\/\/api.w.org\/{rel}","templated":true}]}}