{"id":25925,"date":"2024-05-09T18:59:51","date_gmt":"2024-05-09T16:59:51","guid":{"rendered":"https:\/\/sp1hrubieszow.pl\/?page_id=25925"},"modified":"2024-05-09T19:03:06","modified_gmt":"2024-05-09T17:03:06","slug":"gdybym-byla-ksiazka","status":"publish","type":"page","link":"https:\/\/sp1hrubieszow.pl\/index.php\/kronika-2020-2021\/gdybym-byla-ksiazka\/","title":{"rendered":"&#8222;Gdybym by\u0142a ksi\u0105\u017ck\u0105&#8221;"},"content":{"rendered":"\n<div class=\"xdj266r x11i5rnm xat24cr x1mh8g0r x1vvkbs x126k92a\">\n<div dir=\"auto\"><span style=\"color: #000080;\">Inspiracj\u0105 do zaj\u0119\u0107 by\u0142a ksi\u0105\u017cka autorstwa dw\u00f3ch portugalskich tw\u00f3rc\u00f3w &#8211; ojca i syna &#8211; Jos\u00e9 Jorge Letria i Andr\u00e9 Letria pt. &#8222;Gdybym by\u0142a ksi\u0105\u017ck\u0105&#8221;. Przedstawia bowiem ksi\u0105\u017ck\u0119 jako magiczny przedmiot, kt\u00f3ry nie tylko wp\u0142ywa, ale i zmienia nasz-czytelnik\u00f3w \u015bwiat, a nawet nasze \u017cycie &#8230; Dzi\u0119ki ksi\u0105\u017cce i czytaniu wszystko jest mo\u017cliwe!<\/span><\/div>\n<\/div>\n<div class=\"x11i5rnm xat24cr x1mh8g0r x1vvkbs xtlvy1s x126k92a\">\n<div dir=\"auto\"><span style=\"color: #000080;\">Podczas tych warsztat\u00f3w klasa 6 c mia\u0142a mo\u017cliwo\u015b\u0107 przekona\u0107 si\u0119 jak bajeczny mo\u017ce by\u0107 \u015bwiat ksi\u0105\u017cek.<\/span><\/div>\n<\/div>\n<div class=\"x11i5rnm xat24cr x1mh8g0r x1vvkbs xtlvy1s x126k92a\">\n<div dir=\"auto\"><span style=\"color: #000080;\">Monika Jako\u015b-W\u00f3r<\/span><\/div>\n<div dir=\"auto\">\nngg_shortcode_0_placeholder\n<\/div>\n<\/div>\n","protected":false},"excerpt":{"rendered":"<p>Inspiracj\u0105 do zaj\u0119\u0107 by\u0142a ksi\u0105\u017cka autorstwa dw\u00f3ch portugalskich tw\u00f3rc\u00f3w &#8211; ojca i syna &#8211; Jos\u00e9 Jorge Letria i Andr\u00e9 Letria pt. &#8222;Gdybym by\u0142a ksi\u0105\u017ck\u0105&#8221;. Przedstawia bowiem ksi\u0105\u017ck\u0119 jako magiczny przedmiot, kt\u00f3ry nie tylko wp\u0142ywa, ale i zmienia nasz-czytelnik\u00f3w \u015bwiat, a nawet nasze \u017cycie &#8230; Dzi\u0119ki ksi\u0105\u017cce i czytaniu wszystko jest mo\u017cliwe! Podczas tych warsztat\u00f3w klasa [&hellip;]<\/p>\n","protected":false},"author":2,"featured_media":0,"parent":5983,"menu_order":0,"comment_status":"closed","ping_status":"closed","template":"","meta":{"ngg_post_thumbnail":0,"footnotes":""},"class_list":["post-25925","page","type-page","status-publish","hentry"],"_links":{"self":[{"href":"https:\/\/sp1hrubieszow.pl\/index.php\/wp-json\/wp\/v2\/pages\/25925","targetHints":{"allow":["GET"]}}],"collection":[{"href":"https:\/\/sp1hrubieszow.pl\/index.php\/wp-json\/wp\/v2\/pages"}],"about":[{"href":"https:\/\/sp1hrubieszow.pl\/index.php\/wp-json\/wp\/v2\/types\/page"}],"author":[{"embeddable":true,"href":"https:\/\/sp1hrubieszow.pl\/index.php\/wp-json\/wp\/v2\/users\/2"}],"replies":[{"embeddable":true,"href":"https:\/\/sp1hrubieszow.pl\/index.php\/wp-json\/wp\/v2\/comments?post=25925"}],"version-history":[{"count":1,"href":"https:\/\/sp1hrubieszow.pl\/index.php\/wp-json\/wp\/v2\/pages\/25925\/revisions"}],"predecessor-version":[{"id":25926,"href":"https:\/\/sp1hrubieszow.pl\/index.php\/wp-json\/wp\/v2\/pages\/25925\/revisions\/25926"}],"up":[{"embeddable":true,"href":"https:\/\/sp1hrubieszow.pl\/index.php\/wp-json\/wp\/v2\/pages\/5983"}],"wp:attachment":[{"href":"https:\/\/sp1hrubieszow.pl\/index.php\/wp-json\/wp\/v2\/media?parent=25925"}],"curies":[{"name":"wp","href":"https:\/\/api.w.org\/{rel}","templated":true}]}}