{"id":25798,"date":"2024-05-03T19:21:31","date_gmt":"2024-05-03T17:21:31","guid":{"rendered":"https:\/\/sp1hrubieszow.pl\/?page_id=25798"},"modified":"2024-05-03T19:22:05","modified_gmt":"2024-05-03T17:22:05","slug":"szkola-myslenia-pozytywnego-2-0-zadanie-certyfikacyjne-na-miesiac-kwiecien","status":"publish","type":"page","link":"https:\/\/sp1hrubieszow.pl\/index.php\/kronika-2020-2021\/szkola-myslenia-pozytywnego-2-0-zadanie-certyfikacyjne-na-miesiac-kwiecien\/","title":{"rendered":"Szko\u0142a My\u015blenia Pozytywnego 2.0 Zadanie certyfikacyjne na miesi\u0105c kwiecie\u0144"},"content":{"rendered":"\n<p><span style=\"color: #000080;\">W miesi\u0105cu kwietniu, w wybranych klasach 1-3 zorganizowali\u015bmy zaj\u0119cia, maj\u0105ce na celu podkre\u015blenie wyst\u0119powania neuror\u00f3\u017cnorodno\u015bci w\u015br\u00f3d ludzi. Zaj\u0119cia prowadzone metodami aktywnymi, mia\u0142y na celu ukazanie dzieciom r\u00f3\u017cnic, jakie mog\u0105 wyst\u0119powa\u0107 w zakresie odbierania bod\u017ac\u00f3w ze \u015bwiata zewn\u0119trznego za pomoc\u0105 r\u00f3\u017cnych zmys\u0142\u00f3w. Dzieci mog\u0142y sprawdzi\u0107 jak radz\u0105 sobie osoby niepe\u0142nosprawne, co im pomaga w odbiorze \u015bwiata. Uczniowie obejrzeli film i prezentacj\u0119, dzi\u0119ki kt\u00f3rym mogli zrozumie\u0107 w jaki spos\u00f3b postrzegaj\u0105 \u015bwiat osoby w spektrum autyzmu. Na zako\u0144czenie zaj\u0119\u0107 wykonywane by\u0142y prace plastyczne, podkre\u015blaj\u0105ce znaczenie tolerancji w stosunku do os\u00f3b postrzegaj\u0105cych \u015bwiat \u201ena sw\u00f3j spos\u00f3b\u201d. Zaj\u0119cia przebiega\u0142y pod has\u0142em: \u201dBycie innym jest Ok!\u201d a przeprowadzone zosta\u0142y przez panie: Mart\u0119 Kuczy\u0144sk\u0105, Renat\u0119 Danilczuk oraz Monik\u0119 Bednar\u0119. W zadanie w\u0142\u0105czyli si\u0119 tak\u017ce cz\u0142onkowie Szkolnego Klubu Ortograffiti<\/span><\/p>\nngg_shortcode_0_placeholder\n","protected":false},"excerpt":{"rendered":"<p>W miesi\u0105cu kwietniu, w wybranych klasach 1-3 zorganizowali\u015bmy zaj\u0119cia, maj\u0105ce na celu podkre\u015blenie wyst\u0119powania neuror\u00f3\u017cnorodno\u015bci w\u015br\u00f3d ludzi. Zaj\u0119cia prowadzone metodami aktywnymi, mia\u0142y na celu ukazanie dzieciom r\u00f3\u017cnic, jakie mog\u0105 wyst\u0119powa\u0107 w zakresie odbierania bod\u017ac\u00f3w ze \u015bwiata zewn\u0119trznego za pomoc\u0105 r\u00f3\u017cnych zmys\u0142\u00f3w. Dzieci mog\u0142y sprawdzi\u0107 jak radz\u0105 sobie osoby niepe\u0142nosprawne, co im pomaga w odbiorze \u015bwiata. [&hellip;]<\/p>\n","protected":false},"author":2,"featured_media":0,"parent":5983,"menu_order":0,"comment_status":"closed","ping_status":"closed","template":"","meta":{"ngg_post_thumbnail":0,"footnotes":""},"class_list":["post-25798","page","type-page","status-publish","hentry"],"_links":{"self":[{"href":"https:\/\/sp1hrubieszow.pl\/index.php\/wp-json\/wp\/v2\/pages\/25798","targetHints":{"allow":["GET"]}}],"collection":[{"href":"https:\/\/sp1hrubieszow.pl\/index.php\/wp-json\/wp\/v2\/pages"}],"about":[{"href":"https:\/\/sp1hrubieszow.pl\/index.php\/wp-json\/wp\/v2\/types\/page"}],"author":[{"embeddable":true,"href":"https:\/\/sp1hrubieszow.pl\/index.php\/wp-json\/wp\/v2\/users\/2"}],"replies":[{"embeddable":true,"href":"https:\/\/sp1hrubieszow.pl\/index.php\/wp-json\/wp\/v2\/comments?post=25798"}],"version-history":[{"count":1,"href":"https:\/\/sp1hrubieszow.pl\/index.php\/wp-json\/wp\/v2\/pages\/25798\/revisions"}],"predecessor-version":[{"id":25799,"href":"https:\/\/sp1hrubieszow.pl\/index.php\/wp-json\/wp\/v2\/pages\/25798\/revisions\/25799"}],"up":[{"embeddable":true,"href":"https:\/\/sp1hrubieszow.pl\/index.php\/wp-json\/wp\/v2\/pages\/5983"}],"wp:attachment":[{"href":"https:\/\/sp1hrubieszow.pl\/index.php\/wp-json\/wp\/v2\/media?parent=25798"}],"curies":[{"name":"wp","href":"https:\/\/api.w.org\/{rel}","templated":true}]}}