{"id":25752,"date":"2024-05-03T19:10:35","date_gmt":"2024-05-03T17:10:35","guid":{"rendered":"https:\/\/sp1hrubieszow.pl\/?page_id=25752"},"modified":"2024-05-03T19:10:58","modified_gmt":"2024-05-03T17:10:58","slug":"powiatowe-zawody-brd","status":"publish","type":"page","link":"https:\/\/sp1hrubieszow.pl\/index.php\/kronika-2020-2021\/powiatowe-zawody-brd\/","title":{"rendered":"Powiatowe zawody BRD"},"content":{"rendered":"\n\n\n<p><span style=\"color: #000080;\">25.04.2024 w naszej szkole odby\u0142y si\u0119 powiatowe zawody BRD. Uczestnicy musieli wykaza\u0107 si\u0119 znajomo\u015bci\u0105 przepis\u00f3w kodeksu drogowego, umiej\u0119tno\u015bci\u0105 udzielenia pierwszej pomocy a tak\u017ce zr\u0119czn\u0105 jazd\u0105 na rowerze. Nasza dru\u017cyna w sk\u0142adzie Wiktoria Halasa, Angelika Przybysz, Tomasz Rerak oraz Adam Szczur osi\u0105gn\u0119\u0142a drugi najlepszy wynik dru\u017cynowy i w swojej kategorii wiekowej uczniowie b\u0119d\u0105 reprezentowa\u0107 nasz\u0105 szko\u0142\u0119 na kolejnym szczeblu. \u017byczymy powodzenia <span class=\"x3nfvp2 x1j61x8r x1fcty0u xdj266r xhhsvwb xat24cr xgzva0m xxymvpz xlup9mm x1kky2od\"><img loading=\"lazy\" decoding=\"async\" class=\"xz74otr\" src=\"https:\/\/static.xx.fbcdn.net\/images\/emoji.php\/v9\/t4c\/1\/16\/1f642.png\" alt=\"?\" width=\"16\" height=\"16\"><\/span><\/span><\/p>\nngg_shortcode_0_placeholder\n","protected":false},"excerpt":{"rendered":"<p>25.04.2024 w naszej szkole odby\u0142y si\u0119 powiatowe zawody BRD. Uczestnicy musieli wykaza\u0107 si\u0119 znajomo\u015bci\u0105 przepis\u00f3w kodeksu drogowego, umiej\u0119tno\u015bci\u0105 udzielenia pierwszej pomocy a tak\u017ce zr\u0119czn\u0105 jazd\u0105 na rowerze. Nasza dru\u017cyna w sk\u0142adzie Wiktoria Halasa, Angelika Przybysz, Tomasz Rerak oraz Adam Szczur osi\u0105gn\u0119\u0142a drugi najlepszy wynik dru\u017cynowy i w swojej kategorii wiekowej uczniowie b\u0119d\u0105 reprezentowa\u0107 nasz\u0105 szko\u0142\u0119 [&hellip;]<\/p>\n","protected":false},"author":2,"featured_media":0,"parent":5983,"menu_order":0,"comment_status":"closed","ping_status":"closed","template":"","meta":{"ngg_post_thumbnail":0,"footnotes":""},"class_list":["post-25752","page","type-page","status-publish","hentry"],"_links":{"self":[{"href":"https:\/\/sp1hrubieszow.pl\/index.php\/wp-json\/wp\/v2\/pages\/25752","targetHints":{"allow":["GET"]}}],"collection":[{"href":"https:\/\/sp1hrubieszow.pl\/index.php\/wp-json\/wp\/v2\/pages"}],"about":[{"href":"https:\/\/sp1hrubieszow.pl\/index.php\/wp-json\/wp\/v2\/types\/page"}],"author":[{"embeddable":true,"href":"https:\/\/sp1hrubieszow.pl\/index.php\/wp-json\/wp\/v2\/users\/2"}],"replies":[{"embeddable":true,"href":"https:\/\/sp1hrubieszow.pl\/index.php\/wp-json\/wp\/v2\/comments?post=25752"}],"version-history":[{"count":1,"href":"https:\/\/sp1hrubieszow.pl\/index.php\/wp-json\/wp\/v2\/pages\/25752\/revisions"}],"predecessor-version":[{"id":25753,"href":"https:\/\/sp1hrubieszow.pl\/index.php\/wp-json\/wp\/v2\/pages\/25752\/revisions\/25753"}],"up":[{"embeddable":true,"href":"https:\/\/sp1hrubieszow.pl\/index.php\/wp-json\/wp\/v2\/pages\/5983"}],"wp:attachment":[{"href":"https:\/\/sp1hrubieszow.pl\/index.php\/wp-json\/wp\/v2\/media?parent=25752"}],"curies":[{"name":"wp","href":"https:\/\/api.w.org\/{rel}","templated":true}]}}