{"id":25743,"date":"2024-05-03T18:56:21","date_gmt":"2024-05-03T16:56:21","guid":{"rendered":"https:\/\/sp1hrubieszow.pl\/?page_id=25743"},"modified":"2024-05-03T18:59:27","modified_gmt":"2024-05-03T16:59:27","slug":"w-dniach-24-25-kwietnia-2024r-klasa-6a-uczestniczyla-w-warsztatach-z-projektorem","status":"publish","type":"page","link":"https:\/\/sp1hrubieszow.pl\/index.php\/kronika-2020-2021\/w-dniach-24-25-kwietnia-2024r-klasa-6a-uczestniczyla-w-warsztatach-z-projektorem\/","title":{"rendered":"W dniach 24-25 kwietnia 2024r. klasa 6a uczestniczy\u0142a w Warsztatach z PROJEKTOREM"},"content":{"rendered":"\n<div class=\"xdj266r x11i5rnm xat24cr x1mh8g0r x1vvkbs x126k92a\">\n<div dir=\"auto\"><span style=\"color: #000080;\">Celem Warsztat\u00f3w z Projektorem jest kszta\u0142towanie i wzmacnianie u dzieci postawy prospo\u0142ecznej i obywatelskiej. Warsztaty pozwalaj\u0105 im do\u015bwiadczy\u0107 poczucia sprawczo\u015bci i pokazuj\u0105 pola do dokonywania zmian w ich lokalnej spo\u0142eczno\u015bci.<\/span><\/div>\n<div dir=\"auto\"><span style=\"color: #000080;\">Warsztaty z Projektorem stwarzaj\u0105 dzieciom przestrze\u0144 do rozwijania kompetencji komunikacji, krytycznego my\u015blenia i wsp\u00f3\u0142pracy. Dzieje si\u0119 to poprzez dyskusj\u0119, prac\u0119 w zespo\u0142ach, poszukiwanie rozwi\u0105za\u0144 i ich wdra\u017canie w najbli\u017cszym otoczeniu.<\/span><\/div>\n<div dir=\"auto\"><span style=\"color: #000080;\">G\u0142\u00f3wnym zagadnieniem, na kt\u00f3rym skupiano si\u0119 podczas warsztat\u00f3w by\u0142a aktywno\u015b\u0107 obywatelska rozumiana jako udzia\u0142 uczni\u00f3w w \u017cyciu spo\u0142ecznym, kulturalnym swojej lokalnej wsp\u00f3lnoty jak\u0105 jest klasa, szko\u0142a. Obszar, kt\u00f3ry by\u0142 rozwijany tym razem dotyczy\u0142 relacji spo\u0142ecznych.<\/span><\/div>\n<\/div>\n<div class=\"x11i5rnm xat24cr x1mh8g0r x1vvkbs xtlvy1s x126k92a\">\n<div dir=\"auto\"><span style=\"color: #000080;\">Edyta Miller-Wiatrowska<\/span><\/div>\n<\/div>\n<div class=\"x11i5rnm xat24cr x1mh8g0r x1vvkbs xtlvy1s x126k92a\">\n<div dir=\"auto\"><span style=\"color: #000080;\">Do zobaczenia za rok<\/span><span class=\"x3nfvp2 x1j61x8r x1fcty0u xdj266r xhhsvwb xat24cr xgzva0m xxymvpz xlup9mm x1kky2od\"><img loading=\"lazy\" decoding=\"async\" class=\"xz74otr\" src=\"https:\/\/static.xx.fbcdn.net\/images\/emoji.php\/v9\/t7f\/1\/16\/1f60a.png\" alt=\"?\" width=\"16\" height=\"16\"><\/span><\/div>\n<div dir=\"auto\">\nngg_shortcode_0_placeholder\n<\/div>\n<\/div>\n","protected":false},"excerpt":{"rendered":"<p>Celem Warsztat\u00f3w z Projektorem jest kszta\u0142towanie i wzmacnianie u dzieci postawy prospo\u0142ecznej i obywatelskiej. Warsztaty pozwalaj\u0105 im do\u015bwiadczy\u0107 poczucia sprawczo\u015bci i pokazuj\u0105 pola do dokonywania zmian w ich lokalnej spo\u0142eczno\u015bci. Warsztaty z Projektorem stwarzaj\u0105 dzieciom przestrze\u0144 do rozwijania kompetencji komunikacji, krytycznego my\u015blenia i wsp\u00f3\u0142pracy. Dzieje si\u0119 to poprzez dyskusj\u0119, prac\u0119 w zespo\u0142ach, poszukiwanie rozwi\u0105za\u0144 i [&hellip;]<\/p>\n","protected":false},"author":2,"featured_media":0,"parent":5983,"menu_order":0,"comment_status":"closed","ping_status":"closed","template":"","meta":{"ngg_post_thumbnail":0,"footnotes":""},"class_list":["post-25743","page","type-page","status-publish","hentry"],"_links":{"self":[{"href":"https:\/\/sp1hrubieszow.pl\/index.php\/wp-json\/wp\/v2\/pages\/25743","targetHints":{"allow":["GET"]}}],"collection":[{"href":"https:\/\/sp1hrubieszow.pl\/index.php\/wp-json\/wp\/v2\/pages"}],"about":[{"href":"https:\/\/sp1hrubieszow.pl\/index.php\/wp-json\/wp\/v2\/types\/page"}],"author":[{"embeddable":true,"href":"https:\/\/sp1hrubieszow.pl\/index.php\/wp-json\/wp\/v2\/users\/2"}],"replies":[{"embeddable":true,"href":"https:\/\/sp1hrubieszow.pl\/index.php\/wp-json\/wp\/v2\/comments?post=25743"}],"version-history":[{"count":1,"href":"https:\/\/sp1hrubieszow.pl\/index.php\/wp-json\/wp\/v2\/pages\/25743\/revisions"}],"predecessor-version":[{"id":25744,"href":"https:\/\/sp1hrubieszow.pl\/index.php\/wp-json\/wp\/v2\/pages\/25743\/revisions\/25744"}],"up":[{"embeddable":true,"href":"https:\/\/sp1hrubieszow.pl\/index.php\/wp-json\/wp\/v2\/pages\/5983"}],"wp:attachment":[{"href":"https:\/\/sp1hrubieszow.pl\/index.php\/wp-json\/wp\/v2\/media?parent=25743"}],"curies":[{"name":"wp","href":"https:\/\/api.w.org\/{rel}","templated":true}]}}