{"id":25733,"date":"2024-05-03T18:44:03","date_gmt":"2024-05-03T16:44:03","guid":{"rendered":"https:\/\/sp1hrubieszow.pl\/?page_id=25733"},"modified":"2024-05-03T18:44:54","modified_gmt":"2024-05-03T16:44:54","slug":"spotkanie-ze-strazakami","status":"publish","type":"page","link":"https:\/\/sp1hrubieszow.pl\/index.php\/kronika-2020-2021\/spotkanie-ze-strazakami\/","title":{"rendered":"Spotkanie ze stra\u017cakami"},"content":{"rendered":"\n<div class=\"xdj266r x11i5rnm xat24cr x1mh8g0r x1vvkbs x126k92a\">\n<div dir=\"auto\"><span style=\"color: #000080;\">Wzorem innych klas 6 w dniu 26 kwietnia 2024r. tak\u017ce klasa 6a mia\u0142a przyjemno\u015b\u0107 uczestniczy\u0107 w spotkaniu ze stra\u017cakami z OSP Hrubiesz\u00f3w. Panowie w bardzo przyst\u0119pny spos\u00f3b wyja\u015bnili zasady udzielania pierwszej pomocy, powiedzieli o najcz\u0119stszych zagro\u017ceniach z kt\u00f3rymi spotykamy si\u0119 na co dzie\u0144. Pod koniec dwugodzinnych zaj\u0119\u0107 stra\u017cacy pokazali sprz\u0119t jaki znajduje si\u0119 na wyposa\u017ceniu jednostki.<\/span><\/div>\n<div dir=\"auto\"><span style=\"color: #000080;\">Bardzo dzi\u0119kujemy za cenne rady i uwagi<span class=\"x3nfvp2 x1j61x8r x1fcty0u xdj266r xhhsvwb xat24cr xgzva0m xxymvpz xlup9mm x1kky2od\"><img loading=\"lazy\" decoding=\"async\" class=\"xz74otr\" src=\"https:\/\/static.xx.fbcdn.net\/images\/emoji.php\/v9\/t7f\/1\/16\/1f60a.png\" alt=\"?\" width=\"16\" height=\"16\"><\/span><\/span><\/div>\n<\/div>\n<div class=\"x11i5rnm xat24cr x1mh8g0r x1vvkbs xtlvy1s x126k92a\">\n<div dir=\"auto\"><span style=\"color: #000080;\">Edyta Miller-Wiatrowska<\/span><\/div>\n<div dir=\"auto\">\nngg_shortcode_0_placeholder\n<\/div>\n<\/div>\n","protected":false},"excerpt":{"rendered":"<p>Wzorem innych klas 6 w dniu 26 kwietnia 2024r. tak\u017ce klasa 6a mia\u0142a przyjemno\u015b\u0107 uczestniczy\u0107 w spotkaniu ze stra\u017cakami z OSP Hrubiesz\u00f3w. Panowie w bardzo przyst\u0119pny spos\u00f3b wyja\u015bnili zasady udzielania pierwszej pomocy, powiedzieli o najcz\u0119stszych zagro\u017ceniach z kt\u00f3rymi spotykamy si\u0119 na co dzie\u0144. Pod koniec dwugodzinnych zaj\u0119\u0107 stra\u017cacy pokazali sprz\u0119t jaki znajduje si\u0119 na wyposa\u017ceniu [&hellip;]<\/p>\n","protected":false},"author":2,"featured_media":0,"parent":5983,"menu_order":0,"comment_status":"closed","ping_status":"closed","template":"","meta":{"ngg_post_thumbnail":0,"footnotes":""},"class_list":["post-25733","page","type-page","status-publish","hentry"],"_links":{"self":[{"href":"https:\/\/sp1hrubieszow.pl\/index.php\/wp-json\/wp\/v2\/pages\/25733","targetHints":{"allow":["GET"]}}],"collection":[{"href":"https:\/\/sp1hrubieszow.pl\/index.php\/wp-json\/wp\/v2\/pages"}],"about":[{"href":"https:\/\/sp1hrubieszow.pl\/index.php\/wp-json\/wp\/v2\/types\/page"}],"author":[{"embeddable":true,"href":"https:\/\/sp1hrubieszow.pl\/index.php\/wp-json\/wp\/v2\/users\/2"}],"replies":[{"embeddable":true,"href":"https:\/\/sp1hrubieszow.pl\/index.php\/wp-json\/wp\/v2\/comments?post=25733"}],"version-history":[{"count":1,"href":"https:\/\/sp1hrubieszow.pl\/index.php\/wp-json\/wp\/v2\/pages\/25733\/revisions"}],"predecessor-version":[{"id":25734,"href":"https:\/\/sp1hrubieszow.pl\/index.php\/wp-json\/wp\/v2\/pages\/25733\/revisions\/25734"}],"up":[{"embeddable":true,"href":"https:\/\/sp1hrubieszow.pl\/index.php\/wp-json\/wp\/v2\/pages\/5983"}],"wp:attachment":[{"href":"https:\/\/sp1hrubieszow.pl\/index.php\/wp-json\/wp\/v2\/media?parent=25733"}],"curies":[{"name":"wp","href":"https:\/\/api.w.org\/{rel}","templated":true}]}}