{"id":25708,"date":"2024-05-03T18:31:18","date_gmt":"2024-05-03T16:31:18","guid":{"rendered":"https:\/\/sp1hrubieszow.pl\/?page_id=25708"},"modified":"2024-05-03T18:32:05","modified_gmt":"2024-05-03T16:32:05","slug":"laureaci-konkursu-trzymaj-forme","status":"publish","type":"page","link":"https:\/\/sp1hrubieszow.pl\/index.php\/kronika-2020-2021\/laureaci-konkursu-trzymaj-forme\/","title":{"rendered":"Laureaci konkursu Trzymaj Form\u0119!"},"content":{"rendered":"\n<div class=\"x11i5rnm xat24cr x1mh8g0r x1vvkbs xtlvy1s x126k92a\">\n<div dir=\"auto\"><span style=\"color: #000080;\">Cieszymy si\u0119, \u017ce mo\u017cemy podzieli\u0107 si\u0119 wynikami etapu powiatowego konkursu &#8222;Trzymaj Form\u0119&#8221;. G\u0142\u00f3wnym celem programu jest edukacja w zakresie trwa\u0142ego kszta\u0142towania prozdrowotnych nawyk\u00f3w w\u015br\u00f3d m\u0142odzie\u017cy szkolnej poprzez promocj\u0119 zasad aktywnego stylu \u017cycia i zbilansowanej diety. Konkurs organizowany jest przez G\u0142\u00f3wny Inspektorat Sanitarny, Polsk\u0105 Federacj\u0119 Producent\u00f3w \u017bywno\u015bci oraz Wojew\u00f3dzkie Stacje Sanitarno-Epidemiologiczne jako inicjatywa towarzysz\u0105ca Og\u00f3lnopolskiemu Programowi Edukacyjnemu \u201eTrzymaj Form\u0119!\u201d.<\/span><\/div>\n<\/div>\n<div class=\"x11i5rnm xat24cr x1mh8g0r x1vvkbs xtlvy1s x126k92a\">\n<div dir=\"auto\"><span style=\"color: #000080;\">Do etapu szkolnego przyst\u0105pili: Izabela Jankowska, Lena Ho\u0142\u00f3wek, Micha\u0142 Grzeszczuk, Mateusz Bodnar, Lidia Grab, Eryk Bobak.<\/span><\/div>\n<\/div>\n<div class=\"x11i5rnm xat24cr x1mh8g0r x1vvkbs xtlvy1s x126k92a\">\n<div dir=\"auto\"><span style=\"color: #000080;\">Na etapie powiatowym nasz\u0105 szko\u0142\u0119 reprezentowali: Lena Ho\u0142\u00f3wek, Micha\u0142 Grzeszczuk oraz Mateusz Bodnar.<\/span><\/div>\n<\/div>\n<div class=\"x11i5rnm xat24cr x1mh8g0r x1vvkbs xtlvy1s x126k92a\">\n<div dir=\"auto\"><span style=\"color: #000080;\">Przebieg konkursu nadzorowa\u0142a p. Joanna Szyma\u0144ska pracownik Powiatowej Stacji Sanitarno-Epidemiologicznej w Hrubieszowie.<\/span><\/div>\n<\/div>\n<div class=\"x11i5rnm xat24cr x1mh8g0r x1vvkbs xtlvy1s x126k92a\">\n<div dir=\"auto\"><span style=\"color: #000080;\">Serdeczne gratulacje dla wszystkich uczestnik\u00f3w konkursu, zar\u00f3wno na etapie szkolnym jak i etapie powiatowym! Wasze osi\u0105gni\u0119cia s\u0105 dowodem nie tylko na wasz\u0105 wytrwa\u0142o\u015b\u0107 i zaanga\u017cowanie, ale tak\u017ce na posiadan\u0105 wiedz\u0119 i determinacj\u0119.<\/span><\/div>\n<\/div>\n<div class=\"x11i5rnm xat24cr x1mh8g0r x1vvkbs xtlvy1s x126k92a\">\n<div dir=\"auto\"><span style=\"color: #000080;\">\u017byczymy dalszych sukces\u00f3w na drodze do fina\u0142u konkursu, kt\u00f3ry odb\u0119dzie si\u0119 w czerwcu.<\/span><\/div>\n<div dir=\"auto\"><span style=\"color: #000080;\">Koordynatorzy programu Anna Karkuszewska, Joanna Grzeszczuk.<\/span><\/div>\n<div dir=\"auto\">\nngg_shortcode_0_placeholder\n<\/div>\n<\/div>\n","protected":false},"excerpt":{"rendered":"<p>Cieszymy si\u0119, \u017ce mo\u017cemy podzieli\u0107 si\u0119 wynikami etapu powiatowego konkursu &#8222;Trzymaj Form\u0119&#8221;. G\u0142\u00f3wnym celem programu jest edukacja w zakresie trwa\u0142ego kszta\u0142towania prozdrowotnych nawyk\u00f3w w\u015br\u00f3d m\u0142odzie\u017cy szkolnej poprzez promocj\u0119 zasad aktywnego stylu \u017cycia i zbilansowanej diety. Konkurs organizowany jest przez G\u0142\u00f3wny Inspektorat Sanitarny, Polsk\u0105 Federacj\u0119 Producent\u00f3w \u017bywno\u015bci oraz Wojew\u00f3dzkie Stacje Sanitarno-Epidemiologiczne jako inicjatywa towarzysz\u0105ca Og\u00f3lnopolskiemu Programowi [&hellip;]<\/p>\n","protected":false},"author":2,"featured_media":0,"parent":5983,"menu_order":0,"comment_status":"closed","ping_status":"closed","template":"","meta":{"ngg_post_thumbnail":0,"footnotes":""},"class_list":["post-25708","page","type-page","status-publish","hentry"],"_links":{"self":[{"href":"https:\/\/sp1hrubieszow.pl\/index.php\/wp-json\/wp\/v2\/pages\/25708","targetHints":{"allow":["GET"]}}],"collection":[{"href":"https:\/\/sp1hrubieszow.pl\/index.php\/wp-json\/wp\/v2\/pages"}],"about":[{"href":"https:\/\/sp1hrubieszow.pl\/index.php\/wp-json\/wp\/v2\/types\/page"}],"author":[{"embeddable":true,"href":"https:\/\/sp1hrubieszow.pl\/index.php\/wp-json\/wp\/v2\/users\/2"}],"replies":[{"embeddable":true,"href":"https:\/\/sp1hrubieszow.pl\/index.php\/wp-json\/wp\/v2\/comments?post=25708"}],"version-history":[{"count":1,"href":"https:\/\/sp1hrubieszow.pl\/index.php\/wp-json\/wp\/v2\/pages\/25708\/revisions"}],"predecessor-version":[{"id":25709,"href":"https:\/\/sp1hrubieszow.pl\/index.php\/wp-json\/wp\/v2\/pages\/25708\/revisions\/25709"}],"up":[{"embeddable":true,"href":"https:\/\/sp1hrubieszow.pl\/index.php\/wp-json\/wp\/v2\/pages\/5983"}],"wp:attachment":[{"href":"https:\/\/sp1hrubieszow.pl\/index.php\/wp-json\/wp\/v2\/media?parent=25708"}],"curies":[{"name":"wp","href":"https:\/\/api.w.org\/{rel}","templated":true}]}}