{"id":25697,"date":"2024-05-01T20:26:20","date_gmt":"2024-05-01T18:26:20","guid":{"rendered":"https:\/\/sp1hrubieszow.pl\/?page_id=25697"},"modified":"2024-05-01T20:26:20","modified_gmt":"2024-05-01T18:26:20","slug":"zajecia-w-miejskiej-bibliotece-publicznej","status":"publish","type":"page","link":"https:\/\/sp1hrubieszow.pl\/index.php\/kronika-2019-2020\/zajecia-w-miejskiej-bibliotece-publicznej\/","title":{"rendered":"Zaj\u0119cia w Miejskiej Bibliotece Publicznej"},"content":{"rendered":"\n<p><span style=\"color: #000080;\">30 kwietnia 2024r. uczniowie klasy 4a, bior\u0105c przyk\u0142ad ze starszych koleg\u00f3w i kole\u017canek, uczestniczyli w zaj\u0119ciach \u201eJak powstaje plotka?\u201d przeprowadzonych przez pani\u0105 Beat\u0119 Panasiewicz z Miejskiej Biblioteki Publicznej. W trakcie zaj\u0119\u0107 czwartoklasi\u015bci u\u015bwiadomili sobie, jak wypowiadane przez nas s\u0142owa mog\u0105 rani\u0107. Uczniowie doszli do wniosku, <br>\u017ce tak jak kartki porwanej na drobne kawa\u0142ki nie da si\u0119 ponownie z\u0142o\u017cy\u0107 w ca\u0142o\u015b\u0107, <br>tak raz wypowiedzianych s\u0142\u00f3w nie da si\u0119 cofn\u0105\u0107. <\/span><br><span style=\"color: #000080;\">Pami\u0119tajmy o tym.<\/span><\/p>\nngg_shortcode_0_placeholder\n","protected":false},"excerpt":{"rendered":"<p>30 kwietnia 2024r. uczniowie klasy 4a, bior\u0105c przyk\u0142ad ze starszych koleg\u00f3w i kole\u017canek, uczestniczyli w zaj\u0119ciach \u201eJak powstaje plotka?\u201d przeprowadzonych przez pani\u0105 Beat\u0119 Panasiewicz z Miejskiej Biblioteki Publicznej. W trakcie zaj\u0119\u0107 czwartoklasi\u015bci u\u015bwiadomili sobie, jak wypowiadane przez nas s\u0142owa mog\u0105 rani\u0107. Uczniowie doszli do wniosku, \u017ce tak jak kartki porwanej na drobne kawa\u0142ki nie da [&hellip;]<\/p>\n","protected":false},"author":4,"featured_media":0,"parent":2167,"menu_order":0,"comment_status":"closed","ping_status":"closed","template":"","meta":{"ngg_post_thumbnail":0,"footnotes":""},"class_list":["post-25697","page","type-page","status-publish","hentry"],"_links":{"self":[{"href":"https:\/\/sp1hrubieszow.pl\/index.php\/wp-json\/wp\/v2\/pages\/25697","targetHints":{"allow":["GET"]}}],"collection":[{"href":"https:\/\/sp1hrubieszow.pl\/index.php\/wp-json\/wp\/v2\/pages"}],"about":[{"href":"https:\/\/sp1hrubieszow.pl\/index.php\/wp-json\/wp\/v2\/types\/page"}],"author":[{"embeddable":true,"href":"https:\/\/sp1hrubieszow.pl\/index.php\/wp-json\/wp\/v2\/users\/4"}],"replies":[{"embeddable":true,"href":"https:\/\/sp1hrubieszow.pl\/index.php\/wp-json\/wp\/v2\/comments?post=25697"}],"version-history":[{"count":1,"href":"https:\/\/sp1hrubieszow.pl\/index.php\/wp-json\/wp\/v2\/pages\/25697\/revisions"}],"predecessor-version":[{"id":25698,"href":"https:\/\/sp1hrubieszow.pl\/index.php\/wp-json\/wp\/v2\/pages\/25697\/revisions\/25698"}],"up":[{"embeddable":true,"href":"https:\/\/sp1hrubieszow.pl\/index.php\/wp-json\/wp\/v2\/pages\/2167"}],"wp:attachment":[{"href":"https:\/\/sp1hrubieszow.pl\/index.php\/wp-json\/wp\/v2\/media?parent=25697"}],"curies":[{"name":"wp","href":"https:\/\/api.w.org\/{rel}","templated":true}]}}