{"id":25675,"date":"2024-04-30T12:14:22","date_gmt":"2024-04-30T10:14:22","guid":{"rendered":"https:\/\/sp1hrubieszow.pl\/?page_id=25675"},"modified":"2024-04-30T12:14:34","modified_gmt":"2024-04-30T10:14:34","slug":"rosyjskie-lamance-jezykowe","status":"publish","type":"page","link":"https:\/\/sp1hrubieszow.pl\/index.php\/kronika-2020-2021\/rosyjskie-lamance-jezykowe\/","title":{"rendered":"&#8222;Rosyjskie \u0142ama\u0144ce j\u0119zykowe&#8221;"},"content":{"rendered":"\n<p><span style=\"color: #000080;\">26.04.2024r. w Szkole Podstawowej Nr 1 w Hrubieszowie odby\u0142 si\u0119 konkurs j\u0119zykowy pt. &#8222;Rosyjskie \u0142ama\u0144ce j\u0119zykowe&#8221;. Uczniowie z klas 7 i 8 mieli za zadanie przeczyta\u0107 jeden wylosowany tekst, zachowuj\u0105c zasady poprawnej wymowy i akcentuacji rosyjskiej. Komisja konkursowa w sk\u0142adzie: p. Monika Anigacz, p. Ewa Filipowicz-Sidorczuk, p. Sylwia Wojak po wys\u0142uchaniu uczestnik\u00f3w przyzna\u0142a nast\u0119puj\u0105ce miejsca I miejsce: Lidia Grab kl. 7c II miejsce: Oliwia Jonak kl. 8a III miejsce: Jakub Lackowski kl. 7c. Wszyscy uczniowie otrzymali oceny bardzo dobre za udzia\u0142 w konkursie, ponadto laureaci trzech pierwszych miejsc drobne upominki, a tak\u017ce oceny celuj\u0105ce z j\u0119zyka rosyjskiego. Gratulujemy wszystkim uczestnikom konkursu i \u017cyczymy dalszych sukces\u00f3w w nauce j\u0119zyka rosyjskiego. Nauczyciele j\u0119zyka rosyjskiego <span class=\"x3nfvp2 x1j61x8r x1fcty0u xdj266r xhhsvwb xat24cr xgzva0m xxymvpz xlup9mm x1kky2od\"><img loading=\"lazy\" decoding=\"async\" class=\"xz74otr\" src=\"https:\/\/static.xx.fbcdn.net\/images\/emoji.php\/v9\/t7f\/1\/16\/1f60a.png\" alt=\"?\" width=\"16\" height=\"16\"><\/span><\/span><\/p>\nngg_shortcode_0_placeholder\n","protected":false},"excerpt":{"rendered":"<p>26.04.2024r. w Szkole Podstawowej Nr 1 w Hrubieszowie odby\u0142 si\u0119 konkurs j\u0119zykowy pt. &#8222;Rosyjskie \u0142ama\u0144ce j\u0119zykowe&#8221;. Uczniowie z klas 7 i 8 mieli za zadanie przeczyta\u0107 jeden wylosowany tekst, zachowuj\u0105c zasady poprawnej wymowy i akcentuacji rosyjskiej. Komisja konkursowa w sk\u0142adzie: p. Monika Anigacz, p. Ewa Filipowicz-Sidorczuk, p. Sylwia Wojak po wys\u0142uchaniu uczestnik\u00f3w przyzna\u0142a nast\u0119puj\u0105ce miejsca [&hellip;]<\/p>\n","protected":false},"author":2,"featured_media":0,"parent":5983,"menu_order":0,"comment_status":"closed","ping_status":"closed","template":"","meta":{"ngg_post_thumbnail":0,"footnotes":""},"class_list":["post-25675","page","type-page","status-publish","hentry"],"_links":{"self":[{"href":"https:\/\/sp1hrubieszow.pl\/index.php\/wp-json\/wp\/v2\/pages\/25675","targetHints":{"allow":["GET"]}}],"collection":[{"href":"https:\/\/sp1hrubieszow.pl\/index.php\/wp-json\/wp\/v2\/pages"}],"about":[{"href":"https:\/\/sp1hrubieszow.pl\/index.php\/wp-json\/wp\/v2\/types\/page"}],"author":[{"embeddable":true,"href":"https:\/\/sp1hrubieszow.pl\/index.php\/wp-json\/wp\/v2\/users\/2"}],"replies":[{"embeddable":true,"href":"https:\/\/sp1hrubieszow.pl\/index.php\/wp-json\/wp\/v2\/comments?post=25675"}],"version-history":[{"count":1,"href":"https:\/\/sp1hrubieszow.pl\/index.php\/wp-json\/wp\/v2\/pages\/25675\/revisions"}],"predecessor-version":[{"id":25676,"href":"https:\/\/sp1hrubieszow.pl\/index.php\/wp-json\/wp\/v2\/pages\/25675\/revisions\/25676"}],"up":[{"embeddable":true,"href":"https:\/\/sp1hrubieszow.pl\/index.php\/wp-json\/wp\/v2\/pages\/5983"}],"wp:attachment":[{"href":"https:\/\/sp1hrubieszow.pl\/index.php\/wp-json\/wp\/v2\/media?parent=25675"}],"curies":[{"name":"wp","href":"https:\/\/api.w.org\/{rel}","templated":true}]}}