{"id":25668,"date":"2024-04-29T19:31:17","date_gmt":"2024-04-29T17:31:17","guid":{"rendered":"https:\/\/sp1hrubieszow.pl\/?page_id=25668"},"modified":"2024-04-29T19:31:17","modified_gmt":"2024-04-29T17:31:17","slug":"rosyjskie-lamance-jezykowe","status":"publish","type":"page","link":"https:\/\/sp1hrubieszow.pl\/index.php\/kronika-2019-2020\/rosyjskie-lamance-jezykowe\/","title":{"rendered":"Rosyjskie \u0142ama\u0144ce j\u0119zykowe"},"content":{"rendered":"\n<p><span style=\"color: #000080;\">26.04.2024r. w Szkole Podstawowej Nr 1 w Hrubieszowie odby\u0142 si\u0119 konkurs j\u0119zykowy <br>pt. &#8222;Rosyjskie \u0142ama\u0144ce j\u0119zykowe&#8221;. Uczniowie z klas 7 i 8 mieli za zadanie przeczyta\u0107 jeden wylosowany tekst, zachowuj\u0105c zasady poprawnej wymowy i akcentuacji rosyjskiej. Komisja konkursowa w sk\u0142adzie: p. Monika Anigacz, p. Ewa Filipowicz-Sidorczuk, <br>p. Sylwia Wojak po wys\u0142uchaniu uczestnik\u00f3w przyzna\u0142a nast\u0119puj\u0105ce miejsca:<\/span><\/p>\n<p><span style=\"color: #000080;\">I miejsce: Lidia Grab kl. 7c<\/span><\/p>\n<p><span style=\"color: #000080;\">II miejsce: Oliwia Jonak kl. 8a<\/span><\/p>\n<p><span style=\"color: #000080;\">III miejsce: Jakub Lackowski kl. 7c.<\/span><\/p>\n<p><span style=\"color: #000080;\">Wszyscy uczniowie otrzymali oceny bardzo dobre za udzia\u0142 w konkursie, ponadto laureaci trzech pierwszych miejsc drobne upominki, a tak\u017ce oceny celuj\u0105ce z j\u0119zyka rosyjskiego. Gratulujemy wszystkim uczestnikom konkursu i \u017cyczymy dalszych sukces\u00f3w w nauce j\u0119zyka rosyjskiego.&nbsp;<\/span><\/p>\n<p><span style=\"color: #000080;\">Nauczyciele j\u0119zyka rosyjskiego&nbsp;<\/span><\/p>\nngg_shortcode_0_placeholder\n<p><span style=\"color: #000080;\">&nbsp;&nbsp;&nbsp;&nbsp;&nbsp;&nbsp;&nbsp;&nbsp;&nbsp;&nbsp;&nbsp;&nbsp;&nbsp;&nbsp;&nbsp;&nbsp;&nbsp;&nbsp;&nbsp;&nbsp;&nbsp;&nbsp;&nbsp;&nbsp;&nbsp;&nbsp;&nbsp;&nbsp;&nbsp;&nbsp;&nbsp;&nbsp;&nbsp;&nbsp;&nbsp;&nbsp;&nbsp;&nbsp;&nbsp;&nbsp;&nbsp;&nbsp;&nbsp;&nbsp;&nbsp;&nbsp;&nbsp;&nbsp;&nbsp;&nbsp;&nbsp;&nbsp;&nbsp;&nbsp;&nbsp;&nbsp;&nbsp;&nbsp;&nbsp;&nbsp;&nbsp;<\/span><\/p>\n","protected":false},"excerpt":{"rendered":"<p>26.04.2024r. w Szkole Podstawowej Nr 1 w Hrubieszowie odby\u0142 si\u0119 konkurs j\u0119zykowy pt. &#8222;Rosyjskie \u0142ama\u0144ce j\u0119zykowe&#8221;. Uczniowie z klas 7 i 8 mieli za zadanie przeczyta\u0107 jeden wylosowany tekst, zachowuj\u0105c zasady poprawnej wymowy i akcentuacji rosyjskiej. Komisja konkursowa w sk\u0142adzie: p. Monika Anigacz, p. Ewa Filipowicz-Sidorczuk, p. Sylwia Wojak po wys\u0142uchaniu uczestnik\u00f3w przyzna\u0142a nast\u0119puj\u0105ce miejsca: [&hellip;]<\/p>\n","protected":false},"author":4,"featured_media":0,"parent":2167,"menu_order":0,"comment_status":"closed","ping_status":"closed","template":"","meta":{"ngg_post_thumbnail":0,"footnotes":""},"class_list":["post-25668","page","type-page","status-publish","hentry"],"_links":{"self":[{"href":"https:\/\/sp1hrubieszow.pl\/index.php\/wp-json\/wp\/v2\/pages\/25668","targetHints":{"allow":["GET"]}}],"collection":[{"href":"https:\/\/sp1hrubieszow.pl\/index.php\/wp-json\/wp\/v2\/pages"}],"about":[{"href":"https:\/\/sp1hrubieszow.pl\/index.php\/wp-json\/wp\/v2\/types\/page"}],"author":[{"embeddable":true,"href":"https:\/\/sp1hrubieszow.pl\/index.php\/wp-json\/wp\/v2\/users\/4"}],"replies":[{"embeddable":true,"href":"https:\/\/sp1hrubieszow.pl\/index.php\/wp-json\/wp\/v2\/comments?post=25668"}],"version-history":[{"count":1,"href":"https:\/\/sp1hrubieszow.pl\/index.php\/wp-json\/wp\/v2\/pages\/25668\/revisions"}],"predecessor-version":[{"id":25669,"href":"https:\/\/sp1hrubieszow.pl\/index.php\/wp-json\/wp\/v2\/pages\/25668\/revisions\/25669"}],"up":[{"embeddable":true,"href":"https:\/\/sp1hrubieszow.pl\/index.php\/wp-json\/wp\/v2\/pages\/2167"}],"wp:attachment":[{"href":"https:\/\/sp1hrubieszow.pl\/index.php\/wp-json\/wp\/v2\/media?parent=25668"}],"curies":[{"name":"wp","href":"https:\/\/api.w.org\/{rel}","templated":true}]}}