{"id":25624,"date":"2024-04-29T17:36:38","date_gmt":"2024-04-29T15:36:38","guid":{"rendered":"https:\/\/sp1hrubieszow.pl\/?page_id=25624"},"modified":"2024-04-29T17:36:38","modified_gmt":"2024-04-29T15:36:38","slug":"znamy-rady-na-odpady","status":"publish","type":"page","link":"https:\/\/sp1hrubieszow.pl\/index.php\/kronika-2019-2020\/znamy-rady-na-odpady\/","title":{"rendered":"Znamy rady na odpady"},"content":{"rendered":"\n<p><span style=\"color: #000080;\">24.04.2024r. pierwszoklasi\u015bci uczestniczyli w spotkaniu z pracownikami PGKiM <br>w Hrubieszowie. Uczniowie dowiedzieli si\u0119, jak prawid\u0142owo segregowa\u0107 odpady, <br>jak dzia\u0142a oczyszczalnia \u015bciek\u00f3w oraz czym nie mo\u017cna pali\u0107 w piecach. Nie zabrak\u0142o pomys\u0142\u00f3w dotycz\u0105cych dbania o \u015brodowisko. Podsumowaniem spotkania by\u0142 quiz ekologiczny. Na zako\u0144czenie uczniowie otrzymali od Pa\u0144 prowadz\u0105cych drobne upominki za ekologiczn\u0105 postaw\u0119.<\/span><\/p>\nngg_shortcode_0_placeholder\n","protected":false},"excerpt":{"rendered":"<p>24.04.2024r. pierwszoklasi\u015bci uczestniczyli w spotkaniu z pracownikami PGKiM w Hrubieszowie. Uczniowie dowiedzieli si\u0119, jak prawid\u0142owo segregowa\u0107 odpady, jak dzia\u0142a oczyszczalnia \u015bciek\u00f3w oraz czym nie mo\u017cna pali\u0107 w piecach. Nie zabrak\u0142o pomys\u0142\u00f3w dotycz\u0105cych dbania o \u015brodowisko. Podsumowaniem spotkania by\u0142 quiz ekologiczny. Na zako\u0144czenie uczniowie otrzymali od Pa\u0144 prowadz\u0105cych drobne upominki za ekologiczn\u0105 postaw\u0119.<\/p>\n","protected":false},"author":4,"featured_media":0,"parent":2167,"menu_order":0,"comment_status":"closed","ping_status":"closed","template":"","meta":{"ngg_post_thumbnail":0,"footnotes":""},"class_list":["post-25624","page","type-page","status-publish","hentry"],"_links":{"self":[{"href":"https:\/\/sp1hrubieszow.pl\/index.php\/wp-json\/wp\/v2\/pages\/25624","targetHints":{"allow":["GET"]}}],"collection":[{"href":"https:\/\/sp1hrubieszow.pl\/index.php\/wp-json\/wp\/v2\/pages"}],"about":[{"href":"https:\/\/sp1hrubieszow.pl\/index.php\/wp-json\/wp\/v2\/types\/page"}],"author":[{"embeddable":true,"href":"https:\/\/sp1hrubieszow.pl\/index.php\/wp-json\/wp\/v2\/users\/4"}],"replies":[{"embeddable":true,"href":"https:\/\/sp1hrubieszow.pl\/index.php\/wp-json\/wp\/v2\/comments?post=25624"}],"version-history":[{"count":1,"href":"https:\/\/sp1hrubieszow.pl\/index.php\/wp-json\/wp\/v2\/pages\/25624\/revisions"}],"predecessor-version":[{"id":25625,"href":"https:\/\/sp1hrubieszow.pl\/index.php\/wp-json\/wp\/v2\/pages\/25624\/revisions\/25625"}],"up":[{"embeddable":true,"href":"https:\/\/sp1hrubieszow.pl\/index.php\/wp-json\/wp\/v2\/pages\/2167"}],"wp:attachment":[{"href":"https:\/\/sp1hrubieszow.pl\/index.php\/wp-json\/wp\/v2\/media?parent=25624"}],"curies":[{"name":"wp","href":"https:\/\/api.w.org\/{rel}","templated":true}]}}