{"id":25591,"date":"2024-04-25T18:12:40","date_gmt":"2024-04-25T16:12:40","guid":{"rendered":"https:\/\/sp1hrubieszow.pl\/?page_id=25591"},"modified":"2024-04-25T18:13:02","modified_gmt":"2024-04-25T16:13:02","slug":"robotyka-i-programowanie","status":"publish","type":"page","link":"https:\/\/sp1hrubieszow.pl\/index.php\/kronika-2020-2021\/robotyka-i-programowanie\/","title":{"rendered":"ROBOTYKA I PROGRAMOWANIE"},"content":{"rendered":"\n<div dir=\"auto\"><span style=\"color: #000080;\">W bie\u017c\u0105cym roku szkolnym w naszej szkole realizowana jest Innowacja Pedagogiczna ROBOTYKA I PROGRAMOWANIE.<\/span><\/div>\n<div dir=\"auto\"><span style=\"color: #000080;\">Innowacja ma na celu szerzenie idei programowania z wykorzystaniem klock\u00f3w LEGO. Uczniowie podczas zaj\u0119\u0107 ucz\u0105 si\u0119 budowy i programowania robot\u00f3w, rozwijaj\u0105 umiej\u0119tno\u015b\u0107 logicznego my\u015blenia, wyobra\u017ani\u0119 przestrzenn\u0105 oraz koordynacj\u0119 wzrokowo ruchow\u0105. Kszta\u0142tuj\u0105 umiej\u0119tno\u015b\u0107 pracy w grupie, kreatywnego rozwi\u0105zywania problem\u00f3w oraz komunikowania si\u0119 w zespole.<\/span><\/div>\n<div dir=\"auto\" style=\"text-align: right;\"><span style=\"color: #000080;\">Monika Jako\u015b-W\u00f3r<\/span><\/div>\n<div dir=\"auto\" style=\"text-align: right;\"><span style=\"color: #000080;\">Edyta Miller-Wiatrowska<\/span><\/div>\n<div dir=\"auto\" style=\"text-align: right;\"><span style=\"color: #000080;\">Anna Suwa\u0142a<\/span><\/div>\n<div dir=\"auto\">\nngg_shortcode_0_placeholder\n<\/div>\n","protected":false},"excerpt":{"rendered":"<p>W bie\u017c\u0105cym roku szkolnym w naszej szkole realizowana jest Innowacja Pedagogiczna ROBOTYKA I PROGRAMOWANIE. Innowacja ma na celu szerzenie idei programowania z wykorzystaniem klock\u00f3w LEGO. Uczniowie podczas zaj\u0119\u0107 ucz\u0105 si\u0119 budowy i programowania robot\u00f3w, rozwijaj\u0105 umiej\u0119tno\u015b\u0107 logicznego my\u015blenia, wyobra\u017ani\u0119 przestrzenn\u0105 oraz koordynacj\u0119 wzrokowo ruchow\u0105. Kszta\u0142tuj\u0105 umiej\u0119tno\u015b\u0107 pracy w grupie, kreatywnego rozwi\u0105zywania problem\u00f3w oraz komunikowania si\u0119 [&hellip;]<\/p>\n","protected":false},"author":2,"featured_media":0,"parent":5983,"menu_order":0,"comment_status":"closed","ping_status":"closed","template":"","meta":{"ngg_post_thumbnail":0,"footnotes":""},"class_list":["post-25591","page","type-page","status-publish","hentry"],"_links":{"self":[{"href":"https:\/\/sp1hrubieszow.pl\/index.php\/wp-json\/wp\/v2\/pages\/25591","targetHints":{"allow":["GET"]}}],"collection":[{"href":"https:\/\/sp1hrubieszow.pl\/index.php\/wp-json\/wp\/v2\/pages"}],"about":[{"href":"https:\/\/sp1hrubieszow.pl\/index.php\/wp-json\/wp\/v2\/types\/page"}],"author":[{"embeddable":true,"href":"https:\/\/sp1hrubieszow.pl\/index.php\/wp-json\/wp\/v2\/users\/2"}],"replies":[{"embeddable":true,"href":"https:\/\/sp1hrubieszow.pl\/index.php\/wp-json\/wp\/v2\/comments?post=25591"}],"version-history":[{"count":1,"href":"https:\/\/sp1hrubieszow.pl\/index.php\/wp-json\/wp\/v2\/pages\/25591\/revisions"}],"predecessor-version":[{"id":25592,"href":"https:\/\/sp1hrubieszow.pl\/index.php\/wp-json\/wp\/v2\/pages\/25591\/revisions\/25592"}],"up":[{"embeddable":true,"href":"https:\/\/sp1hrubieszow.pl\/index.php\/wp-json\/wp\/v2\/pages\/5983"}],"wp:attachment":[{"href":"https:\/\/sp1hrubieszow.pl\/index.php\/wp-json\/wp\/v2\/media?parent=25591"}],"curies":[{"name":"wp","href":"https:\/\/api.w.org\/{rel}","templated":true}]}}