{"id":25535,"date":"2024-04-23T20:21:33","date_gmt":"2024-04-23T18:21:33","guid":{"rendered":"https:\/\/sp1hrubieszow.pl\/?page_id=25535"},"modified":"2024-04-23T20:22:06","modified_gmt":"2024-04-23T18:22:06","slug":"laczy-nas-pamiec","status":"publish","type":"page","link":"https:\/\/sp1hrubieszow.pl\/index.php\/kronika-2020-2021\/laczy-nas-pamiec\/","title":{"rendered":"\u0141\u0104CZY NAS PAMI\u0118\u0106"},"content":{"rendered":"\n\n\n<div class=\"xdj266r x11i5rnm xat24cr x1mh8g0r x1vvkbs x126k92a\">\n<div dir=\"auto\"><span style=\"font-size: 1rem; color: #000080;\">19 kwietnia Szko\u0142a Podstawowa Nr 1 wzi\u0119\u0142a udzia\u0142 w dwunastej edycji akcji spo\u0142eczno-edukacyjnej \u017bonkile upami\u0119tniaj\u0105cej 81. rocznic\u0119 wybuchu powstania w getcie warszawskim.<\/span><\/div>\n<\/div>\n<div class=\"x11i5rnm xat24cr x1mh8g0r x1vvkbs xtlvy1s x126k92a\">\n<div dir=\"auto\"><span style=\"color: #000080;\">Podczas tej inicjatywy, znanej jako akcja \u017bonkile wolontariusze rozdawali uczniom oraz pracownikom szko\u0142y \u017c\u00f3\u0142te \u017conkile, symbol solidarno\u015bci i pami\u0119ci. Nauczyciele organizowali zaj\u0119cia na temat historii getta warszawskiego oraz wsp\u00f3\u0142czesnych wyzwa\u0144 zwi\u0105zanych z tolerancj\u0105 i r\u00f3\u017cnorodno\u015bci\u0105, wykorzystuj\u0105c materia\u0142y przygotowane przez zesp\u00f3\u0142 Muzeum Polin.<\/span><\/div>\n<\/div>\n<div class=\"x11i5rnm xat24cr x1mh8g0r x1vvkbs xtlvy1s x126k92a\">\n<div dir=\"auto\"><span style=\"color: #000080;\">Akcja \u017bonkile nie tylko mia\u0142a na celu upami\u0119tnienie tragicznych wydarze\u0144 z przesz\u0142o\u015bci, ale tak\u017ce zainspirowanie do refleksji nad znaczeniem pami\u0119ci historycznej i znaczeniem solidarno\u015bci w dzisiejszym spo\u0142ecze\u0144stwie. Stanowi ona wyraz determinacji, by nie zapomnie\u0107 o bohaterach przesz\u0142o\u015bci i budowa\u0107 lepsz\u0105 przysz\u0142o\u015b\u0107 opart\u0105 na szacunku, empatii i wsp\u00f3\u0142pracy.<\/span><\/div>\n<\/div>\n<div class=\"x11i5rnm xat24cr x1mh8g0r x1vvkbs xtlvy1s x126k92a\">\n<div dir=\"auto\"><span style=\"color: #000080;\">Dzi\u0119kujemy p. Arlecie Kowalskiej, p. Ewie Filipowicz &#8211; Sidorczuk za zaanga\u017cowanie oraz wysi\u0142ek w przygotowaniu \u017conkili oraz p. Marcie Lackowskiej, p. Annie Czernysz za przeprowadzenie lekcji w ramach akcji \u017bonkile. Opiekunowie SKW Anna Karkuszewska, Ma\u0142gorzata Greszeta.<\/span><\/div>\n<div dir=\"auto\">\nngg_shortcode_0_placeholder\n<\/div>\n<\/div>\n","protected":false},"excerpt":{"rendered":"<p>19 kwietnia Szko\u0142a Podstawowa Nr 1 wzi\u0119\u0142a udzia\u0142 w dwunastej edycji akcji spo\u0142eczno-edukacyjnej \u017bonkile upami\u0119tniaj\u0105cej 81. rocznic\u0119 wybuchu powstania w getcie warszawskim. Podczas tej inicjatywy, znanej jako akcja \u017bonkile wolontariusze rozdawali uczniom oraz pracownikom szko\u0142y \u017c\u00f3\u0142te \u017conkile, symbol solidarno\u015bci i pami\u0119ci. Nauczyciele organizowali zaj\u0119cia na temat historii getta warszawskiego oraz wsp\u00f3\u0142czesnych wyzwa\u0144 zwi\u0105zanych z tolerancj\u0105 [&hellip;]<\/p>\n","protected":false},"author":2,"featured_media":0,"parent":5983,"menu_order":0,"comment_status":"closed","ping_status":"closed","template":"","meta":{"ngg_post_thumbnail":0,"footnotes":""},"class_list":["post-25535","page","type-page","status-publish","hentry"],"_links":{"self":[{"href":"https:\/\/sp1hrubieszow.pl\/index.php\/wp-json\/wp\/v2\/pages\/25535","targetHints":{"allow":["GET"]}}],"collection":[{"href":"https:\/\/sp1hrubieszow.pl\/index.php\/wp-json\/wp\/v2\/pages"}],"about":[{"href":"https:\/\/sp1hrubieszow.pl\/index.php\/wp-json\/wp\/v2\/types\/page"}],"author":[{"embeddable":true,"href":"https:\/\/sp1hrubieszow.pl\/index.php\/wp-json\/wp\/v2\/users\/2"}],"replies":[{"embeddable":true,"href":"https:\/\/sp1hrubieszow.pl\/index.php\/wp-json\/wp\/v2\/comments?post=25535"}],"version-history":[{"count":1,"href":"https:\/\/sp1hrubieszow.pl\/index.php\/wp-json\/wp\/v2\/pages\/25535\/revisions"}],"predecessor-version":[{"id":25536,"href":"https:\/\/sp1hrubieszow.pl\/index.php\/wp-json\/wp\/v2\/pages\/25535\/revisions\/25536"}],"up":[{"embeddable":true,"href":"https:\/\/sp1hrubieszow.pl\/index.php\/wp-json\/wp\/v2\/pages\/5983"}],"wp:attachment":[{"href":"https:\/\/sp1hrubieszow.pl\/index.php\/wp-json\/wp\/v2\/media?parent=25535"}],"curies":[{"name":"wp","href":"https:\/\/api.w.org\/{rel}","templated":true}]}}