{"id":25511,"date":"2024-04-17T17:02:57","date_gmt":"2024-04-17T15:02:57","guid":{"rendered":"https:\/\/sp1hrubieszow.pl\/?page_id=25511"},"modified":"2024-04-17T17:03:10","modified_gmt":"2024-04-17T15:03:10","slug":"konkurs-historyczny-chrzest-polski-poczatek-naszych-dziejow","status":"publish","type":"page","link":"https:\/\/sp1hrubieszow.pl\/index.php\/kronika-2020-2021\/konkurs-historyczny-chrzest-polski-poczatek-naszych-dziejow\/","title":{"rendered":"Konkurs Historyczny \u201eChrzest Polski \u2013 pocz\u0105tek naszych dziej\u00f3w\u201d"},"content":{"rendered":"\n\n\n<p><span style=\"color: #000080;\">12 kwietnia 2024 roku w naszej szkole odby\u0142 si\u0119 Konkurs Historyczny \u201eChrzest Polski \u2013 pocz\u0105tek naszych dziej\u00f3w\u201d. Reprezentanci poszczeg\u00f3lnych klas mieli za zadanie napisa\u0107 notatk\u0119 o pocz\u0105tkach pa\u0144stwa polskiego. Ka\u017cda grupa otrzyma\u0142a ilustracje, mapki i has\u0142a, kt\u00f3re nale\u017ca\u0142o wykorzysta\u0107 w swojej pracy. Komisja konkursowa, oceniaj\u0105c prac\u0119, bra\u0142a pod uwag\u0119 poprawno\u015b\u0107 merytoryczn\u0105, ortograficzn\u0105, interpunkcyjn\u0105, a tak\u017ce estetyk\u0119. Nagrodzono nast\u0119puj\u0105ce osoby:<\/span><\/p>\n<p><span style=\"color: #000080;\">I miejsce \u2013 Aleksandra Paczos i Wiktoria Ha\u0142asa z klasy 5a<\/span><\/p>\n<p><span style=\"color: #000080;\">II miejsce \u2013 Nikola Szwiec i Nikola Podg\u00f3rska z klasy 6c<\/span><\/p>\n<p><span style=\"color: #000080;\">III miejsce \u2013 Maja Klimkowska i Aleksandra Pa\u0142ys z klasy 6a<\/span><\/p>\n<p><span style=\"color: #000080;\">Wyr\u00f3\u017cnienia:<\/span><\/p>\n<p><span style=\"color: #000080;\">Jagoda Szczepanik i Karolina Banach z klasy 4a<\/span><\/p>\n<p><span style=\"color: #000080;\">Lidia Grab i Dawid Ka\u0144ski z klasy 7c<\/span><\/p>\n<p><span style=\"color: #000080;\">Izabela Jankowska i Micha\u0142 Grzeszczuk z klasy 8a<\/span><\/p>\nngg_shortcode_0_placeholder\n","protected":false},"excerpt":{"rendered":"<p>12 kwietnia 2024 roku w naszej szkole odby\u0142 si\u0119 Konkurs Historyczny \u201eChrzest Polski \u2013 pocz\u0105tek naszych dziej\u00f3w\u201d. Reprezentanci poszczeg\u00f3lnych klas mieli za zadanie napisa\u0107 notatk\u0119 o pocz\u0105tkach pa\u0144stwa polskiego. Ka\u017cda grupa otrzyma\u0142a ilustracje, mapki i has\u0142a, kt\u00f3re nale\u017ca\u0142o wykorzysta\u0107 w swojej pracy. Komisja konkursowa, oceniaj\u0105c prac\u0119, bra\u0142a pod uwag\u0119 poprawno\u015b\u0107 merytoryczn\u0105, ortograficzn\u0105, interpunkcyjn\u0105, a tak\u017ce [&hellip;]<\/p>\n","protected":false},"author":2,"featured_media":0,"parent":5983,"menu_order":0,"comment_status":"closed","ping_status":"closed","template":"","meta":{"ngg_post_thumbnail":0,"footnotes":""},"class_list":["post-25511","page","type-page","status-publish","hentry"],"_links":{"self":[{"href":"https:\/\/sp1hrubieszow.pl\/index.php\/wp-json\/wp\/v2\/pages\/25511","targetHints":{"allow":["GET"]}}],"collection":[{"href":"https:\/\/sp1hrubieszow.pl\/index.php\/wp-json\/wp\/v2\/pages"}],"about":[{"href":"https:\/\/sp1hrubieszow.pl\/index.php\/wp-json\/wp\/v2\/types\/page"}],"author":[{"embeddable":true,"href":"https:\/\/sp1hrubieszow.pl\/index.php\/wp-json\/wp\/v2\/users\/2"}],"replies":[{"embeddable":true,"href":"https:\/\/sp1hrubieszow.pl\/index.php\/wp-json\/wp\/v2\/comments?post=25511"}],"version-history":[{"count":1,"href":"https:\/\/sp1hrubieszow.pl\/index.php\/wp-json\/wp\/v2\/pages\/25511\/revisions"}],"predecessor-version":[{"id":25512,"href":"https:\/\/sp1hrubieszow.pl\/index.php\/wp-json\/wp\/v2\/pages\/25511\/revisions\/25512"}],"up":[{"embeddable":true,"href":"https:\/\/sp1hrubieszow.pl\/index.php\/wp-json\/wp\/v2\/pages\/5983"}],"wp:attachment":[{"href":"https:\/\/sp1hrubieszow.pl\/index.php\/wp-json\/wp\/v2\/media?parent=25511"}],"curies":[{"name":"wp","href":"https:\/\/api.w.org\/{rel}","templated":true}]}}