{"id":25499,"date":"2024-04-17T16:44:49","date_gmt":"2024-04-17T14:44:49","guid":{"rendered":"https:\/\/sp1hrubieszow.pl\/?page_id=25499"},"modified":"2024-04-17T16:45:06","modified_gmt":"2024-04-17T14:45:06","slug":"nie-ranie-slowem","status":"publish","type":"page","link":"https:\/\/sp1hrubieszow.pl\/index.php\/kronika-2020-2021\/nie-ranie-slowem\/","title":{"rendered":"&#8222;Nie rani\u0119 s\u0142owem&#8221;"},"content":{"rendered":"\n\n\n<div dir=\"auto\"><span style=\"color: #000080;\">17 kwietnia uczniowie klasy 6b (wzoruj\u0105c si\u0119 na kolegach i kole\u017cankach z klasy 6c) uczestniczyli w zaj\u0119ciach &#8222;Jak powstaje plotka?&#8221; w <span class=\"xt0psk2\">Miejskiej Bibliotece Publicznej &#8211; Hrubieszowskie Centrum Dziedzictwa<\/span>. Podstaw\u0105 do rozmowy o plotce by\u0142 tekst \u201eJab\u0142ka pana Peabody\u2019ego\u201d. W grupach uczniowie dyskutowali na temat: &#8222;Dlaczego ludzie m\u00f3wi\u0105 nieprawd\u0119?&#8221; Wsp\u00f3lnie ustalono Kodeks post\u0119powania: &#8222;Nie rani\u0119 s\u0142owem&#8221;. Kodeks ten zawi\u015bnie w sali lekcyjnej i b\u0119dzie przypomina\u0142 o zaj\u0119ciach oraz o ustalonych zasadach. Na koniec spotkania m\u0142odzie\u017c gra\u0142a w gr\u0119 &#8222;20 sekund. Chellenge&#8221;, co wywo\u0142a\u0142o wiele rado\u015bci i entuzjazmu.<\/span><\/div>\n<div dir=\"auto\"><span style=\"color: #000080;\">Serdecznie dzi\u0119kujemy pani <span class=\"xt0psk2\">Beacie Panasiewicz<\/span> za przeprowadzone zaj\u0119cia i z nadziej\u0105 oczekujemy kolejnych spotka\u0144.<\/span><\/div>\n<div dir=\"auto\"><span style=\"color: #000080;\">Marta Lackowska<\/span><\/div>\n<div dir=\"auto\">\nngg_shortcode_0_placeholder\n<\/div>\n\n\n","protected":false},"excerpt":{"rendered":"<p>17 kwietnia uczniowie klasy 6b (wzoruj\u0105c si\u0119 na kolegach i kole\u017cankach z klasy 6c) uczestniczyli w zaj\u0119ciach &#8222;Jak powstaje plotka?&#8221; w Miejskiej Bibliotece Publicznej &#8211; Hrubieszowskie Centrum Dziedzictwa. Podstaw\u0105 do rozmowy o plotce by\u0142 tekst \u201eJab\u0142ka pana Peabody\u2019ego\u201d. W grupach uczniowie dyskutowali na temat: &#8222;Dlaczego ludzie m\u00f3wi\u0105 nieprawd\u0119?&#8221; Wsp\u00f3lnie ustalono Kodeks post\u0119powania: &#8222;Nie rani\u0119 s\u0142owem&#8221;. [&hellip;]<\/p>\n","protected":false},"author":2,"featured_media":0,"parent":5983,"menu_order":0,"comment_status":"closed","ping_status":"closed","template":"","meta":{"ngg_post_thumbnail":0,"footnotes":""},"class_list":["post-25499","page","type-page","status-publish","hentry"],"_links":{"self":[{"href":"https:\/\/sp1hrubieszow.pl\/index.php\/wp-json\/wp\/v2\/pages\/25499","targetHints":{"allow":["GET"]}}],"collection":[{"href":"https:\/\/sp1hrubieszow.pl\/index.php\/wp-json\/wp\/v2\/pages"}],"about":[{"href":"https:\/\/sp1hrubieszow.pl\/index.php\/wp-json\/wp\/v2\/types\/page"}],"author":[{"embeddable":true,"href":"https:\/\/sp1hrubieszow.pl\/index.php\/wp-json\/wp\/v2\/users\/2"}],"replies":[{"embeddable":true,"href":"https:\/\/sp1hrubieszow.pl\/index.php\/wp-json\/wp\/v2\/comments?post=25499"}],"version-history":[{"count":1,"href":"https:\/\/sp1hrubieszow.pl\/index.php\/wp-json\/wp\/v2\/pages\/25499\/revisions"}],"predecessor-version":[{"id":25500,"href":"https:\/\/sp1hrubieszow.pl\/index.php\/wp-json\/wp\/v2\/pages\/25499\/revisions\/25500"}],"up":[{"embeddable":true,"href":"https:\/\/sp1hrubieszow.pl\/index.php\/wp-json\/wp\/v2\/pages\/5983"}],"wp:attachment":[{"href":"https:\/\/sp1hrubieszow.pl\/index.php\/wp-json\/wp\/v2\/media?parent=25499"}],"curies":[{"name":"wp","href":"https:\/\/api.w.org\/{rel}","templated":true}]}}