{"id":25470,"date":"2024-04-17T16:36:53","date_gmt":"2024-04-17T14:36:53","guid":{"rendered":"https:\/\/sp1hrubieszow.pl\/?page_id=25470"},"modified":"2024-04-17T16:37:31","modified_gmt":"2024-04-17T14:37:31","slug":"zajecia-z-pierwszej-pomocy-w-klasie-6c","status":"publish","type":"page","link":"https:\/\/sp1hrubieszow.pl\/index.php\/kronika-2020-2021\/zajecia-z-pierwszej-pomocy-w-klasie-6c\/","title":{"rendered":"Zaj\u0119cia z pierwszej pomocy w klasie 6c"},"content":{"rendered":"\n<div dir=\"auto\"><span style=\"color: #000080;\">16 kwietnia kolejna klasa 6 uczestniczy\u0142a w zaj\u0119ciach z zakresu udzielania pierwszej pomocy. Spotkanie prowadzili stra\u017cacy z Ochotnicza Stra\u017c Po\u017carna w Hrubieszowie, podczas kt\u00f3rych uczniowie 6c mieli mo\u017cliwo\u015b\u0107 przygotowa\u0107 si\u0119 do w\u0142a\u015bciwego i szybkiego reagowania w sytuacji zagro\u017cenia \u017cycia lub zdrowia.<\/span><\/div>\n<div dir=\"auto\"><span style=\"color: #000080;\">Monika Jako\u015b-W\u00f3r<\/span><\/div>\n<div dir=\"auto\">\nngg_shortcode_0_placeholder\n<\/div>\n","protected":false},"excerpt":{"rendered":"<p>16 kwietnia kolejna klasa 6 uczestniczy\u0142a w zaj\u0119ciach z zakresu udzielania pierwszej pomocy. Spotkanie prowadzili stra\u017cacy z Ochotnicza Stra\u017c Po\u017carna w Hrubieszowie, podczas kt\u00f3rych uczniowie 6c mieli mo\u017cliwo\u015b\u0107 przygotowa\u0107 si\u0119 do w\u0142a\u015bciwego i szybkiego reagowania w sytuacji zagro\u017cenia \u017cycia lub zdrowia. Monika Jako\u015b-W\u00f3r<\/p>\n","protected":false},"author":2,"featured_media":0,"parent":5983,"menu_order":0,"comment_status":"closed","ping_status":"closed","template":"","meta":{"ngg_post_thumbnail":0,"footnotes":""},"class_list":["post-25470","page","type-page","status-publish","hentry"],"_links":{"self":[{"href":"https:\/\/sp1hrubieszow.pl\/index.php\/wp-json\/wp\/v2\/pages\/25470","targetHints":{"allow":["GET"]}}],"collection":[{"href":"https:\/\/sp1hrubieszow.pl\/index.php\/wp-json\/wp\/v2\/pages"}],"about":[{"href":"https:\/\/sp1hrubieszow.pl\/index.php\/wp-json\/wp\/v2\/types\/page"}],"author":[{"embeddable":true,"href":"https:\/\/sp1hrubieszow.pl\/index.php\/wp-json\/wp\/v2\/users\/2"}],"replies":[{"embeddable":true,"href":"https:\/\/sp1hrubieszow.pl\/index.php\/wp-json\/wp\/v2\/comments?post=25470"}],"version-history":[{"count":1,"href":"https:\/\/sp1hrubieszow.pl\/index.php\/wp-json\/wp\/v2\/pages\/25470\/revisions"}],"predecessor-version":[{"id":25471,"href":"https:\/\/sp1hrubieszow.pl\/index.php\/wp-json\/wp\/v2\/pages\/25470\/revisions\/25471"}],"up":[{"embeddable":true,"href":"https:\/\/sp1hrubieszow.pl\/index.php\/wp-json\/wp\/v2\/pages\/5983"}],"wp:attachment":[{"href":"https:\/\/sp1hrubieszow.pl\/index.php\/wp-json\/wp\/v2\/media?parent=25470"}],"curies":[{"name":"wp","href":"https:\/\/api.w.org\/{rel}","templated":true}]}}