{"id":25454,"date":"2024-04-15T18:22:59","date_gmt":"2024-04-15T16:22:59","guid":{"rendered":"https:\/\/sp1hrubieszow.pl\/?page_id=25454"},"modified":"2024-04-15T18:23:56","modified_gmt":"2024-04-15T16:23:56","slug":"lektura-na-wieszaku-2","status":"publish","type":"page","link":"https:\/\/sp1hrubieszow.pl\/index.php\/kronika-2020-2021\/lektura-na-wieszaku-2\/","title":{"rendered":"Lektura na wieszaku"},"content":{"rendered":"\n\n\n<p style=\"text-align: left;\"><span style=\"color: #000080;\">Uczniowie klasy 6b w ramach lekcji po\u015bwi\u0119conych ksi\u0105\u017cce &#8222;Opium w rosole&#8221; wykonali prace &#8211; lektura na wieszaku. U\u017cyli wieszaka, sznureczk\u00f3w oraz karteczek, aby zebra\u0107 najwa\u017cniejsze informacje o powie\u015bci i jej autorce Ma\u0142gorzacie Musierowicz. Jest to ciekawa metoda aktywizuj\u0105ca oraz nietypowy spos\u00f3b na lektur\u0119. Wieszak sta\u0142 si\u0119 mobilnym kompendium wiedzy, a uczniowie wykazali si\u0119 wiedz\u0105 i pomys\u0142owo\u015bci\u0105.<\/span><\/p>\n<p style=\"text-align: right;\"><span style=\"color: #000080;\">Marta Lackowska<\/span><\/p>\nngg_shortcode_0_placeholder\n<p>&nbsp;<\/p>\n","protected":false},"excerpt":{"rendered":"<p>Uczniowie klasy 6b w ramach lekcji po\u015bwi\u0119conych ksi\u0105\u017cce &#8222;Opium w rosole&#8221; wykonali prace &#8211; lektura na wieszaku. U\u017cyli wieszaka, sznureczk\u00f3w oraz karteczek, aby zebra\u0107 najwa\u017cniejsze informacje o powie\u015bci i jej autorce Ma\u0142gorzacie Musierowicz. Jest to ciekawa metoda aktywizuj\u0105ca oraz nietypowy spos\u00f3b na lektur\u0119. Wieszak sta\u0142 si\u0119 mobilnym kompendium wiedzy, a uczniowie wykazali si\u0119 wiedz\u0105 i [&hellip;]<\/p>\n","protected":false},"author":2,"featured_media":0,"parent":5983,"menu_order":0,"comment_status":"closed","ping_status":"closed","template":"","meta":{"ngg_post_thumbnail":0,"footnotes":""},"class_list":["post-25454","page","type-page","status-publish","hentry"],"_links":{"self":[{"href":"https:\/\/sp1hrubieszow.pl\/index.php\/wp-json\/wp\/v2\/pages\/25454","targetHints":{"allow":["GET"]}}],"collection":[{"href":"https:\/\/sp1hrubieszow.pl\/index.php\/wp-json\/wp\/v2\/pages"}],"about":[{"href":"https:\/\/sp1hrubieszow.pl\/index.php\/wp-json\/wp\/v2\/types\/page"}],"author":[{"embeddable":true,"href":"https:\/\/sp1hrubieszow.pl\/index.php\/wp-json\/wp\/v2\/users\/2"}],"replies":[{"embeddable":true,"href":"https:\/\/sp1hrubieszow.pl\/index.php\/wp-json\/wp\/v2\/comments?post=25454"}],"version-history":[{"count":1,"href":"https:\/\/sp1hrubieszow.pl\/index.php\/wp-json\/wp\/v2\/pages\/25454\/revisions"}],"predecessor-version":[{"id":25455,"href":"https:\/\/sp1hrubieszow.pl\/index.php\/wp-json\/wp\/v2\/pages\/25454\/revisions\/25455"}],"up":[{"embeddable":true,"href":"https:\/\/sp1hrubieszow.pl\/index.php\/wp-json\/wp\/v2\/pages\/5983"}],"wp:attachment":[{"href":"https:\/\/sp1hrubieszow.pl\/index.php\/wp-json\/wp\/v2\/media?parent=25454"}],"curies":[{"name":"wp","href":"https:\/\/api.w.org\/{rel}","templated":true}]}}