{"id":25427,"date":"2024-04-12T17:27:54","date_gmt":"2024-04-12T15:27:54","guid":{"rendered":"https:\/\/sp1hrubieszow.pl\/?page_id=25427"},"modified":"2024-04-12T17:27:54","modified_gmt":"2024-04-12T15:27:54","slug":"swieto-liczby-pi","status":"publish","type":"page","link":"https:\/\/sp1hrubieszow.pl\/index.php\/kronika-2019-2020\/swieto-liczby-pi\/","title":{"rendered":"\u015aWI\u0118TO LICZBY PI"},"content":{"rendered":"\n<p style=\"text-align: left;\"><span style=\"color: #000080;\"><strong>&nbsp;<\/strong><\/span><\/p>\n<p style=\"text-align: left;\"><span style=\"color: #000080;\">14 marca 2024 r. obchodzili\u015bmy Mi\u0119dzynarodowy Dzie\u0144 Liczby Pi. Data ta podyktowana jest przez 3 pierwsze cyfry przybli\u017cenia liczby \u03c0: 3,14\u2026 Liczba pi jest sta\u0142\u0105 matematyczn\u0105 wyra\u017caj\u0105c\u0105 stosunek obwodu ko\u0142a do d\u0142ugo\u015bci jego \u015brednicy. Fascynuje ludzko\u015b\u0107 <br>ju\u017c od czas\u00f3w staro\u017cytno\u015bci. Od 2019 roku jest tak\u017ce \u015awi\u0119tem Kr\u00f3lowej Nauk \u2013 matematyki.<\/span><\/p>\n<p style=\"text-align: left;\"><span style=\"color: #000080;\">W naszej szkole tak\u017ce obchodzili\u015bmy to \u015bwi\u0119to. Na korytarzach pojawi\u0142y si\u0119 portrety s\u0142ynnych matematyk\u00f3w z kr\u00f3tk\u0105 charakterystyk\u0105 ich osi\u0105gni\u0119\u0107. Uczniowie rozwi\u0105zywali krzy\u017c\u00f3wki matematyczne, rysowali miasto Pi na niebie, brali udzia\u0142 w sztafetach zadaniowych, rysowali i&nbsp;kolorowali symetryczne potworki. Niekt\u00f3rzy uczniowie wzi\u0119li udzia\u0142 w \u201eZabawie s\u0142owami\u201d \u2013 konkursie polegaj\u0105cym na u\u0142o\u017ceniu sensownego zdania (zda\u0144), kt\u00f3re sk\u0142ada\u0142o si\u0119 z wyraz\u00f3w zawieraj\u0105cych liczb\u0119 liter wyznaczon\u0105 przez <br>liczb\u0119 Pi.<\/span><\/p>\n<p style=\"text-align: left;\"><span style=\"color: #000080;\">W konkursie <strong>I miejsce<\/strong> zaj\u0119\u0142a Paula Wilczy\u0144ska z kl. 6a, <strong>II miejsce<\/strong> \u2013 Mateusz Bodnar <br>kl. 8a, <strong>III miejsce<\/strong> \u2013 Dawid Kornaszewski kl. 4b. <strong>Wyr\u00f3\u017cnienia<\/strong> otrzymali: Pawe\u0142 Kudrel <br>i Jan B\u0142aszczy\u0144ski kl. 4b i Miko\u0142aj \u0141opa\u0142o kl. 5c. To by\u0142o nie lada wyzwanie. Wszystkim uczniom dzi\u0119kujemy za udzia\u0142 w konkursie. Gratulujemy pomys\u0142owo\u015bci i wytrwa\u0142o\u015bci. \u017byczymy kolejnych sukces\u00f3w.<\/span><\/p>\n<p style=\"text-align: left;\"><span style=\"color: #000080;\">ALA I POLA Z \u0141ODZI<\/span><br><span style=\"color: #000080;\">MIESZKAJ\u0104 ZA STARYM LASEM.<\/span><br><span style=\"color: #000080;\">ALE TOMEK, STEFANIA, AGNIESZKA, TOBIASZ <\/span><br><span style=\"color: #000080;\">MIESZKAJ\u0104 TU\u017b ZA TYM OSIEDLEM <\/span><br><span style=\"color: #000080;\">PRZY SZKOLE.<\/span><br><span style=\"color: #000080;\">&nbsp;&nbsp;&nbsp;&nbsp;&nbsp;&nbsp;&nbsp;&nbsp;&nbsp;&nbsp;&nbsp;&nbsp;&nbsp;&nbsp;&nbsp;&nbsp;&nbsp;&nbsp;&nbsp;&nbsp;&nbsp;&nbsp;&nbsp;&nbsp;&nbsp;&nbsp;&nbsp;&nbsp;&nbsp;&nbsp;&nbsp;&nbsp;&nbsp;&nbsp;&nbsp;&nbsp;&nbsp;&nbsp;&nbsp;&nbsp;&nbsp;&nbsp;&nbsp;&nbsp;&nbsp;&nbsp;&nbsp;&nbsp;&nbsp;&nbsp;&nbsp;&nbsp;&nbsp;&nbsp;&nbsp;&nbsp; <em>Miko\u0142aj \u0141opa\u0142o kl. 5c<\/em><\/span><\/p>\n<p style=\"text-align: left;\">&nbsp;<\/p>\n<p style=\"text-align: left;\"><span style=\"color: #000080;\">EWA I LEON W DOMKU MIESZKAJ\u0104 .<\/span><\/p>\n<p style=\"text-align: left;\"><span style=\"color: #000080;\">TU ZAWSZE RAZEM NAD RZEK\u0118 CHADZAJ\u0104.<\/span><\/p>\n<p style=\"text-align: left;\"><span style=\"color: #000080;\">W\u0118DKARSKA SZARADA WSPANIALE DNI IM TAM ZAPE\u0141NIA.<\/span><\/p>\n<p style=\"text-align: left;\"><span style=\"color: #000080;\">SZUM WIATRU TU PANUJE.<\/span><\/p>\n<p style=\"text-align: left;\"><span style=\"color: #000080;\">CZYM LOS ICH WYMALUJE?<\/span><\/p>\n<p style=\"text-align: left;\"><span style=\"color: #000080;\"><em>&nbsp;&nbsp;&nbsp;&nbsp;&nbsp;&nbsp;&nbsp;&nbsp;&nbsp;&nbsp;&nbsp;&nbsp;&nbsp;&nbsp;&nbsp;&nbsp;&nbsp;&nbsp;&nbsp;&nbsp;&nbsp;&nbsp;&nbsp;&nbsp;&nbsp;&nbsp;&nbsp;&nbsp;&nbsp;&nbsp;&nbsp;&nbsp;&nbsp;&nbsp;&nbsp;&nbsp;&nbsp;&nbsp;&nbsp;&nbsp;&nbsp;&nbsp;&nbsp;&nbsp;&nbsp;&nbsp;&nbsp;&nbsp;&nbsp;&nbsp;&nbsp;&nbsp;&nbsp;&nbsp;&nbsp;&nbsp;&nbsp;&nbsp;&nbsp; Mateusz Bodnar kl. 8a<\/em><\/span><\/p>\n<p style=\"text-align: left;\">&nbsp;<\/p>\n<p style=\"text-align: left;\"><span style=\"color: #000080;\">ONA I MNIE I TOBIE,<\/span><\/p>\n<p style=\"text-align: left;\"><span style=\"color: #000080;\">POZNAWANA TU LICZBA CUDNA DLA OG\u00d3\u0141U,<\/span><\/p>\n<p style=\"text-align: left;\"><span style=\"color: #000080;\">PRZYNOSI WSZYSTKIM PO\u017bYTEK WSPANIA\u0141Y TAK,<\/span><\/p>\n<p style=\"text-align: left;\"><span style=\"color: #000080;\">BO ONA NAUCZONA JEST LICZY\u0106.<\/span><\/p>\n<p style=\"text-align: left;\"><span style=\"color: #000080;\"><em>&nbsp;&nbsp;&nbsp;&nbsp;&nbsp;&nbsp;&nbsp;&nbsp;&nbsp;&nbsp;&nbsp;&nbsp;&nbsp;&nbsp;&nbsp;&nbsp;&nbsp;&nbsp;&nbsp;&nbsp;&nbsp;&nbsp;&nbsp;&nbsp;&nbsp;&nbsp;&nbsp;&nbsp;&nbsp;&nbsp;&nbsp;&nbsp;&nbsp;&nbsp;&nbsp;&nbsp;&nbsp;&nbsp;&nbsp;&nbsp;&nbsp;&nbsp;&nbsp;&nbsp;&nbsp;&nbsp;&nbsp;&nbsp;&nbsp;&nbsp;&nbsp;&nbsp;&nbsp;&nbsp;&nbsp;&nbsp;&nbsp;&nbsp;&nbsp;&nbsp;&nbsp;&nbsp;&nbsp;&nbsp;&nbsp;&nbsp;&nbsp;&nbsp;&nbsp;&nbsp;&nbsp;&nbsp;&nbsp; Pawe\u0142 Kudrel kl. 4b<\/em><\/span><\/p>\n<p style=\"text-align: left;\">&nbsp;<\/p>\n<p style=\"text-align: left;\"><span style=\"color: #000080;\">JAK Z G\u00d3RY I ZIEMI POPATRZE\u0106 NA \u015aWIATA BLASK,<\/span><\/p>\n<p style=\"text-align: left;\"><span style=\"color: #000080;\">TAK LUDZI POZNACIE TAJEMNICE SZALONE.<\/span><\/p>\n<p style=\"text-align: left;\"><span style=\"color: #000080;\">MATEMATYK SI\u0118 NA NIE SPOGL\u0104DA OSPALE.<\/span><\/p>\n<p style=\"text-align: left;\"><span style=\"color: #000080;\"><em>&nbsp;&nbsp;&nbsp;&nbsp;&nbsp;&nbsp;&nbsp;&nbsp;&nbsp; &nbsp;&nbsp;&nbsp;&nbsp;&nbsp;&nbsp;&nbsp;&nbsp;&nbsp;&nbsp;&nbsp;&nbsp;&nbsp;&nbsp;&nbsp;&nbsp;&nbsp;&nbsp;&nbsp;&nbsp;&nbsp;&nbsp;&nbsp;&nbsp;&nbsp;&nbsp;&nbsp;&nbsp;&nbsp;&nbsp;&nbsp;&nbsp;&nbsp;&nbsp;&nbsp;&nbsp;&nbsp;&nbsp;&nbsp;&nbsp;&nbsp;&nbsp;&nbsp;&nbsp;&nbsp;&nbsp;&nbsp;&nbsp;&nbsp;&nbsp;&nbsp;&nbsp;&nbsp;&nbsp;&nbsp;&nbsp;&nbsp;&nbsp;Dawid Kornaszewski kl. 4b<\/em><\/span><\/p>\n<p style=\"text-align: left;\">&nbsp;<\/p>\n<p style=\"text-align: left;\">&nbsp;<\/p>\n<p style=\"text-align: left;\"><span style=\"color: #000080;\">KIA I FIAT, I VOLVO SPRZEDANE NA AUKCJI<\/span><\/p>\n<p style=\"text-align: left;\"><span style=\"color: #000080;\">MOG\u0141Y BY\u0106 WARTE WIELKIEJ, GWIEZDNEJ FORTUNY.<\/span><\/p>\n<p style=\"text-align: left;\"><span style=\"color: #000080;\">WYGL\u0104DA\u0141Y TAK, \u017bE OKO ZBIELA\u0141O MOIM WIDZOM.<\/span><\/p>\n<p style=\"text-align: left;\"><span style=\"color: #000080;\"><em>&nbsp;&nbsp;&nbsp;&nbsp;&nbsp;&nbsp;&nbsp;&nbsp;&nbsp;&nbsp;&nbsp;&nbsp;&nbsp;&nbsp;&nbsp;&nbsp;&nbsp;&nbsp;&nbsp;&nbsp;&nbsp;&nbsp;&nbsp;&nbsp;&nbsp;&nbsp;&nbsp;&nbsp;&nbsp;&nbsp;&nbsp;&nbsp;&nbsp;&nbsp;&nbsp;&nbsp;&nbsp;&nbsp;&nbsp;&nbsp; &nbsp;&nbsp;&nbsp;&nbsp;&nbsp;&nbsp;&nbsp;&nbsp;&nbsp;&nbsp;&nbsp;&nbsp;&nbsp;&nbsp;&nbsp;&nbsp;&nbsp;&nbsp;&nbsp;&nbsp;Jan B\u0142aszczy\u0144ski kl. 4b<\/em><\/span><\/p>\n<p style=\"text-align: left;\">&nbsp;<\/p>\n<p style=\"text-align: left;\"><span style=\"color: #000080;\">GDY W DOMU Z CA\u0141YM ZNAWSTWEM DO KSI\u0118GI SIADA, <\/span><\/p>\n<p style=\"text-align: left;\"><span style=\"color: #000080;\">GDY NAUKI TAJNIK\u00d3W TAJEMNNO\u015a\u0106 ODKRYWA.<\/span><\/p>\n<p style=\"text-align: left;\"><span style=\"color: #000080;\">ZNAJOMO\u015a\u0106 OWA KU TEJ M\u0104DRO\u015aCI KA\u017bE SI\u0118GA\u0106.<\/span><\/p>\n<p style=\"text-align: left;\"><span style=\"color: #000080;\"><em>&nbsp;&nbsp;&nbsp;&nbsp;&nbsp;&nbsp;&nbsp;&nbsp;&nbsp;&nbsp;&nbsp;&nbsp;&nbsp;&nbsp;&nbsp;&nbsp;&nbsp;&nbsp;&nbsp;&nbsp;&nbsp;&nbsp;&nbsp;&nbsp;&nbsp;&nbsp;&nbsp;&nbsp;&nbsp;&nbsp;&nbsp;&nbsp;&nbsp;&nbsp;&nbsp;&nbsp;&nbsp;&nbsp;&nbsp;&nbsp;&nbsp;&nbsp;&nbsp;&nbsp;&nbsp;&nbsp;&nbsp;&nbsp;&nbsp;&nbsp;&nbsp;&nbsp;&nbsp;&nbsp;&nbsp;&nbsp;&nbsp;&nbsp;&nbsp;&nbsp;&nbsp;&nbsp;&nbsp;&nbsp;&nbsp;&nbsp;&nbsp;&nbsp;&nbsp;&nbsp;&nbsp; Paula Wilczy\u0144ska kl. 6a<\/em><\/span><\/p>\nngg_shortcode_0_placeholder\n","protected":false},"excerpt":{"rendered":"<p>&nbsp; 14 marca 2024 r. obchodzili\u015bmy Mi\u0119dzynarodowy Dzie\u0144 Liczby Pi. Data ta podyktowana jest przez 3 pierwsze cyfry przybli\u017cenia liczby \u03c0: 3,14\u2026 Liczba pi jest sta\u0142\u0105 matematyczn\u0105 wyra\u017caj\u0105c\u0105 stosunek obwodu ko\u0142a do d\u0142ugo\u015bci jego \u015brednicy. Fascynuje ludzko\u015b\u0107 ju\u017c od czas\u00f3w staro\u017cytno\u015bci. Od 2019 roku jest tak\u017ce \u015awi\u0119tem Kr\u00f3lowej Nauk \u2013 matematyki. W naszej szkole tak\u017ce [&hellip;]<\/p>\n","protected":false},"author":4,"featured_media":0,"parent":2167,"menu_order":0,"comment_status":"closed","ping_status":"closed","template":"","meta":{"ngg_post_thumbnail":0,"footnotes":""},"class_list":["post-25427","page","type-page","status-publish","hentry"],"_links":{"self":[{"href":"https:\/\/sp1hrubieszow.pl\/index.php\/wp-json\/wp\/v2\/pages\/25427","targetHints":{"allow":["GET"]}}],"collection":[{"href":"https:\/\/sp1hrubieszow.pl\/index.php\/wp-json\/wp\/v2\/pages"}],"about":[{"href":"https:\/\/sp1hrubieszow.pl\/index.php\/wp-json\/wp\/v2\/types\/page"}],"author":[{"embeddable":true,"href":"https:\/\/sp1hrubieszow.pl\/index.php\/wp-json\/wp\/v2\/users\/4"}],"replies":[{"embeddable":true,"href":"https:\/\/sp1hrubieszow.pl\/index.php\/wp-json\/wp\/v2\/comments?post=25427"}],"version-history":[{"count":2,"href":"https:\/\/sp1hrubieszow.pl\/index.php\/wp-json\/wp\/v2\/pages\/25427\/revisions"}],"predecessor-version":[{"id":25429,"href":"https:\/\/sp1hrubieszow.pl\/index.php\/wp-json\/wp\/v2\/pages\/25427\/revisions\/25429"}],"up":[{"embeddable":true,"href":"https:\/\/sp1hrubieszow.pl\/index.php\/wp-json\/wp\/v2\/pages\/2167"}],"wp:attachment":[{"href":"https:\/\/sp1hrubieszow.pl\/index.php\/wp-json\/wp\/v2\/media?parent=25427"}],"curies":[{"name":"wp","href":"https:\/\/api.w.org\/{rel}","templated":true}]}}