{"id":2541,"date":"2019-10-28T20:00:01","date_gmt":"2019-10-28T19:00:01","guid":{"rendered":"http:\/\/sp1.hrubieszow.info\/?page_id=2541"},"modified":"2019-10-28T20:08:27","modified_gmt":"2019-10-28T19:08:27","slug":"xix-dzien-papieski","status":"publish","type":"page","link":"https:\/\/sp1hrubieszow.pl\/index.php\/kronika-2019-2020\/xix-dzien-papieski\/","title":{"rendered":"XIX DZIE\u0143 PAPIESKI"},"content":{"rendered":"\n<p align=\"JUSTIFY\"><span style=\"font-family: Arial, sans-serif; color: #000080;\"><span style=\"font-size: medium;\">Dnia 23 pa\u017adziernika 2019r. odby\u0142 si\u0119 w naszej szkole wieczorek poetycki tw\u00f3rczo\u015bci Jana Paw\u0142a II po\u015bwi\u0119cony obchodom XIX Dnia Papieskiego, kt\u00f3rego tegoroczne has\u0142o brzmia\u0142o: \u201eWsta\u0144cie, chod\u017amy!\u201d. Uczennice z klas: 6c, 7a, 8b i 8c \u2013 bior\u0105ce udzia\u0142 w akademii przybli\u017cy\u0142y s\u0142uchaczom niekt\u00f3re z utwor\u00f3w naszego wielkiego rodaka &#8211; \u015awi\u0119tego Jana Paw\u0142a II. W nastrojowej atmosferze i przy blasku \u015bwiec pop\u0142yn\u0119\u0142y s\u0142owa Papie\u017ca, nawi\u0105zuj\u0105ce do r\u00f3\u017cnych etap\u00f3w jego \u017cycia.<\/span><\/span><\/p>\n<p align=\"JUSTIFY\"><span style=\"font-family: Arial, sans-serif; color: #000080;\"><span style=\"font-size: medium;\">Na zako\u0144czenie spotkania zosta\u0142y wr\u0119czone nagrody za konkurs literacki polegaj\u0105cy na napisaniu wiersza o \u015awi\u0119tym Janie Pawle II. Spo\u015br\u00f3d prac, kt\u00f3re wp\u0142yn\u0119\u0142y komisja konkursowa wy\u0142oni\u0142a nast\u0119puj\u0105cych laureat\u00f3w:<\/span><\/span><\/p>\n<p align=\"JUSTIFY\"><span style=\"font-family: Arial, sans-serif; color: #000080;\"><span style=\"font-size: medium;\">I miejsce \u2013 Marcin Lackowski kl. 4a<\/span><\/span><\/p>\n<p align=\"JUSTIFY\"><span style=\"font-family: Arial, sans-serif; color: #000080;\"><span style=\"font-size: medium;\">II miejsce \u2013 Nicolla Jaworska kl. 6d<\/span><\/span><\/p>\n<p align=\"JUSTIFY\"><span style=\"font-family: Arial, sans-serif; color: #000080;\"><span style=\"font-size: medium;\">III miejsce \u2013 Dominika Zezula kl. 6b<\/span><\/span><\/p>\n<p align=\"JUSTIFY\"><span style=\"font-family: Arial, sans-serif; color: #000080;\"><span style=\"font-size: medium;\">Wieczorek poetycki i organizacj\u0119 konkursu przeprowadzi\u0142y panie Agnieszka Ha\u0142asa i Monika Anigacz.<\/span><\/span><\/p>\nngg_shortcode_0_placeholder\n","protected":false},"excerpt":{"rendered":"<p>Dnia 23 pa\u017adziernika 2019r. odby\u0142 si\u0119 w naszej szkole wieczorek poetycki tw\u00f3rczo\u015bci Jana Paw\u0142a II po\u015bwi\u0119cony obchodom XIX Dnia Papieskiego, kt\u00f3rego tegoroczne has\u0142o brzmia\u0142o: \u201eWsta\u0144cie, chod\u017amy!\u201d. Uczennice z klas: 6c, 7a, 8b i 8c \u2013 bior\u0105ce udzia\u0142 w akademii przybli\u017cy\u0142y s\u0142uchaczom niekt\u00f3re z utwor\u00f3w naszego wielkiego rodaka &#8211; \u015awi\u0119tego Jana Paw\u0142a II. W nastrojowej atmosferze [&hellip;]<\/p>\n","protected":false},"author":2,"featured_media":0,"parent":2167,"menu_order":6,"comment_status":"closed","ping_status":"closed","template":"","meta":{"ngg_post_thumbnail":0,"footnotes":""},"class_list":["post-2541","page","type-page","status-publish","hentry"],"_links":{"self":[{"href":"https:\/\/sp1hrubieszow.pl\/index.php\/wp-json\/wp\/v2\/pages\/2541","targetHints":{"allow":["GET"]}}],"collection":[{"href":"https:\/\/sp1hrubieszow.pl\/index.php\/wp-json\/wp\/v2\/pages"}],"about":[{"href":"https:\/\/sp1hrubieszow.pl\/index.php\/wp-json\/wp\/v2\/types\/page"}],"author":[{"embeddable":true,"href":"https:\/\/sp1hrubieszow.pl\/index.php\/wp-json\/wp\/v2\/users\/2"}],"replies":[{"embeddable":true,"href":"https:\/\/sp1hrubieszow.pl\/index.php\/wp-json\/wp\/v2\/comments?post=2541"}],"version-history":[{"count":2,"href":"https:\/\/sp1hrubieszow.pl\/index.php\/wp-json\/wp\/v2\/pages\/2541\/revisions"}],"predecessor-version":[{"id":2543,"href":"https:\/\/sp1hrubieszow.pl\/index.php\/wp-json\/wp\/v2\/pages\/2541\/revisions\/2543"}],"up":[{"embeddable":true,"href":"https:\/\/sp1hrubieszow.pl\/index.php\/wp-json\/wp\/v2\/pages\/2167"}],"wp:attachment":[{"href":"https:\/\/sp1hrubieszow.pl\/index.php\/wp-json\/wp\/v2\/media?parent=2541"}],"curies":[{"name":"wp","href":"https:\/\/api.w.org\/{rel}","templated":true}]}}