{"id":25331,"date":"2024-04-07T15:31:31","date_gmt":"2024-04-07T13:31:31","guid":{"rendered":"https:\/\/sp1hrubieszow.pl\/?page_id=25331"},"modified":"2024-04-07T15:31:48","modified_gmt":"2024-04-07T13:31:48","slug":"klasyfikacja-na-najlepszego-sportowca-roku","status":"publish","type":"page","link":"https:\/\/sp1hrubieszow.pl\/index.php\/kronika-2020-2021\/klasyfikacja-na-najlepszego-sportowca-roku\/","title":{"rendered":"Klasyfikacja na Najlepszego Sportowca Roku"},"content":{"rendered":"\n<div class=\"xdj266r x11i5rnm xat24cr x1mh8g0r x1vvkbs x126k92a\">\n<div dir=\"auto\"><img loading=\"lazy\" decoding=\"async\" class=\"alignnone size-medium wp-image-25330 aligncenter\" src=\"http:\/\/sp1hrubieszow.pl\/wp-content\/uploads\/2024\/04\/sport24-300x297.jpg\" alt=\"\" width=\"300\" height=\"297\" srcset=\"https:\/\/sp1hrubieszow.pl\/wp-content\/uploads\/2024\/04\/sport24-300x297.jpg 300w, https:\/\/sp1hrubieszow.pl\/wp-content\/uploads\/2024\/04\/sport24-150x150.jpg 150w, https:\/\/sp1hrubieszow.pl\/wp-content\/uploads\/2024\/04\/sport24-624x619.jpg 624w, https:\/\/sp1hrubieszow.pl\/wp-content\/uploads\/2024\/04\/sport24.jpg 702w\" sizes=\"auto, (max-width: 300px) 100vw, 300px\" \/><\/div>\n<\/div>\n<div class=\"x11i5rnm xat24cr x1mh8g0r x1vvkbs xtlvy1s x126k92a\">\n<div dir=\"auto\"><span style=\"color: #000080;\">Ma\u0142ymi krokami zbli\u017camy si\u0119 do ko\u0144ca sportowego roku w naszej szkole. Za nami szereg zawod\u00f3w sportowych podczas kt\u00f3rych nasi uczniowie za udzia\u0142 w nich zdobywali punkty, natomiast jeszcze przed nami kilka imprez sportowych, wi\u0119c b\u0119dzie okazja do zdobywania punkt\u00f3w.<\/span><\/div>\n<\/div>\n<div class=\"x11i5rnm xat24cr x1mh8g0r x1vvkbs xtlvy1s x126k92a\">\n<div dir=\"auto\"><span style=\"color: #000080;\">Poni\u017cej klasyfikacja Najlepszych Sportowc\u00f3w Roku- stan na 05.04.2024r.<\/span><\/div>\n<\/div>\n<div class=\"x11i5rnm xat24cr x1mh8g0r x1vvkbs xtlvy1s x126k92a\">\n<div dir=\"auto\"><span style=\"color: #000080;\">1.Magdziak Maja 340 pkt.<\/span><\/div>\n<div dir=\"auto\"><span style=\"color: #000080;\">2.Czerkawski Miko\u0142aj 308<\/span><\/div>\n<div dir=\"auto\"><span style=\"color: #000080;\">3.Kornelia Mrozowska 304<\/span><\/div>\n<div dir=\"auto\"><span style=\"color: #000080;\">4.Anna Kie\u0142basa 267<\/span><\/div>\n<div dir=\"auto\"><span style=\"color: #000080;\">5.Kajetan Szewc 267<\/span><\/div>\n<div dir=\"auto\"><span style=\"color: #000080;\">6.Wojciech Malinowski 219<\/span><\/div>\n<div dir=\"auto\"><span style=\"color: #000080;\">7.Klimkowska Maja 216<\/span><\/div>\n<div dir=\"auto\"><span style=\"color: #000080;\">8.Wiktor Konopko 207<\/span><\/div>\n<div dir=\"auto\"><span style=\"color: #000080;\">9.Karolina Grzegorczyk 170<\/span><\/div>\n<div dir=\"auto\"><span style=\"color: #000080;\">10.Hanna Sidorczuk 159<\/span><\/div>\n<div dir=\"auto\"><span style=\"color: #000080;\">11.Bodnar Mateusz 152<\/span><\/div>\n<div dir=\"auto\"><span style=\"color: #000080;\">12.Iga Nowosad 151<\/span><\/div>\n<div dir=\"auto\"><span style=\"color: #000080;\">13.Kiszel Julia 151<\/span><\/div>\n<div dir=\"auto\"><span style=\"color: #000080;\">14.Zuzanna Peczak 138<\/span><\/div>\n<div dir=\"auto\"><span style=\"color: #000080;\">15.Pawlos Tomasz 125<\/span><\/div>\n<div dir=\"auto\"><span style=\"color: #000080;\">16.Jankowska Eva 121<\/span><\/div>\n<div dir=\"auto\"><span style=\"color: #000080;\">17.Karol Krajewski 117<\/span><\/div>\n<div dir=\"auto\"><span style=\"color: #000080;\">18.Lena Pilipczuk 115<\/span><\/div>\n<div dir=\"auto\"><span style=\"color: #000080;\">19.Anastazja Szczur 114<\/span><\/div>\n<div dir=\"auto\"><span style=\"color: #000080;\">20.Martyna Balcer 114<\/span><\/div>\n<div dir=\"auto\"><span style=\"color: #000080;\">21.Nikola Pietryna 113<\/span><\/div>\n<div dir=\"auto\"><span style=\"color: #000080;\">22.Lena Ho\u0142\u00f3wek 112<\/span><\/div>\n<div dir=\"auto\"><span style=\"color: #000080;\">23.Stepaniuk Maria 111<\/span><\/div>\n<div dir=\"auto\"><span style=\"color: #000080;\">24.Dominik Dubienko 103<\/span><\/div>\n<div dir=\"auto\"><span style=\"color: #000080;\">25.Jankowski Rafa\u0142 103<\/span><\/div>\n<\/div>\n","protected":false},"excerpt":{"rendered":"<p>Ma\u0142ymi krokami zbli\u017camy si\u0119 do ko\u0144ca sportowego roku w naszej szkole. Za nami szereg zawod\u00f3w sportowych podczas kt\u00f3rych nasi uczniowie za udzia\u0142 w nich zdobywali punkty, natomiast jeszcze przed nami kilka imprez sportowych, wi\u0119c b\u0119dzie okazja do zdobywania punkt\u00f3w. Poni\u017cej klasyfikacja Najlepszych Sportowc\u00f3w Roku- stan na 05.04.2024r. 1.Magdziak Maja 340 pkt. 2.Czerkawski Miko\u0142aj 308 3.Kornelia [&hellip;]<\/p>\n","protected":false},"author":2,"featured_media":0,"parent":5983,"menu_order":0,"comment_status":"closed","ping_status":"closed","template":"","meta":{"ngg_post_thumbnail":0,"footnotes":""},"class_list":["post-25331","page","type-page","status-publish","hentry"],"_links":{"self":[{"href":"https:\/\/sp1hrubieszow.pl\/index.php\/wp-json\/wp\/v2\/pages\/25331","targetHints":{"allow":["GET"]}}],"collection":[{"href":"https:\/\/sp1hrubieszow.pl\/index.php\/wp-json\/wp\/v2\/pages"}],"about":[{"href":"https:\/\/sp1hrubieszow.pl\/index.php\/wp-json\/wp\/v2\/types\/page"}],"author":[{"embeddable":true,"href":"https:\/\/sp1hrubieszow.pl\/index.php\/wp-json\/wp\/v2\/users\/2"}],"replies":[{"embeddable":true,"href":"https:\/\/sp1hrubieszow.pl\/index.php\/wp-json\/wp\/v2\/comments?post=25331"}],"version-history":[{"count":1,"href":"https:\/\/sp1hrubieszow.pl\/index.php\/wp-json\/wp\/v2\/pages\/25331\/revisions"}],"predecessor-version":[{"id":25332,"href":"https:\/\/sp1hrubieszow.pl\/index.php\/wp-json\/wp\/v2\/pages\/25331\/revisions\/25332"}],"up":[{"embeddable":true,"href":"https:\/\/sp1hrubieszow.pl\/index.php\/wp-json\/wp\/v2\/pages\/5983"}],"wp:attachment":[{"href":"https:\/\/sp1hrubieszow.pl\/index.php\/wp-json\/wp\/v2\/media?parent=25331"}],"curies":[{"name":"wp","href":"https:\/\/api.w.org\/{rel}","templated":true}]}}