{"id":25258,"date":"2024-04-07T15:17:58","date_gmt":"2024-04-07T13:17:58","guid":{"rendered":"https:\/\/sp1hrubieszow.pl\/?page_id=25258"},"modified":"2024-04-07T15:18:42","modified_gmt":"2024-04-07T13:18:42","slug":"podsumowanie-ogolnopolskiej-kampanii-zachowaj-trzezwy-umysl-za-rok-2023","status":"publish","type":"page","link":"https:\/\/sp1hrubieszow.pl\/index.php\/kronika-2020-2021\/podsumowanie-ogolnopolskiej-kampanii-zachowaj-trzezwy-umysl-za-rok-2023\/","title":{"rendered":"Podsumowanie og\u00f3lnopolskiej kampanii Zachowaj Trze\u017awy Umys\u0142 za rok 2023"},"content":{"rendered":"\n\n\n<p><span style=\"color: #000080;\">W dniu 04.04.2024r. w <span class=\"xt0psk2\">Miejskiej Bibliotece Publicznej- Hrubieszowskie Centrum Dziedzictwa<\/span> odby\u0142o si\u0119 uroczyste wr\u0119czenie nagr\u00f3d laureatom indywidualnych i zespo\u0142owych konkurs\u00f3w w ramach kampanii ZTU\u20192023, przebiegaj\u0105cej pod has\u0142em \u201eRosn\u0119 zdrowo\u201d. Uczniowie Szko\u0142y Podstawowej Nr 1 im. Boles\u0142awa Prusa odebrali nagrody wr\u0119czone przez Pani\u0105 Burmistrz <span class=\"xt0psk2\">Mart\u0119 Majewsk\u0105 &#8211; Burmistrz Miasta Hrubieszowa<\/span>. W indywidualnym konkursie plastyczno- literackim \u201eRosn\u0119 zdrowo\u201d wyr\u00f3\u017cnienia og\u00f3lnopolskie zdobyli uczniowie z klasy 3a: Gabriela Wojtiuk, Franciszek Socha, Pola Pachniewska, Jagoda Bazylewicz i Natalia Balcer (opiekun pani Ma\u0142gorzata Serafin) oraz Lena Ni\u017anikowska z klasy 5c ( opiekun pani Ewa Filipowicz-Sidorczuk). W og\u00f3lnopolskim konkursie zespo\u0142owym na najlepsze zdj\u0119cie o tematyce prozdrowotnej, nagrod\u0119 g\u0142\u00f3wn\u0105 w postaci projektora, odebrali przedstawiciele Szkolnego Ko\u0142a Wolontariatu (opiekunowie: pani Anna Karkuszewska i pani Ma\u0142gorzata Greszeta). Serdecznie gratulujemy nagrodzonym uczniom i ich opiekunom oraz zapraszamy do udzia\u0142u w kampanii ZTU\u20192024. Materia\u0142y edukacyjne oraz informacje o tegorocznych konkursach znajdziecie na gazetce \u015bciennej, umieszczonej pod sal\u0105 nr 3. Zapraszamy! Koordynatorzy ZTU w SP Nr 1: pedagodzy szkolni Marta Kuczy\u0144ska i Anna Karkuszewska<\/span><\/p>\n\n\n\nngg_shortcode_0_placeholder\n","protected":false},"excerpt":{"rendered":"<p>W dniu 04.04.2024r. w Miejskiej Bibliotece Publicznej- Hrubieszowskie Centrum Dziedzictwa odby\u0142o si\u0119 uroczyste wr\u0119czenie nagr\u00f3d laureatom indywidualnych i zespo\u0142owych konkurs\u00f3w w ramach kampanii ZTU\u20192023, przebiegaj\u0105cej pod has\u0142em \u201eRosn\u0119 zdrowo\u201d. Uczniowie Szko\u0142y Podstawowej Nr 1 im. Boles\u0142awa Prusa odebrali nagrody wr\u0119czone przez Pani\u0105 Burmistrz Mart\u0119 Majewsk\u0105 &#8211; Burmistrz Miasta Hrubieszowa. W indywidualnym konkursie plastyczno- literackim \u201eRosn\u0119 [&hellip;]<\/p>\n","protected":false},"author":2,"featured_media":0,"parent":5983,"menu_order":0,"comment_status":"closed","ping_status":"closed","template":"","meta":{"ngg_post_thumbnail":0,"footnotes":""},"class_list":["post-25258","page","type-page","status-publish","hentry"],"_links":{"self":[{"href":"https:\/\/sp1hrubieszow.pl\/index.php\/wp-json\/wp\/v2\/pages\/25258","targetHints":{"allow":["GET"]}}],"collection":[{"href":"https:\/\/sp1hrubieszow.pl\/index.php\/wp-json\/wp\/v2\/pages"}],"about":[{"href":"https:\/\/sp1hrubieszow.pl\/index.php\/wp-json\/wp\/v2\/types\/page"}],"author":[{"embeddable":true,"href":"https:\/\/sp1hrubieszow.pl\/index.php\/wp-json\/wp\/v2\/users\/2"}],"replies":[{"embeddable":true,"href":"https:\/\/sp1hrubieszow.pl\/index.php\/wp-json\/wp\/v2\/comments?post=25258"}],"version-history":[{"count":1,"href":"https:\/\/sp1hrubieszow.pl\/index.php\/wp-json\/wp\/v2\/pages\/25258\/revisions"}],"predecessor-version":[{"id":25259,"href":"https:\/\/sp1hrubieszow.pl\/index.php\/wp-json\/wp\/v2\/pages\/25258\/revisions\/25259"}],"up":[{"embeddable":true,"href":"https:\/\/sp1hrubieszow.pl\/index.php\/wp-json\/wp\/v2\/pages\/5983"}],"wp:attachment":[{"href":"https:\/\/sp1hrubieszow.pl\/index.php\/wp-json\/wp\/v2\/media?parent=25258"}],"curies":[{"name":"wp","href":"https:\/\/api.w.org\/{rel}","templated":true}]}}