{"id":25241,"date":"2024-04-04T21:49:47","date_gmt":"2024-04-04T19:49:47","guid":{"rendered":"https:\/\/sp1hrubieszow.pl\/?page_id=25241"},"modified":"2024-04-04T21:50:17","modified_gmt":"2024-04-04T19:50:17","slug":"pierwsza-pomoc","status":"publish","type":"page","link":"https:\/\/sp1hrubieszow.pl\/index.php\/kronika-2020-2021\/pierwsza-pomoc\/","title":{"rendered":"Pierwsza Pomoc"},"content":{"rendered":"\n\n\n<p><span style=\"color: #000080;\">03 kwietnia uczniowie klasy 6b uczestniczyli w zaj\u0119ciach z zakresu udzielania pierwszej pomocy. Spotkanie prowadzili stra\u017cacy z Ochotniczej Stra\u017cy Po\u017carnej w Hrubieszowie. Podczas zaj\u0119\u0107 uczniowie nie tylko mogli pos\u0142ucha\u0107 informacji zwi\u0105zanych z tym wa\u017cnym tematem, ale tak\u017ce mogli prze\u0107wiczy\u0107 najwa\u017cniejsze dzia\u0142ania, czyli resuscytacj\u0119 oraz uk\u0142adanie w pozycji bocznej bezpiecznej. To by\u0142a naprawd\u0119 po\u017cyteczna i ciekawa lekcja, poniewa\u017c zaj\u0119cia z pierwszej pomocy pozwalaj\u0105 przygotowa\u0107 si\u0119 do w\u0142a\u015bciwego i szybkiego reagowania w sytuacji zagro\u017cenia \u017cycia lub zdrowia.<\/span><\/p>\n<p style=\"text-align: right;\"><span style=\"color: #000080;\">Marta Lackowska<\/span><\/p>\nngg_shortcode_0_placeholder\n","protected":false},"excerpt":{"rendered":"<p>03 kwietnia uczniowie klasy 6b uczestniczyli w zaj\u0119ciach z zakresu udzielania pierwszej pomocy. Spotkanie prowadzili stra\u017cacy z Ochotniczej Stra\u017cy Po\u017carnej w Hrubieszowie. Podczas zaj\u0119\u0107 uczniowie nie tylko mogli pos\u0142ucha\u0107 informacji zwi\u0105zanych z tym wa\u017cnym tematem, ale tak\u017ce mogli prze\u0107wiczy\u0107 najwa\u017cniejsze dzia\u0142ania, czyli resuscytacj\u0119 oraz uk\u0142adanie w pozycji bocznej bezpiecznej. To by\u0142a naprawd\u0119 po\u017cyteczna i ciekawa [&hellip;]<\/p>\n","protected":false},"author":2,"featured_media":0,"parent":5983,"menu_order":0,"comment_status":"closed","ping_status":"closed","template":"","meta":{"ngg_post_thumbnail":0,"footnotes":""},"class_list":["post-25241","page","type-page","status-publish","hentry"],"_links":{"self":[{"href":"https:\/\/sp1hrubieszow.pl\/index.php\/wp-json\/wp\/v2\/pages\/25241","targetHints":{"allow":["GET"]}}],"collection":[{"href":"https:\/\/sp1hrubieszow.pl\/index.php\/wp-json\/wp\/v2\/pages"}],"about":[{"href":"https:\/\/sp1hrubieszow.pl\/index.php\/wp-json\/wp\/v2\/types\/page"}],"author":[{"embeddable":true,"href":"https:\/\/sp1hrubieszow.pl\/index.php\/wp-json\/wp\/v2\/users\/2"}],"replies":[{"embeddable":true,"href":"https:\/\/sp1hrubieszow.pl\/index.php\/wp-json\/wp\/v2\/comments?post=25241"}],"version-history":[{"count":1,"href":"https:\/\/sp1hrubieszow.pl\/index.php\/wp-json\/wp\/v2\/pages\/25241\/revisions"}],"predecessor-version":[{"id":25242,"href":"https:\/\/sp1hrubieszow.pl\/index.php\/wp-json\/wp\/v2\/pages\/25241\/revisions\/25242"}],"up":[{"embeddable":true,"href":"https:\/\/sp1hrubieszow.pl\/index.php\/wp-json\/wp\/v2\/pages\/5983"}],"wp:attachment":[{"href":"https:\/\/sp1hrubieszow.pl\/index.php\/wp-json\/wp\/v2\/media?parent=25241"}],"curies":[{"name":"wp","href":"https:\/\/api.w.org\/{rel}","templated":true}]}}