{"id":25216,"date":"2024-04-02T17:08:56","date_gmt":"2024-04-02T15:08:56","guid":{"rendered":"https:\/\/sp1hrubieszow.pl\/?page_id=25216"},"modified":"2024-04-02T17:09:34","modified_gmt":"2024-04-02T15:09:34","slug":"zadanie-certyfikacyjne-za-miesiac-marzec-lek-motywacja-dzien-mozgu-szkola-myslenia-pozytywnego-2-0","status":"publish","type":"page","link":"https:\/\/sp1hrubieszow.pl\/index.php\/kronika-2020-2021\/zadanie-certyfikacyjne-za-miesiac-marzec-lek-motywacja-dzien-mozgu-szkola-myslenia-pozytywnego-2-0\/","title":{"rendered":"Zadanie certyfikacyjne za miesi\u0105c marzec: L\u0119k, motywacja, Dzie\u0144 M\u00f3zgu Szko\u0142a My\u015blenia Pozytywnego 2.0."},"content":{"rendered":"\n<div class=\"x11i5rnm xat24cr x1mh8g0r x1vvkbs xtlvy1s x126k92a\">\n<div dir=\"auto\"><span style=\"color: #000080;\">W marcu, na zaproszenie <a class=\"x1i10hfl xjbqb8w x1ejq31n xd10rxx x1sy0etr x17r0tee x972fbf xcfux6l x1qhh985 xm0m39n x9f619 x1ypdohk xt0psk2 xe8uvvx xdj266r x11i5rnm xat24cr x1mh8g0r xexx8yu x4uap5 x18d9i69 xkhd6sd x16tdsg8 x1hl2dhg xggy1nq x1a2a7pz xt0b8zv x1fey0fg xo1l8bm\" style=\"color: #000080;\" tabindex=\"0\" role=\"link\" href=\"https:\/\/www.facebook.com\/instytutep?__cft__[0]=AZXALyJhfyZZGttwbeAIxXVE4xpwwt3x7f2NSGODzvk7aoItgq3z3Si_f6UhD6Ic_pAiNUK9r2p6vVLJOKHPu3nxO7MK5-LxCCWgEsjHTqJ3pTy9TlQ6tk1Vc7UMwtWkvpYTEfxx5DaSjFNKbKQfA49lWf4PBKd-z9sU1kXQ9XmZp1EIvLS5DYocvpy4GvbUVkk&amp;__tn__=-]K-R\"><span class=\"xt0psk2\">Instytut Edukacji Pozytywnej<\/span><\/a>, przyst\u0105pili\u015bmy do wykonywania kolejnego zadania certyfikacyjnego. W ramach wdra\u017cania w naszej szkole dzia\u0142a\u0144 profilaktycznych w zakresie ochrony zdrowia psychicznego dzieci i m\u0142odzie\u017cy, zaj\u0119li\u015bmy si\u0119 &#8222;oswajaniem l\u0119k\u00f3w&#8221; i czynili\u015bmy to w przyjaznej, zespo\u0142owej atmosferze. Uczniowie ogl\u0105dali filmy, tworzyli komiksy, mapy my\u015bli, rysunki tematyczne, kompozycje plastyczno-techniczne oraz koperty z gotowymi rozwi\u0105zaniami w przypadku pojawienia si\u0119 strachu i l\u0119ku. W ruch posz\u0142y gry planszowe i bajki terapeutyczne. Dodatkowo uczniowie rozmawiali o swoich sposobach na motywacj\u0119 a ramach &#8222;Dnia M\u00f3zgu&#8221; zastanawiali si\u0119 nad tym, jak dba\u0107 o sprawno\u015b\u0107 naszych m\u00f3zg\u00f3w na co dzie\u0144. Podczas zaj\u0119\u0107 wychowawczych i zaj\u0119\u0107 terapeutycznych wykorzystali\u015bmy scenariusze i materia\u0142y, dostarczone w ramach naszego udzia\u0142u w programie &#8222;Szko\u0142a My\u015blenia Pozytywnego 2.0&#8221;.<\/span><\/div>\n<div dir=\"auto\"><span style=\"color: #000080;\">W obchodach &#8222;Tygodnia M\u00f3zgu&#8221; i &#8222;Dnia M\u00f3zgu&#8221; bra\u0142a udzia\u0142 ca\u0142a spo\u0142eczno\u015b\u0107 szkolna, ozdabiaj\u0105c gazetki \u015bcienne i korytarze informacjami o tym w\u0142a\u015bnie \u015bwi\u0119cie. W wykonanie zadania certyfikacyjnego zaanga\u017cowa\u0142y si\u0119 nast\u0119puj\u0105ce klasy i grupy:<\/span><\/div>\n<div dir=\"auto\"><span style=\"color: #000080;\">Klasa 1a, wych. p. Katarzyna Sztuk<\/span><\/div>\n<div dir=\"auto\"><span style=\"color: #000080;\">Klasa 1c, wych. p. Marta Rutkowska<\/span><\/div>\n<div dir=\"auto\"><span style=\"color: #000080;\">Klasa 2b, wych. p. Renata Pacza\u0142a<\/span><\/div>\n<div dir=\"auto\"><span style=\"color: #000080;\">Klasa 3a, wych. p. Ma\u0142gorzata Serafin<\/span><\/div>\n<div dir=\"auto\"><span style=\"color: #000080;\">Klasa 3c, wych. p. Joanna Sawicka<\/span><\/div>\n<div dir=\"auto\"><span style=\"color: #000080;\">Klasa 4b, wych. p. Ma\u0142gorzata Szumiata<\/span><\/div>\n<div dir=\"auto\"><span style=\"color: #000080;\">Klasa 5c, wych. p. Justyna Przybik<\/span><\/div>\n<div dir=\"auto\"><span style=\"color: #000080;\">Klasa 6b, wych. p. Marta Lackowska<\/span><\/div>\n<div dir=\"auto\"><span style=\"color: #000080;\">Klasa 7c, wych. p. Anna Lewandowska<\/span><\/div>\n<div dir=\"auto\"><span style=\"color: #000080;\">Grupy terapeutyczne, opiekun p. Marta Kuczy\u0144ska<\/span><\/div>\n<\/div>\n<div class=\"x11i5rnm xat24cr x1mh8g0r x1vvkbs xtlvy1s x126k92a\">\n<div dir=\"auto\"><span style=\"color: #000080;\">Dzi\u0119kujemy za pi\u0119kne dzia\u0142ania na rzecz zdrowia psychicznego w miesi\u0105cu marcu i zapraszamy do udzia\u0142u w zadaniu na miesi\u0105c kwiecie\u0144 2024r.<\/span><\/div>\n<div dir=\"auto\"><span style=\"color: #000080;\">Szkolny koordynator SMP 2.0-Marta Kuczy\u0144ska<\/span><\/div>\n<div dir=\"auto\">\nngg_shortcode_0_placeholder\n<\/div>\n<\/div>\n","protected":false},"excerpt":{"rendered":"<p>W marcu, na zaproszenie Instytut Edukacji Pozytywnej, przyst\u0105pili\u015bmy do wykonywania kolejnego zadania certyfikacyjnego. W ramach wdra\u017cania w naszej szkole dzia\u0142a\u0144 profilaktycznych w zakresie ochrony zdrowia psychicznego dzieci i m\u0142odzie\u017cy, zaj\u0119li\u015bmy si\u0119 &#8222;oswajaniem l\u0119k\u00f3w&#8221; i czynili\u015bmy to w przyjaznej, zespo\u0142owej atmosferze. Uczniowie ogl\u0105dali filmy, tworzyli komiksy, mapy my\u015bli, rysunki tematyczne, kompozycje plastyczno-techniczne oraz koperty z gotowymi [&hellip;]<\/p>\n","protected":false},"author":2,"featured_media":0,"parent":5983,"menu_order":0,"comment_status":"closed","ping_status":"closed","template":"","meta":{"ngg_post_thumbnail":0,"footnotes":""},"class_list":["post-25216","page","type-page","status-publish","hentry"],"_links":{"self":[{"href":"https:\/\/sp1hrubieszow.pl\/index.php\/wp-json\/wp\/v2\/pages\/25216","targetHints":{"allow":["GET"]}}],"collection":[{"href":"https:\/\/sp1hrubieszow.pl\/index.php\/wp-json\/wp\/v2\/pages"}],"about":[{"href":"https:\/\/sp1hrubieszow.pl\/index.php\/wp-json\/wp\/v2\/types\/page"}],"author":[{"embeddable":true,"href":"https:\/\/sp1hrubieszow.pl\/index.php\/wp-json\/wp\/v2\/users\/2"}],"replies":[{"embeddable":true,"href":"https:\/\/sp1hrubieszow.pl\/index.php\/wp-json\/wp\/v2\/comments?post=25216"}],"version-history":[{"count":1,"href":"https:\/\/sp1hrubieszow.pl\/index.php\/wp-json\/wp\/v2\/pages\/25216\/revisions"}],"predecessor-version":[{"id":25217,"href":"https:\/\/sp1hrubieszow.pl\/index.php\/wp-json\/wp\/v2\/pages\/25216\/revisions\/25217"}],"up":[{"embeddable":true,"href":"https:\/\/sp1hrubieszow.pl\/index.php\/wp-json\/wp\/v2\/pages\/5983"}],"wp:attachment":[{"href":"https:\/\/sp1hrubieszow.pl\/index.php\/wp-json\/wp\/v2\/media?parent=25216"}],"curies":[{"name":"wp","href":"https:\/\/api.w.org\/{rel}","templated":true}]}}