{"id":25156,"date":"2024-04-02T16:15:37","date_gmt":"2024-04-02T14:15:37","guid":{"rendered":"https:\/\/sp1hrubieszow.pl\/?page_id=25156"},"modified":"2024-04-02T16:15:52","modified_gmt":"2024-04-02T14:15:52","slug":"gala-wolontariatu","status":"publish","type":"page","link":"https:\/\/sp1hrubieszow.pl\/index.php\/kronika-2020-2021\/gala-wolontariatu\/","title":{"rendered":"Gala Wolontariatu"},"content":{"rendered":"\n\n\n<div class=\"xdj266r x11i5rnm xat24cr x1mh8g0r x1vvkbs x126k92a\">\n<div dir=\"auto\"><span style=\"color: #000080;\">Dnia 20.03.2024 cz\u0142onkowie SKW wraz z opiekunami mieli zaszczyt uczestniczy\u0107 w Hrubieszowskiej Gali Wolontariatu organizowanej przez Pani\u0105 Burmistrz Mart\u0119 Majewsk\u0105.<\/span><\/div>\n<\/div>\n<div class=\"x11i5rnm xat24cr x1mh8g0r x1vvkbs xtlvy1s x126k92a\">\n<div dir=\"auto\"><span style=\"color: #000080;\">Obecno\u015b\u0107 na Gali sta\u0142a si\u0119 dla nas wielk\u0105 przyjemno\u015bci\u0105, gdy\u017c jest to moment podsumowania ca\u0142orocznej pracy hrubieszowskich Wolontariuszy. Spotkania takie s\u0105 niezwykle pouczaj\u0105ce; daj\u0105 okazj\u0119 do pochwalenia si\u0119 w\u0142asnymi dzia\u0142aniami i osi\u0105gni\u0119ciami oraz pozwalaj\u0105 na wymian\u0119 do\u015bwiadcze\u0144 pomi\u0119dzy Wolontariuszami, kt\u00f3rych spectrum dzia\u0142ania jest niezwykle szerokie.<\/span><\/div>\n<\/div>\n<div class=\"x11i5rnm xat24cr x1mh8g0r x1vvkbs xtlvy1s x126k92a\">\n<div dir=\"auto\"><span style=\"color: #000080;\">Gala pokazuje, \u017ce Wolontariusze realizuj\u0105 si\u0119 na r\u00f3\u017cnych polach wspomagania i pomagania; od wspierania ludzi potrzebuj\u0105cych do opieki nad bezdomnymi zwierz\u0119tami.<\/span><\/div>\n<\/div>\n<div class=\"x11i5rnm xat24cr x1mh8g0r x1vvkbs xtlvy1s x126k92a\">\n<div dir=\"auto\"><span style=\"color: #000080;\">Nam by\u0142o szczeg\u00f3lnie mi\u0142o, gdy\u017c w tym roku jako Szkolne Ko\u0142o Wolontariatu zostali\u015bmy uhonorowani pi\u0119kn\u0105 statuetk\u0105 potwierdzaj\u0105c\u0105 uznanie dla naszej organizacji.<\/span><\/div>\n<\/div>\n<div class=\"x11i5rnm xat24cr x1mh8g0r x1vvkbs xtlvy1s x126k92a\">\n<div dir=\"auto\"><span style=\"color: #000080;\">Mieli\u015bmy zatem okazj\u0119 pochwali\u0107 si\u0119 r\u00f3wnie\u017c tytu\u0142em Laureata w Og\u00f3lnopolskim Konkursie ZTU, w kt\u00f3rym doceniono nasze konkursowe zdj\u0119cie pod has\u0142em \u201eW zdrowym ciele, zdrowy duch\u201d.<\/span><\/div>\n<\/div>\n<div class=\"x11i5rnm xat24cr x1mh8g0r x1vvkbs xtlvy1s x126k92a\">\n<div dir=\"auto\"><span style=\"color: #000080;\">Szczeg\u00f3lnym dla nas momentem by\u0142o uczestniczenie w Gali poniewa\u017c stali\u015bmy si\u0119 \u015bwiadkami wr\u0119czania nagrody specjalnej Pani Tamarze Marchlewskiej, kt\u00f3ra od lat zajmuj\u0119 si\u0119 w Hrubieszowie Kocimi Adopcjami. Jest to jednocze\u015bnie osoba, kt\u00f3rej oddanie cenimy szczeg\u00f3lnie, a od tego roku wsp\u00f3\u0142pracujemy, co daje nam wielk\u0105 satysfakcj\u0119.<\/span><\/div>\n<\/div>\n<div class=\"x11i5rnm xat24cr x1mh8g0r x1vvkbs xtlvy1s x126k92a\">\n<div dir=\"auto\"><span style=\"color: #000080;\">Dumni jeste\u015bmy, \u017ce Jako SKW mo\u017cemy reprezentowa\u0107 nasz\u0105 szko\u0142\u0119 JEDYNK\u0118 i promowa\u0107 jej dzia\u0142ania na terenie miasta.<\/span><\/div>\n<div dir=\"auto\">\nngg_shortcode_0_placeholder\n<\/div>\n<\/div>\n","protected":false},"excerpt":{"rendered":"<p>Dnia 20.03.2024 cz\u0142onkowie SKW wraz z opiekunami mieli zaszczyt uczestniczy\u0107 w Hrubieszowskiej Gali Wolontariatu organizowanej przez Pani\u0105 Burmistrz Mart\u0119 Majewsk\u0105. Obecno\u015b\u0107 na Gali sta\u0142a si\u0119 dla nas wielk\u0105 przyjemno\u015bci\u0105, gdy\u017c jest to moment podsumowania ca\u0142orocznej pracy hrubieszowskich Wolontariuszy. Spotkania takie s\u0105 niezwykle pouczaj\u0105ce; daj\u0105 okazj\u0119 do pochwalenia si\u0119 w\u0142asnymi dzia\u0142aniami i osi\u0105gni\u0119ciami oraz pozwalaj\u0105 na [&hellip;]<\/p>\n","protected":false},"author":2,"featured_media":0,"parent":5983,"menu_order":0,"comment_status":"closed","ping_status":"closed","template":"","meta":{"ngg_post_thumbnail":0,"footnotes":""},"class_list":["post-25156","page","type-page","status-publish","hentry"],"_links":{"self":[{"href":"https:\/\/sp1hrubieszow.pl\/index.php\/wp-json\/wp\/v2\/pages\/25156","targetHints":{"allow":["GET"]}}],"collection":[{"href":"https:\/\/sp1hrubieszow.pl\/index.php\/wp-json\/wp\/v2\/pages"}],"about":[{"href":"https:\/\/sp1hrubieszow.pl\/index.php\/wp-json\/wp\/v2\/types\/page"}],"author":[{"embeddable":true,"href":"https:\/\/sp1hrubieszow.pl\/index.php\/wp-json\/wp\/v2\/users\/2"}],"replies":[{"embeddable":true,"href":"https:\/\/sp1hrubieszow.pl\/index.php\/wp-json\/wp\/v2\/comments?post=25156"}],"version-history":[{"count":1,"href":"https:\/\/sp1hrubieszow.pl\/index.php\/wp-json\/wp\/v2\/pages\/25156\/revisions"}],"predecessor-version":[{"id":25157,"href":"https:\/\/sp1hrubieszow.pl\/index.php\/wp-json\/wp\/v2\/pages\/25156\/revisions\/25157"}],"up":[{"embeddable":true,"href":"https:\/\/sp1hrubieszow.pl\/index.php\/wp-json\/wp\/v2\/pages\/5983"}],"wp:attachment":[{"href":"https:\/\/sp1hrubieszow.pl\/index.php\/wp-json\/wp\/v2\/media?parent=25156"}],"curies":[{"name":"wp","href":"https:\/\/api.w.org\/{rel}","templated":true}]}}