{"id":2514,"date":"2019-10-28T19:36:45","date_gmt":"2019-10-28T18:36:45","guid":{"rendered":"http:\/\/sp1.hrubieszow.info\/?page_id=2514"},"modified":"2019-10-28T19:52:12","modified_gmt":"2019-10-28T18:52:12","slug":"jedynka-w-akcji-szkola-pamieta","status":"publish","type":"page","link":"https:\/\/sp1hrubieszow.pl\/index.php\/kronika-2019-2020\/jedynka-w-akcji-szkola-pamieta\/","title":{"rendered":"Jedynka w akcji \u201eSzko\u0142a Pami\u0119ta\u201d"},"content":{"rendered":"\n<p align=\"JUSTIFY\"><span style=\"font-family: Arial, sans-serif; color: #000080;\"><span style=\"font-size: medium;\">W ramach akcji pod has\u0142em \u201eSzko\u0142a Pami\u0119ta\u201d zorganizowanej przez MEN&nbsp; &nbsp;24 pa\u017adziernika 2019 r. przedstawiciele MSU naszej szko\u0142y, wykonali przepi\u0119kne wi\u0105zanki na groby Tych, kt\u00f3rzy ponie\u015bli najwy\u017csz\u0105 ofiar\u0119 w s\u0142u\u017cbie Ojczyzny. Dzie\u0144 p\u00f3\u017aniej uczniowie klas 2 b i 3 b wraz z wychowawczyniami z\u0142o\u017cyli je na pomnikach bohater\u00f3w wojennych.<\/span><\/span><\/p>\n<p lang=\"pl-PL\" align=\"JUSTIFY\"><span style=\"color: #000080;\"><span style=\"font-family: Arial, sans-serif;\"><span style=\"font-size: small;\"><span style=\"font-size: medium;\"> Symbolem oddania ho\u0142du poleg\u0142ym \u017co\u0142nierzom by\u0142o tak\u017ce zapalenie zniczy przyniesionych przez dzieci oraz wsp\u00f3lne odm\u00f3wienie modlitwy.<\/span><\/span><\/span><\/span><\/p>\nngg_shortcode_0_placeholder\n","protected":false},"excerpt":{"rendered":"<p>W ramach akcji pod has\u0142em \u201eSzko\u0142a Pami\u0119ta\u201d zorganizowanej przez MEN&nbsp; &nbsp;24 pa\u017adziernika 2019 r. przedstawiciele MSU naszej szko\u0142y, wykonali przepi\u0119kne wi\u0105zanki na groby Tych, kt\u00f3rzy ponie\u015bli najwy\u017csz\u0105 ofiar\u0119 w s\u0142u\u017cbie Ojczyzny. Dzie\u0144 p\u00f3\u017aniej uczniowie klas 2 b i 3 b wraz z wychowawczyniami z\u0142o\u017cyli je na pomnikach bohater\u00f3w wojennych. Symbolem oddania ho\u0142du poleg\u0142ym \u017co\u0142nierzom by\u0142o [&hellip;]<\/p>\n","protected":false},"author":2,"featured_media":0,"parent":2167,"menu_order":0,"comment_status":"closed","ping_status":"closed","template":"","meta":{"ngg_post_thumbnail":0,"footnotes":""},"class_list":["post-2514","page","type-page","status-publish","hentry"],"_links":{"self":[{"href":"https:\/\/sp1hrubieszow.pl\/index.php\/wp-json\/wp\/v2\/pages\/2514","targetHints":{"allow":["GET"]}}],"collection":[{"href":"https:\/\/sp1hrubieszow.pl\/index.php\/wp-json\/wp\/v2\/pages"}],"about":[{"href":"https:\/\/sp1hrubieszow.pl\/index.php\/wp-json\/wp\/v2\/types\/page"}],"author":[{"embeddable":true,"href":"https:\/\/sp1hrubieszow.pl\/index.php\/wp-json\/wp\/v2\/users\/2"}],"replies":[{"embeddable":true,"href":"https:\/\/sp1hrubieszow.pl\/index.php\/wp-json\/wp\/v2\/comments?post=2514"}],"version-history":[{"count":2,"href":"https:\/\/sp1hrubieszow.pl\/index.php\/wp-json\/wp\/v2\/pages\/2514\/revisions"}],"predecessor-version":[{"id":2523,"href":"https:\/\/sp1hrubieszow.pl\/index.php\/wp-json\/wp\/v2\/pages\/2514\/revisions\/2523"}],"up":[{"embeddable":true,"href":"https:\/\/sp1hrubieszow.pl\/index.php\/wp-json\/wp\/v2\/pages\/2167"}],"wp:attachment":[{"href":"https:\/\/sp1hrubieszow.pl\/index.php\/wp-json\/wp\/v2\/media?parent=2514"}],"curies":[{"name":"wp","href":"https:\/\/api.w.org\/{rel}","templated":true}]}}