{"id":25135,"date":"2024-03-27T20:59:25","date_gmt":"2024-03-27T19:59:25","guid":{"rendered":"https:\/\/sp1hrubieszow.pl\/?page_id=25135"},"modified":"2024-03-27T21:00:03","modified_gmt":"2024-03-27T20:00:03","slug":"swiatowy-dzien-wody-2","status":"publish","type":"page","link":"https:\/\/sp1hrubieszow.pl\/index.php\/kronika-2020-2021\/swiatowy-dzien-wody-2\/","title":{"rendered":"\u015awiatowy Dzie\u0144 Wody"},"content":{"rendered":"\n\n\n<p><span style=\"color: #000080;\">22 marca z okazji \u015awiatowego Dnia Wody na przyrodzie w klasach 4 odby\u0142y si\u0119 zaj\u0119cia, podczas kt\u00f3rych uczniowie pog\u0142\u0119bili swoj\u0105 wiedz\u0119 na temat znaczenia wody w \u017cyciu cz\u0142owieka i organizm\u00f3w \u017cywych. Uczniowie wzi\u0119li r\u00f3wnie\u017c udzia\u0142 w dyskusji dotycz\u0105cej dzia\u0142a\u0144 sprzyjaj\u0105cych lepszemu wykorzystywaniu zasob\u00f3w wody i jej oszcz\u0119dzania. Uczniowie wykonali tematyczn\u0105 gazetk\u0119 do gabloty szkolnej. Na lekcjach rozmawiali\u015bmy o tym, w jaki spos\u00f3b oszcz\u0119dza\u0107 wod\u0119, jakie dzia\u0142ania ju\u017c podejmujemy, a jakie nale\u017cy jeszcze podj\u0105\u0107 w celu ochrony w\u00f3d i poprawy jej jako\u015bci. Uczniowie wykonali prezentacje oraz szukali najwi\u0119kszych zbiornik\u00f3w wodnych na globusach. Obchodz\u0105c \u015awiatowy Dzie\u0144 Wody mo\u017cemy z pokor\u0105 pochyli\u0107 si\u0119 nad ka\u017cd\u0105 \u017cyciodajn\u0105 kropl\u0105 wody i u\u015bwiadomi\u0107 potrzeb\u0119 jej oszcz\u0119dzania.<\/span><\/p>\nngg_shortcode_0_placeholder\n","protected":false},"excerpt":{"rendered":"<p>22 marca z okazji \u015awiatowego Dnia Wody na przyrodzie w klasach 4 odby\u0142y si\u0119 zaj\u0119cia, podczas kt\u00f3rych uczniowie pog\u0142\u0119bili swoj\u0105 wiedz\u0119 na temat znaczenia wody w \u017cyciu cz\u0142owieka i organizm\u00f3w \u017cywych. Uczniowie wzi\u0119li r\u00f3wnie\u017c udzia\u0142 w dyskusji dotycz\u0105cej dzia\u0142a\u0144 sprzyjaj\u0105cych lepszemu wykorzystywaniu zasob\u00f3w wody i jej oszcz\u0119dzania. Uczniowie wykonali tematyczn\u0105 gazetk\u0119 do gabloty szkolnej. Na [&hellip;]<\/p>\n","protected":false},"author":2,"featured_media":0,"parent":5983,"menu_order":0,"comment_status":"closed","ping_status":"closed","template":"","meta":{"ngg_post_thumbnail":0,"footnotes":""},"class_list":["post-25135","page","type-page","status-publish","hentry"],"_links":{"self":[{"href":"https:\/\/sp1hrubieszow.pl\/index.php\/wp-json\/wp\/v2\/pages\/25135","targetHints":{"allow":["GET"]}}],"collection":[{"href":"https:\/\/sp1hrubieszow.pl\/index.php\/wp-json\/wp\/v2\/pages"}],"about":[{"href":"https:\/\/sp1hrubieszow.pl\/index.php\/wp-json\/wp\/v2\/types\/page"}],"author":[{"embeddable":true,"href":"https:\/\/sp1hrubieszow.pl\/index.php\/wp-json\/wp\/v2\/users\/2"}],"replies":[{"embeddable":true,"href":"https:\/\/sp1hrubieszow.pl\/index.php\/wp-json\/wp\/v2\/comments?post=25135"}],"version-history":[{"count":1,"href":"https:\/\/sp1hrubieszow.pl\/index.php\/wp-json\/wp\/v2\/pages\/25135\/revisions"}],"predecessor-version":[{"id":25136,"href":"https:\/\/sp1hrubieszow.pl\/index.php\/wp-json\/wp\/v2\/pages\/25135\/revisions\/25136"}],"up":[{"embeddable":true,"href":"https:\/\/sp1hrubieszow.pl\/index.php\/wp-json\/wp\/v2\/pages\/5983"}],"wp:attachment":[{"href":"https:\/\/sp1hrubieszow.pl\/index.php\/wp-json\/wp\/v2\/media?parent=25135"}],"curies":[{"name":"wp","href":"https:\/\/api.w.org\/{rel}","templated":true}]}}