{"id":25120,"date":"2024-03-27T19:54:16","date_gmt":"2024-03-27T18:54:16","guid":{"rendered":"https:\/\/sp1hrubieszow.pl\/?page_id=25120"},"modified":"2024-04-02T16:08:39","modified_gmt":"2024-04-02T14:08:39","slug":"zyczenia-swiateczne","status":"publish","type":"page","link":"https:\/\/sp1hrubieszow.pl\/index.php\/kronika-2020-2021\/zyczenia-swiateczne\/","title":{"rendered":"\u017byczenia \u015bwi\u0105teczne"},"content":{"rendered":"\n<p style=\"text-align: center;\"><span style=\"color: #000080;\"><img loading=\"lazy\" decoding=\"async\" class=\"alignnone size-medium wp-image-25119\" src=\"http:\/\/sp1hrubieszow.pl\/wp-content\/uploads\/2024\/03\/jako-300x168.jpg\" alt=\"\" width=\"300\" height=\"168\"><\/span><\/p>\n<p style=\"text-align: center;\"><span style=\"color: #000080;\">Radosnych, spokojnych, <\/span><\/p>\n<p style=\"text-align: center;\"><span style=\"color: #000080;\">pe\u0142nych nadziei \u015awi\u0105t Wielkanocnych <\/span><\/p>\n<p style=\"text-align: center;\"><span style=\"color: #000080;\">oraz wspania\u0142ych spotka\u0144 w gronie rodziny i przyjaci\u00f3\u0142 <\/span><\/p>\n<p style=\"text-align: center;\"><span style=\"color: #000080;\">\u017cyczy Dyrekcja, nauczyciele<\/span><\/p>\n<p style=\"text-align: center;\"><span style=\"color: #000080;\"> i pracownicy Szko\u0142y Podstawowej Nr 1 w Hrubieszowie.<\/span> <span class=\"x3nfvp2 x1j61x8r x1fcty0u xdj266r xhhsvwb xat24cr xgzva0m xxymvpz xlup9mm x1kky2od\"><img loading=\"lazy\" decoding=\"async\" class=\"xz74otr\" src=\"https:\/\/static.xx.fbcdn.net\/images\/emoji.php\/v9\/tc8\/1.5\/16\/1f337.png\" alt=\"?\" width=\"16\" height=\"16\"><\/span><span class=\"x3nfvp2 x1j61x8r x1fcty0u xdj266r xhhsvwb xat24cr xgzva0m xxymvpz xlup9mm x1kky2od\"><img loading=\"lazy\" decoding=\"async\" class=\"xz74otr\" src=\"https:\/\/static.xx.fbcdn.net\/images\/emoji.php\/v9\/t66\/1.5\/16\/1f423.png\" alt=\"?\" width=\"16\" height=\"16\"><\/span><\/p>\n","protected":false},"excerpt":{"rendered":"<p>Radosnych, spokojnych, pe\u0142nych nadziei \u015awi\u0105t Wielkanocnych oraz wspania\u0142ych spotka\u0144 w gronie rodziny i przyjaci\u00f3\u0142 \u017cyczy Dyrekcja, nauczyciele i pracownicy Szko\u0142y Podstawowej Nr 1 w Hrubieszowie.<\/p>\n","protected":false},"author":2,"featured_media":0,"parent":5983,"menu_order":0,"comment_status":"closed","ping_status":"closed","template":"","meta":{"ngg_post_thumbnail":0,"footnotes":""},"class_list":["post-25120","page","type-page","status-publish","hentry"],"_links":{"self":[{"href":"https:\/\/sp1hrubieszow.pl\/index.php\/wp-json\/wp\/v2\/pages\/25120","targetHints":{"allow":["GET"]}}],"collection":[{"href":"https:\/\/sp1hrubieszow.pl\/index.php\/wp-json\/wp\/v2\/pages"}],"about":[{"href":"https:\/\/sp1hrubieszow.pl\/index.php\/wp-json\/wp\/v2\/types\/page"}],"author":[{"embeddable":true,"href":"https:\/\/sp1hrubieszow.pl\/index.php\/wp-json\/wp\/v2\/users\/2"}],"replies":[{"embeddable":true,"href":"https:\/\/sp1hrubieszow.pl\/index.php\/wp-json\/wp\/v2\/comments?post=25120"}],"version-history":[{"count":2,"href":"https:\/\/sp1hrubieszow.pl\/index.php\/wp-json\/wp\/v2\/pages\/25120\/revisions"}],"predecessor-version":[{"id":25124,"href":"https:\/\/sp1hrubieszow.pl\/index.php\/wp-json\/wp\/v2\/pages\/25120\/revisions\/25124"}],"up":[{"embeddable":true,"href":"https:\/\/sp1hrubieszow.pl\/index.php\/wp-json\/wp\/v2\/pages\/5983"}],"wp:attachment":[{"href":"https:\/\/sp1hrubieszow.pl\/index.php\/wp-json\/wp\/v2\/media?parent=25120"}],"curies":[{"name":"wp","href":"https:\/\/api.w.org\/{rel}","templated":true}]}}