{"id":25115,"date":"2024-03-27T19:43:07","date_gmt":"2024-03-27T18:43:07","guid":{"rendered":"https:\/\/sp1hrubieszow.pl\/?page_id=25115"},"modified":"2024-03-27T19:43:22","modified_gmt":"2024-03-27T18:43:22","slug":"klasa-3c-na-warsztatach-w-muzeum","status":"publish","type":"page","link":"https:\/\/sp1hrubieszow.pl\/index.php\/kronika-2020-2021\/klasa-3c-na-warsztatach-w-muzeum\/","title":{"rendered":"Klasa 3c na warsztatach w muzeum"},"content":{"rendered":"\n<p><span style=\"color: #000080;\">\u201ePisanki, kraszanki jajka malowane\u201d, 19. 03. 2024 r. klasa 3 c wzi\u0119\u0142a udzia\u0142 w warsztatach muzealnych po\u015bwi\u0119conych przygotowaniom do \u015bwi\u0105t wielkanocnych. W trakcie spotkania uczniowie mieli okazj\u0119 pozna\u0107 r\u00f3\u017cne techniki malowania jajek. Dowiedzieli si\u0119 czym r\u00f3\u017cni\u0105 si\u0119 pisanki od kraszanek i jakie jajka mia\u0142y w koszykach nasze prababcie. Poznali magiczn\u0105 moc jaj wielkanocnych np. na urod\u0119 i mi\u0142o\u015b\u0107, zakopywanych w ogrodzie i wiele innych. Na koniec pod kierunkiem pani Beaty dzieci samodzielnie zdobi\u0142y jajka metod\u0105 batikow\u0105 oraz w\u0142\u00f3czk\u0105. Bardzo dzi\u0119kujemy!<\/span><\/p>\nngg_shortcode_0_placeholder\n","protected":false},"excerpt":{"rendered":"<p>\u201ePisanki, kraszanki jajka malowane\u201d, 19. 03. 2024 r. klasa 3 c wzi\u0119\u0142a udzia\u0142 w warsztatach muzealnych po\u015bwi\u0119conych przygotowaniom do \u015bwi\u0105t wielkanocnych. W trakcie spotkania uczniowie mieli okazj\u0119 pozna\u0107 r\u00f3\u017cne techniki malowania jajek. Dowiedzieli si\u0119 czym r\u00f3\u017cni\u0105 si\u0119 pisanki od kraszanek i jakie jajka mia\u0142y w koszykach nasze prababcie. Poznali magiczn\u0105 moc jaj wielkanocnych np. na [&hellip;]<\/p>\n","protected":false},"author":2,"featured_media":0,"parent":5983,"menu_order":0,"comment_status":"closed","ping_status":"closed","template":"","meta":{"ngg_post_thumbnail":0,"footnotes":""},"class_list":["post-25115","page","type-page","status-publish","hentry"],"_links":{"self":[{"href":"https:\/\/sp1hrubieszow.pl\/index.php\/wp-json\/wp\/v2\/pages\/25115","targetHints":{"allow":["GET"]}}],"collection":[{"href":"https:\/\/sp1hrubieszow.pl\/index.php\/wp-json\/wp\/v2\/pages"}],"about":[{"href":"https:\/\/sp1hrubieszow.pl\/index.php\/wp-json\/wp\/v2\/types\/page"}],"author":[{"embeddable":true,"href":"https:\/\/sp1hrubieszow.pl\/index.php\/wp-json\/wp\/v2\/users\/2"}],"replies":[{"embeddable":true,"href":"https:\/\/sp1hrubieszow.pl\/index.php\/wp-json\/wp\/v2\/comments?post=25115"}],"version-history":[{"count":1,"href":"https:\/\/sp1hrubieszow.pl\/index.php\/wp-json\/wp\/v2\/pages\/25115\/revisions"}],"predecessor-version":[{"id":25116,"href":"https:\/\/sp1hrubieszow.pl\/index.php\/wp-json\/wp\/v2\/pages\/25115\/revisions\/25116"}],"up":[{"embeddable":true,"href":"https:\/\/sp1hrubieszow.pl\/index.php\/wp-json\/wp\/v2\/pages\/5983"}],"wp:attachment":[{"href":"https:\/\/sp1hrubieszow.pl\/index.php\/wp-json\/wp\/v2\/media?parent=25115"}],"curies":[{"name":"wp","href":"https:\/\/api.w.org\/{rel}","templated":true}]}}