{"id":25095,"date":"2024-03-26T22:13:49","date_gmt":"2024-03-26T21:13:49","guid":{"rendered":"https:\/\/sp1hrubieszow.pl\/?page_id=25095"},"modified":"2024-03-26T22:14:37","modified_gmt":"2024-03-26T21:14:37","slug":"warsztaty-z-zakresu-ekologii","status":"publish","type":"page","link":"https:\/\/sp1hrubieszow.pl\/index.php\/kronika-2020-2021\/warsztaty-z-zakresu-ekologii\/","title":{"rendered":"Warsztaty z zakresu ekologii"},"content":{"rendered":"\n\n\n<p><span style=\"color: #000080;\">Uczniowie klas 3b i 7b uczestniczyli w zaj\u0119ciach w nowo otwartej pracownik EkoLab mieszcz\u0105cej si\u0119 w SP3- jest to pracownia \u015bci\u015ble zwi\u0105zana z zagadnieniami ekologii. To miejsce zosta\u0142o stworzone z my\u015bl\u0105 o naszych dzieciach, kt\u00f3re chc\u0105 rozwija\u0107 swoj\u0105 wiedz\u0119 z zakresu ekologii i ochrony \u015brodowiska. Zaj\u0119cia prowadzone przez le\u015bnika z Roztocza\u0144skiego Parku Narodowego cieszy\u0142y si\u0119 du\u017cym zainteresowaniem. Dzi\u0119kujemy za ciekaw\u0105 inicjatyw\u0119 i czekamy na nowe propozycje.&nbsp;<\/span><\/p>\nngg_shortcode_0_placeholder\n","protected":false},"excerpt":{"rendered":"<p>Uczniowie klas 3b i 7b uczestniczyli w zaj\u0119ciach w nowo otwartej pracownik EkoLab mieszcz\u0105cej si\u0119 w SP3- jest to pracownia \u015bci\u015ble zwi\u0105zana z zagadnieniami ekologii. To miejsce zosta\u0142o stworzone z my\u015bl\u0105 o naszych dzieciach, kt\u00f3re chc\u0105 rozwija\u0107 swoj\u0105 wiedz\u0119 z zakresu ekologii i ochrony \u015brodowiska. Zaj\u0119cia prowadzone przez le\u015bnika z Roztocza\u0144skiego Parku Narodowego cieszy\u0142y si\u0119 [&hellip;]<\/p>\n","protected":false},"author":2,"featured_media":0,"parent":5983,"menu_order":0,"comment_status":"closed","ping_status":"closed","template":"","meta":{"ngg_post_thumbnail":0,"footnotes":""},"class_list":["post-25095","page","type-page","status-publish","hentry"],"_links":{"self":[{"href":"https:\/\/sp1hrubieszow.pl\/index.php\/wp-json\/wp\/v2\/pages\/25095","targetHints":{"allow":["GET"]}}],"collection":[{"href":"https:\/\/sp1hrubieszow.pl\/index.php\/wp-json\/wp\/v2\/pages"}],"about":[{"href":"https:\/\/sp1hrubieszow.pl\/index.php\/wp-json\/wp\/v2\/types\/page"}],"author":[{"embeddable":true,"href":"https:\/\/sp1hrubieszow.pl\/index.php\/wp-json\/wp\/v2\/users\/2"}],"replies":[{"embeddable":true,"href":"https:\/\/sp1hrubieszow.pl\/index.php\/wp-json\/wp\/v2\/comments?post=25095"}],"version-history":[{"count":1,"href":"https:\/\/sp1hrubieszow.pl\/index.php\/wp-json\/wp\/v2\/pages\/25095\/revisions"}],"predecessor-version":[{"id":25096,"href":"https:\/\/sp1hrubieszow.pl\/index.php\/wp-json\/wp\/v2\/pages\/25095\/revisions\/25096"}],"up":[{"embeddable":true,"href":"https:\/\/sp1hrubieszow.pl\/index.php\/wp-json\/wp\/v2\/pages\/5983"}],"wp:attachment":[{"href":"https:\/\/sp1hrubieszow.pl\/index.php\/wp-json\/wp\/v2\/media?parent=25095"}],"curies":[{"name":"wp","href":"https:\/\/api.w.org\/{rel}","templated":true}]}}