{"id":25083,"date":"2024-03-26T22:00:03","date_gmt":"2024-03-26T21:00:03","guid":{"rendered":"https:\/\/sp1hrubieszow.pl\/?page_id=25083"},"modified":"2024-03-26T22:00:25","modified_gmt":"2024-03-26T21:00:25","slug":"klasa-6b-swietuje-dzien-gofra","status":"publish","type":"page","link":"https:\/\/sp1hrubieszow.pl\/index.php\/kronika-2020-2021\/klasa-6b-swietuje-dzien-gofra\/","title":{"rendered":"Klasa 6b \u015bwi\u0119tuje Dzie\u0144 Gofra"},"content":{"rendered":"\n<p><span style=\"color: #000080;\">Uczniowie klasy 6b wraz z wychowawc\u0105 p. Mart\u0105 Lackowsk\u0105 wybrali si\u0119 do restauracji Gniecki, aby \u015bwi\u0119towa\u0107 Dzie\u0144 Gofra. To by\u0142 wspania\u0142y pretekst, by zje\u015b\u0107 przepyszne gofry, a przy okazji spotka\u0107 si\u0119 w tym przed\u015bwi\u0105tecznym tygodniu i po prostu poby\u0107 razem.&nbsp;<\/span><\/p>\nngg_shortcode_0_placeholder\n","protected":false},"excerpt":{"rendered":"<p>Uczniowie klasy 6b wraz z wychowawc\u0105 p. Mart\u0105 Lackowsk\u0105 wybrali si\u0119 do restauracji Gniecki, aby \u015bwi\u0119towa\u0107 Dzie\u0144 Gofra. To by\u0142 wspania\u0142y pretekst, by zje\u015b\u0107 przepyszne gofry, a przy okazji spotka\u0107 si\u0119 w tym przed\u015bwi\u0105tecznym tygodniu i po prostu poby\u0107 razem.&nbsp;<\/p>\n","protected":false},"author":2,"featured_media":0,"parent":5983,"menu_order":0,"comment_status":"closed","ping_status":"closed","template":"","meta":{"ngg_post_thumbnail":0,"footnotes":""},"class_list":["post-25083","page","type-page","status-publish","hentry"],"_links":{"self":[{"href":"https:\/\/sp1hrubieszow.pl\/index.php\/wp-json\/wp\/v2\/pages\/25083","targetHints":{"allow":["GET"]}}],"collection":[{"href":"https:\/\/sp1hrubieszow.pl\/index.php\/wp-json\/wp\/v2\/pages"}],"about":[{"href":"https:\/\/sp1hrubieszow.pl\/index.php\/wp-json\/wp\/v2\/types\/page"}],"author":[{"embeddable":true,"href":"https:\/\/sp1hrubieszow.pl\/index.php\/wp-json\/wp\/v2\/users\/2"}],"replies":[{"embeddable":true,"href":"https:\/\/sp1hrubieszow.pl\/index.php\/wp-json\/wp\/v2\/comments?post=25083"}],"version-history":[{"count":1,"href":"https:\/\/sp1hrubieszow.pl\/index.php\/wp-json\/wp\/v2\/pages\/25083\/revisions"}],"predecessor-version":[{"id":25084,"href":"https:\/\/sp1hrubieszow.pl\/index.php\/wp-json\/wp\/v2\/pages\/25083\/revisions\/25084"}],"up":[{"embeddable":true,"href":"https:\/\/sp1hrubieszow.pl\/index.php\/wp-json\/wp\/v2\/pages\/5983"}],"wp:attachment":[{"href":"https:\/\/sp1hrubieszow.pl\/index.php\/wp-json\/wp\/v2\/media?parent=25083"}],"curies":[{"name":"wp","href":"https:\/\/api.w.org\/{rel}","templated":true}]}}