{"id":25066,"date":"2024-03-25T18:03:45","date_gmt":"2024-03-25T17:03:45","guid":{"rendered":"https:\/\/sp1hrubieszow.pl\/?page_id=25066"},"modified":"2024-03-25T18:04:24","modified_gmt":"2024-03-25T17:04:24","slug":"projekt-szafa-w-klasie-5a","status":"publish","type":"page","link":"https:\/\/sp1hrubieszow.pl\/index.php\/kronika-2020-2021\/projekt-szafa-w-klasie-5a\/","title":{"rendered":"Projekt &#8222;Szafa&#8221; w klasie 5a"},"content":{"rendered":"\n\n\n<div dir=\"auto\"><span style=\"color: #000080;\">Ch\u0119tni uczniowie klasy 5a otrzymali prac\u0119 dodatkow\u0105 zwi\u0105zan\u0105 z lektur\u0105 &#8222;Opowie\u015bci z Narnii. Lew, Czarownica i stara szafa&#8221;. Zadanie polega\u0142o na wykonaniu szafy prowadz\u0105cej do tajemniczej krainy Narnii. Tylko kilku uczni\u00f3w podj\u0119\u0142o si\u0119 tego zadania i bardzo serdecznie im za to dzi\u0119kuj\u0119. Prace przygotowali: Wiktoria Ha\u0142asa, Aleksandra Paczos, Hanna Sidorczuk, Sebastian Wajda oraz Julia Wi\u015bniewska.<\/span><\/div>\n<div dir=\"auto\">&nbsp;<\/div>\n<div dir=\"auto\" style=\"text-align: right;\"><span style=\"color: #000080;\">Marta Lackowska<\/span><\/div>\n\n\n\nngg_shortcode_0_placeholder\n","protected":false},"excerpt":{"rendered":"<p>Ch\u0119tni uczniowie klasy 5a otrzymali prac\u0119 dodatkow\u0105 zwi\u0105zan\u0105 z lektur\u0105 &#8222;Opowie\u015bci z Narnii. Lew, Czarownica i stara szafa&#8221;. Zadanie polega\u0142o na wykonaniu szafy prowadz\u0105cej do tajemniczej krainy Narnii. Tylko kilku uczni\u00f3w podj\u0119\u0142o si\u0119 tego zadania i bardzo serdecznie im za to dzi\u0119kuj\u0119. Prace przygotowali: Wiktoria Ha\u0142asa, Aleksandra Paczos, Hanna Sidorczuk, Sebastian Wajda oraz Julia Wi\u015bniewska. [&hellip;]<\/p>\n","protected":false},"author":2,"featured_media":0,"parent":5983,"menu_order":0,"comment_status":"closed","ping_status":"closed","template":"","meta":{"ngg_post_thumbnail":0,"footnotes":""},"class_list":["post-25066","page","type-page","status-publish","hentry"],"_links":{"self":[{"href":"https:\/\/sp1hrubieszow.pl\/index.php\/wp-json\/wp\/v2\/pages\/25066","targetHints":{"allow":["GET"]}}],"collection":[{"href":"https:\/\/sp1hrubieszow.pl\/index.php\/wp-json\/wp\/v2\/pages"}],"about":[{"href":"https:\/\/sp1hrubieszow.pl\/index.php\/wp-json\/wp\/v2\/types\/page"}],"author":[{"embeddable":true,"href":"https:\/\/sp1hrubieszow.pl\/index.php\/wp-json\/wp\/v2\/users\/2"}],"replies":[{"embeddable":true,"href":"https:\/\/sp1hrubieszow.pl\/index.php\/wp-json\/wp\/v2\/comments?post=25066"}],"version-history":[{"count":1,"href":"https:\/\/sp1hrubieszow.pl\/index.php\/wp-json\/wp\/v2\/pages\/25066\/revisions"}],"predecessor-version":[{"id":25067,"href":"https:\/\/sp1hrubieszow.pl\/index.php\/wp-json\/wp\/v2\/pages\/25066\/revisions\/25067"}],"up":[{"embeddable":true,"href":"https:\/\/sp1hrubieszow.pl\/index.php\/wp-json\/wp\/v2\/pages\/5983"}],"wp:attachment":[{"href":"https:\/\/sp1hrubieszow.pl\/index.php\/wp-json\/wp\/v2\/media?parent=25066"}],"curies":[{"name":"wp","href":"https:\/\/api.w.org\/{rel}","templated":true}]}}