{"id":25048,"date":"2024-03-25T17:34:03","date_gmt":"2024-03-25T16:34:03","guid":{"rendered":"https:\/\/sp1hrubieszow.pl\/?page_id=25048"},"modified":"2024-03-25T17:34:16","modified_gmt":"2024-03-25T16:34:16","slug":"dzien-otwarty-zs-nr-1","status":"publish","type":"page","link":"https:\/\/sp1hrubieszow.pl\/index.php\/kronika-2020-2021\/dzien-otwarty-zs-nr-1\/","title":{"rendered":"Dzie\u0144 Otwarty ZS Nr 1"},"content":{"rendered":"\n<p><span style=\"color: #000080;\">22 marca uczniowie klasy 8a uczestniczyli w Dniu Otwartym Zespo\u0142u Szk\u00f3\u0142 Nr1 w Hrubieszowie. Po szkole oprowadzali nas nauczyciele i uczniowie, kt\u00f3rzy opowiadali o specyfice szko\u0142y oraz mo\u017cliwo\u015bciach, kt\u00f3re daje jej uko\u0144czenie. Obejrzeli\u015bmy pracownie szkolne: informatyczn\u0105, j\u0119zykow\u0105, gastronomiczn\u0105, budowlan\u0105 oraz mechaniki pojazdowej.<\/span><\/p>\nngg_shortcode_0_placeholder\n","protected":false},"excerpt":{"rendered":"<p>22 marca uczniowie klasy 8a uczestniczyli w Dniu Otwartym Zespo\u0142u Szk\u00f3\u0142 Nr1 w Hrubieszowie. Po szkole oprowadzali nas nauczyciele i uczniowie, kt\u00f3rzy opowiadali o specyfice szko\u0142y oraz mo\u017cliwo\u015bciach, kt\u00f3re daje jej uko\u0144czenie. Obejrzeli\u015bmy pracownie szkolne: informatyczn\u0105, j\u0119zykow\u0105, gastronomiczn\u0105, budowlan\u0105 oraz mechaniki pojazdowej.<\/p>\n","protected":false},"author":2,"featured_media":0,"parent":5983,"menu_order":0,"comment_status":"closed","ping_status":"closed","template":"","meta":{"ngg_post_thumbnail":0,"footnotes":""},"class_list":["post-25048","page","type-page","status-publish","hentry"],"_links":{"self":[{"href":"https:\/\/sp1hrubieszow.pl\/index.php\/wp-json\/wp\/v2\/pages\/25048","targetHints":{"allow":["GET"]}}],"collection":[{"href":"https:\/\/sp1hrubieszow.pl\/index.php\/wp-json\/wp\/v2\/pages"}],"about":[{"href":"https:\/\/sp1hrubieszow.pl\/index.php\/wp-json\/wp\/v2\/types\/page"}],"author":[{"embeddable":true,"href":"https:\/\/sp1hrubieszow.pl\/index.php\/wp-json\/wp\/v2\/users\/2"}],"replies":[{"embeddable":true,"href":"https:\/\/sp1hrubieszow.pl\/index.php\/wp-json\/wp\/v2\/comments?post=25048"}],"version-history":[{"count":1,"href":"https:\/\/sp1hrubieszow.pl\/index.php\/wp-json\/wp\/v2\/pages\/25048\/revisions"}],"predecessor-version":[{"id":25049,"href":"https:\/\/sp1hrubieszow.pl\/index.php\/wp-json\/wp\/v2\/pages\/25048\/revisions\/25049"}],"up":[{"embeddable":true,"href":"https:\/\/sp1hrubieszow.pl\/index.php\/wp-json\/wp\/v2\/pages\/5983"}],"wp:attachment":[{"href":"https:\/\/sp1hrubieszow.pl\/index.php\/wp-json\/wp\/v2\/media?parent=25048"}],"curies":[{"name":"wp","href":"https:\/\/api.w.org\/{rel}","templated":true}]}}