{"id":25039,"date":"2024-03-23T22:52:54","date_gmt":"2024-03-23T21:52:54","guid":{"rendered":"https:\/\/sp1hrubieszow.pl\/?page_id=25039"},"modified":"2024-03-23T22:53:25","modified_gmt":"2024-03-23T21:53:25","slug":"swieto-poezji","status":"publish","type":"page","link":"https:\/\/sp1hrubieszow.pl\/index.php\/kronika-2020-2021\/swieto-poezji\/","title":{"rendered":"\u015awi\u0119to Poezji"},"content":{"rendered":"\n<p><span style=\"color: #000080;\">21 marca obchodzili\u015bmy \u015awiatowy Dzie\u0144 Poezji. Z tej okazji uczniowie klasy 6b rozmawiali o \u017cyciu i tw\u00f3rczo\u015bci polskich Noblist\u00f3w &#8211; Wis\u0142awie Szymborskiej i Czes\u0142awie Mi\u0142oszu oraz tworzyli wiersze o odzysku (blackout poems). Zadanie to wymaga\u0142o od uczni\u00f3w dok\u0142adnego przeczytania tekstu, skupienia si\u0119 na s\u0142owie i wybrania tych wyraz\u00f3w, kt\u00f3re b\u0119d\u0105 mog\u0142y uzyska\u0107 inne znaczenie.<\/span><\/p>\n<p><span style=\"color: #000080;\">Poza tym grupa uczni\u00f3w naszej szko\u0142y mia\u0142a okazj\u0119 uczestniczy\u0107 w Hrubieszowskim \u015awi\u0119cie Poezji zorganizowanym w Bibliotece Pedagogicznej w Zamo\u015bciu Filia Hrubiesz\u00f3w przy wsp\u00f3\u0142pracy z Zespo\u0142em Szk\u00f3\u0142&nbsp; Nr 1 w Hrubieszowie oraz Lubelskim Samorz\u0105dowym Centrum Doskonalenia Nauczycieli. Podczas spotkania uczniowie mogli pos\u0142ucha\u0107 tych, kt\u00f3rzy wiersze ju\u017c tworz\u0105 od dawna, czyli cz\u0142onk\u00f3w Klubu Literackiego Ziemi Hrubieszowskiej, a tak\u017ce mieli mo\u017cliwo\u015b\u0107 napisania w\u0142asnych utwor\u00f3w poetyckich.&nbsp;<\/span><\/p>\n<p><span style=\"color: #000080;\">Zaprezentowane zosta\u0142y r\u00f3wnie\u017c prace plastyczne uczni\u00f3w. Z naszej szko\u0142y ilustracje do wierszy wykona\u0142o o\u015bmiu uczni\u00f3w: Wiktoria Ha\u0142asa kl.5a, Aleksandra Paczos kl.5a, Julia Wi\u015bniewska kl. 5a, Miko\u0142aj Karpiuk kl. 6b, Anika Swatowska kl. 6b, Zuzanna Zawadzka kl. 6b, \u0141ukasz D\u0105browski kl. 7b oraz Miko\u0142aj Gardzia\u0142a kl.7b.&nbsp; Za wszystkie przygotowane prace serdecznie dzi\u0119kujemy.<\/span><\/p>\n<p><span style=\"color: #000080;\">\u015awi\u0119to Poezji przebiega\u0142o w naprawd\u0119 mi\u0142ej i tw\u00f3rczej atmosferze. Z pewno\u015bci\u0105 b\u0119dziemy chcieli wsp\u00f3lnie po\u015bwi\u0119towa\u0107 tak\u017ce w przysz\u0142ym roku \ud83d\ude42<\/span><\/p>\n<p style=\"text-align: right;\"><span style=\"color: #000080;\">Marta Lackowska<\/span>&nbsp;<\/p>\nngg_shortcode_0_placeholder\n<p>&nbsp;<\/p>\n","protected":false},"excerpt":{"rendered":"<p>21 marca obchodzili\u015bmy \u015awiatowy Dzie\u0144 Poezji. Z tej okazji uczniowie klasy 6b rozmawiali o \u017cyciu i tw\u00f3rczo\u015bci polskich Noblist\u00f3w &#8211; Wis\u0142awie Szymborskiej i Czes\u0142awie Mi\u0142oszu oraz tworzyli wiersze o odzysku (blackout poems). Zadanie to wymaga\u0142o od uczni\u00f3w dok\u0142adnego przeczytania tekstu, skupienia si\u0119 na s\u0142owie i wybrania tych wyraz\u00f3w, kt\u00f3re b\u0119d\u0105 mog\u0142y uzyska\u0107 inne znaczenie. Poza [&hellip;]<\/p>\n","protected":false},"author":2,"featured_media":0,"parent":5983,"menu_order":0,"comment_status":"closed","ping_status":"closed","template":"","meta":{"ngg_post_thumbnail":0,"footnotes":""},"class_list":["post-25039","page","type-page","status-publish","hentry"],"_links":{"self":[{"href":"https:\/\/sp1hrubieszow.pl\/index.php\/wp-json\/wp\/v2\/pages\/25039","targetHints":{"allow":["GET"]}}],"collection":[{"href":"https:\/\/sp1hrubieszow.pl\/index.php\/wp-json\/wp\/v2\/pages"}],"about":[{"href":"https:\/\/sp1hrubieszow.pl\/index.php\/wp-json\/wp\/v2\/types\/page"}],"author":[{"embeddable":true,"href":"https:\/\/sp1hrubieszow.pl\/index.php\/wp-json\/wp\/v2\/users\/2"}],"replies":[{"embeddable":true,"href":"https:\/\/sp1hrubieszow.pl\/index.php\/wp-json\/wp\/v2\/comments?post=25039"}],"version-history":[{"count":1,"href":"https:\/\/sp1hrubieszow.pl\/index.php\/wp-json\/wp\/v2\/pages\/25039\/revisions"}],"predecessor-version":[{"id":25040,"href":"https:\/\/sp1hrubieszow.pl\/index.php\/wp-json\/wp\/v2\/pages\/25039\/revisions\/25040"}],"up":[{"embeddable":true,"href":"https:\/\/sp1hrubieszow.pl\/index.php\/wp-json\/wp\/v2\/pages\/5983"}],"wp:attachment":[{"href":"https:\/\/sp1hrubieszow.pl\/index.php\/wp-json\/wp\/v2\/media?parent=25039"}],"curies":[{"name":"wp","href":"https:\/\/api.w.org\/{rel}","templated":true}]}}