{"id":24998,"date":"2024-03-20T19:41:13","date_gmt":"2024-03-20T18:41:13","guid":{"rendered":"https:\/\/sp1hrubieszow.pl\/?page_id=24998"},"modified":"2024-03-20T19:41:40","modified_gmt":"2024-03-20T18:41:40","slug":"szalony-pierwszy-dzien-wiosny","status":"publish","type":"page","link":"https:\/\/sp1hrubieszow.pl\/index.php\/kronika-2020-2021\/szalony-pierwszy-dzien-wiosny\/","title":{"rendered":"Szalony Pierwszy Dzie\u0144 Wiosny"},"content":{"rendered":"\n<p><span style=\"color: #000080;\">Na dworze zimno, szaro, buro i ponuro&#8230;Musieli\u015bmy wi\u0119c zrobi\u0107 wszystko, aby przywo\u0142a\u0107 WIOSN\u0118. W zwi\u0105zku z tym w naszej szkole zawita\u0142o wiosenne szale\u0144stwo. Ksi\u0105\u017cki i zeszyty zapakowane w nietypowy spos\u00f3b &#8211; by\u0142a nawet taczka i w\u00f3zki z market\u00f3w. Kolorowe ubrania, ubrania za\u0142o\u017cone na lew\u0105 stron\u0119, super fryzury, odm\u0142odzone nauczycielki, stoiska kosmetyczne, pi\u0119kne bransoletki&#8230; Tyle si\u0119 dzia\u0142o!!! Do tego lekcje prowadzone przez uczni\u00f3w i niesforni nauczyciele \ud83d\ude42 Podczas d\u0142ugich przerw wsp\u00f3lne ta\u0144czenie &#8222;Skrzypka&#8221; oraz &#8222;Belgijki&#8221;. By\u0142o zabawnie, kolorowo i nietypowo. Mamy nadziej\u0119, \u017ce Pani Wiosna widzia\u0142a nasze starania i zago\u015bci ju\u017c w pogodzie oraz w naszych sercach. \ud83d\ude42<\/span><\/p>\nngg_shortcode_0_placeholder\n","protected":false},"excerpt":{"rendered":"<p>Na dworze zimno, szaro, buro i ponuro&#8230;Musieli\u015bmy wi\u0119c zrobi\u0107 wszystko, aby przywo\u0142a\u0107 WIOSN\u0118. W zwi\u0105zku z tym w naszej szkole zawita\u0142o wiosenne szale\u0144stwo. Ksi\u0105\u017cki i zeszyty zapakowane w nietypowy spos\u00f3b &#8211; by\u0142a nawet taczka i w\u00f3zki z market\u00f3w. Kolorowe ubrania, ubrania za\u0142o\u017cone na lew\u0105 stron\u0119, super fryzury, odm\u0142odzone nauczycielki, stoiska kosmetyczne, pi\u0119kne bransoletki&#8230; Tyle si\u0119 [&hellip;]<\/p>\n","protected":false},"author":2,"featured_media":0,"parent":5983,"menu_order":0,"comment_status":"closed","ping_status":"closed","template":"","meta":{"ngg_post_thumbnail":0,"footnotes":""},"class_list":["post-24998","page","type-page","status-publish","hentry"],"_links":{"self":[{"href":"https:\/\/sp1hrubieszow.pl\/index.php\/wp-json\/wp\/v2\/pages\/24998","targetHints":{"allow":["GET"]}}],"collection":[{"href":"https:\/\/sp1hrubieszow.pl\/index.php\/wp-json\/wp\/v2\/pages"}],"about":[{"href":"https:\/\/sp1hrubieszow.pl\/index.php\/wp-json\/wp\/v2\/types\/page"}],"author":[{"embeddable":true,"href":"https:\/\/sp1hrubieszow.pl\/index.php\/wp-json\/wp\/v2\/users\/2"}],"replies":[{"embeddable":true,"href":"https:\/\/sp1hrubieszow.pl\/index.php\/wp-json\/wp\/v2\/comments?post=24998"}],"version-history":[{"count":1,"href":"https:\/\/sp1hrubieszow.pl\/index.php\/wp-json\/wp\/v2\/pages\/24998\/revisions"}],"predecessor-version":[{"id":24999,"href":"https:\/\/sp1hrubieszow.pl\/index.php\/wp-json\/wp\/v2\/pages\/24998\/revisions\/24999"}],"up":[{"embeddable":true,"href":"https:\/\/sp1hrubieszow.pl\/index.php\/wp-json\/wp\/v2\/pages\/5983"}],"wp:attachment":[{"href":"https:\/\/sp1hrubieszow.pl\/index.php\/wp-json\/wp\/v2\/media?parent=24998"}],"curies":[{"name":"wp","href":"https:\/\/api.w.org\/{rel}","templated":true}]}}