{"id":24953,"date":"2024-03-19T20:16:58","date_gmt":"2024-03-19T19:16:58","guid":{"rendered":"https:\/\/sp1hrubieszow.pl\/?page_id=24953"},"modified":"2024-03-19T20:17:24","modified_gmt":"2024-03-19T19:17:24","slug":"wojewodzki-konkurs-czytelniczy-czy-znasz","status":"publish","type":"page","link":"https:\/\/sp1hrubieszow.pl\/index.php\/kronika-2020-2021\/wojewodzki-konkurs-czytelniczy-czy-znasz\/","title":{"rendered":"Wojew\u00f3dzki Konkurs Czytelniczy &#8221; Czy znasz\u2026..?&#8221;."},"content":{"rendered":"\n\n\n<p><span style=\"color: #000080;\">19.03.2024r. troje uczni\u00f3w naszej szko\u0142y, z klasy 3a, Zuzanna Korneluk, Pola Pachniewska oraz Franciszek Socha zosta\u0142o finalistami Wojew\u00f3dzkiego Konkursu Czytelniczego &#8221; Czy znasz&#8230;..?&#8221;. <\/span><\/p>\n<p style=\"text-align: center;\"><span style=\"color: #000080;\">Gratulujemy sukcesu.<\/span><\/p>\nngg_shortcode_0_placeholder\n","protected":false},"excerpt":{"rendered":"<p>19.03.2024r. troje uczni\u00f3w naszej szko\u0142y, z klasy 3a, Zuzanna Korneluk, Pola Pachniewska oraz Franciszek Socha zosta\u0142o finalistami Wojew\u00f3dzkiego Konkursu Czytelniczego &#8221; Czy znasz&#8230;..?&#8221;. Gratulujemy sukcesu.<\/p>\n","protected":false},"author":2,"featured_media":0,"parent":5983,"menu_order":0,"comment_status":"closed","ping_status":"closed","template":"","meta":{"ngg_post_thumbnail":0,"footnotes":""},"class_list":["post-24953","page","type-page","status-publish","hentry"],"_links":{"self":[{"href":"https:\/\/sp1hrubieszow.pl\/index.php\/wp-json\/wp\/v2\/pages\/24953","targetHints":{"allow":["GET"]}}],"collection":[{"href":"https:\/\/sp1hrubieszow.pl\/index.php\/wp-json\/wp\/v2\/pages"}],"about":[{"href":"https:\/\/sp1hrubieszow.pl\/index.php\/wp-json\/wp\/v2\/types\/page"}],"author":[{"embeddable":true,"href":"https:\/\/sp1hrubieszow.pl\/index.php\/wp-json\/wp\/v2\/users\/2"}],"replies":[{"embeddable":true,"href":"https:\/\/sp1hrubieszow.pl\/index.php\/wp-json\/wp\/v2\/comments?post=24953"}],"version-history":[{"count":1,"href":"https:\/\/sp1hrubieszow.pl\/index.php\/wp-json\/wp\/v2\/pages\/24953\/revisions"}],"predecessor-version":[{"id":24954,"href":"https:\/\/sp1hrubieszow.pl\/index.php\/wp-json\/wp\/v2\/pages\/24953\/revisions\/24954"}],"up":[{"embeddable":true,"href":"https:\/\/sp1hrubieszow.pl\/index.php\/wp-json\/wp\/v2\/pages\/5983"}],"wp:attachment":[{"href":"https:\/\/sp1hrubieszow.pl\/index.php\/wp-json\/wp\/v2\/media?parent=24953"}],"curies":[{"name":"wp","href":"https:\/\/api.w.org\/{rel}","templated":true}]}}