{"id":24939,"date":"2024-03-16T20:32:12","date_gmt":"2024-03-16T19:32:12","guid":{"rendered":"https:\/\/sp1hrubieszow.pl\/?page_id=24939"},"modified":"2024-03-16T20:32:43","modified_gmt":"2024-03-16T19:32:43","slug":"liczba-pi-rzadzi","status":"publish","type":"page","link":"https:\/\/sp1hrubieszow.pl\/index.php\/kronika-2020-2021\/liczba-pi-rzadzi\/","title":{"rendered":"Liczba Pi rz\u0105dzi"},"content":{"rendered":"\n<div dir=\"auto\"><span style=\"color: #000080;\">Z okazji \u015awiatowego Dnia Liczby Pi 14 marca u uczni\u00f3w klasy 6b oraz 5a na lekcjach j\u0119zyka polskiego zawita\u0142a kr\u00f3lowa nauk -matematyka. Uczniowie rozwi\u0105zywali rebus, z kt\u00f3rego dowiedzieli si\u0119, \u017ce Liczb\u0119 Pi nazywamy Ludolfin\u0105. Uzupe\u0142niali krzy\u017c\u00f3wk\u0119, w kt\u00f3rej ka\u017cdy wyraz zaczyna\u0142 si\u0119 na &#8222;pi&#8221;, a potem wyrazy te zapisywali w kolejno\u015bci alfabetycznej oraz rozpoznawali cz\u0119\u015bci mowy. Poza tym uczniowie klasy 6b pisali kr\u00f3tkie pi &#8211; opowiadania <span class=\"x3nfvp2 x1j61x8r x1fcty0u xdj266r xhhsvwb xat24cr xgzva0m xxymvpz xlup9mm x1kky2od\"><img loading=\"lazy\" decoding=\"async\" class=\"xz74otr\" src=\"https:\/\/static.xx.fbcdn.net\/images\/emoji.php\/v9\/tb0\/1.5\/16\/1f609.png\" alt=\"?\" width=\"16\" height=\"16\"><\/span> Nie zabrak\u0142o r\u00f3wnie\u017c wiersza &#8222;Liczba Pi&#8221; Wis\u0142awy Szymborskiej. Klasa 6b \u015bwi\u0119towa\u0142a tak\u017ce podczas zaj\u0119\u0107 z wychowawc\u0105. Uczniowie musieli zmierzy\u0107 si\u0119 z frazeologizmami z liczbami, aby wyj\u015b\u0107 z klasowego pokoju zagadek <span class=\"x3nfvp2 x1j61x8r x1fcty0u xdj266r xhhsvwb xat24cr xgzva0m xxymvpz xlup9mm x1kky2od\"><img loading=\"lazy\" decoding=\"async\" class=\"xz74otr\" src=\"https:\/\/static.xx.fbcdn.net\/images\/emoji.php\/v9\/t26\/1.5\/16\/1f643.png\" alt=\"?\" width=\"16\" height=\"16\"><\/span><\/span><\/div>\n<div dir=\"auto\"><span style=\"color: #000080;\">Za rok na pewno ponownie zaprosimy kr\u00f3low\u0105 nauk na lekcje j\u0119zyka polskiego, poniewa\u017c okaza\u0142o si\u0119, \u017ce takie wizyty s\u0105 przez uczni\u00f3w mile widziane <span class=\"x3nfvp2 x1j61x8r x1fcty0u xdj266r xhhsvwb xat24cr xgzva0m xxymvpz xlup9mm x1kky2od\"><img loading=\"lazy\" decoding=\"async\" class=\"xz74otr\" src=\"https:\/\/static.xx.fbcdn.net\/images\/emoji.php\/v9\/tf3\/1.5\/16\/2764.png\" alt=\"\u2764\ufe0f\" width=\"16\" height=\"16\"><\/span><\/span><\/div>\n<div dir=\"auto\" style=\"text-align: right;\"><span style=\"color: #000080;\">Marta Lackowska<\/span><\/div>\n\n\n\nngg_shortcode_0_placeholder\n","protected":false},"excerpt":{"rendered":"<p>Z okazji \u015awiatowego Dnia Liczby Pi 14 marca u uczni\u00f3w klasy 6b oraz 5a na lekcjach j\u0119zyka polskiego zawita\u0142a kr\u00f3lowa nauk -matematyka. Uczniowie rozwi\u0105zywali rebus, z kt\u00f3rego dowiedzieli si\u0119, \u017ce Liczb\u0119 Pi nazywamy Ludolfin\u0105. Uzupe\u0142niali krzy\u017c\u00f3wk\u0119, w kt\u00f3rej ka\u017cdy wyraz zaczyna\u0142 si\u0119 na &#8222;pi&#8221;, a potem wyrazy te zapisywali w kolejno\u015bci alfabetycznej oraz rozpoznawali cz\u0119\u015bci [&hellip;]<\/p>\n","protected":false},"author":2,"featured_media":0,"parent":5983,"menu_order":0,"comment_status":"closed","ping_status":"closed","template":"","meta":{"ngg_post_thumbnail":0,"footnotes":""},"class_list":["post-24939","page","type-page","status-publish","hentry"],"_links":{"self":[{"href":"https:\/\/sp1hrubieszow.pl\/index.php\/wp-json\/wp\/v2\/pages\/24939","targetHints":{"allow":["GET"]}}],"collection":[{"href":"https:\/\/sp1hrubieszow.pl\/index.php\/wp-json\/wp\/v2\/pages"}],"about":[{"href":"https:\/\/sp1hrubieszow.pl\/index.php\/wp-json\/wp\/v2\/types\/page"}],"author":[{"embeddable":true,"href":"https:\/\/sp1hrubieszow.pl\/index.php\/wp-json\/wp\/v2\/users\/2"}],"replies":[{"embeddable":true,"href":"https:\/\/sp1hrubieszow.pl\/index.php\/wp-json\/wp\/v2\/comments?post=24939"}],"version-history":[{"count":1,"href":"https:\/\/sp1hrubieszow.pl\/index.php\/wp-json\/wp\/v2\/pages\/24939\/revisions"}],"predecessor-version":[{"id":24940,"href":"https:\/\/sp1hrubieszow.pl\/index.php\/wp-json\/wp\/v2\/pages\/24939\/revisions\/24940"}],"up":[{"embeddable":true,"href":"https:\/\/sp1hrubieszow.pl\/index.php\/wp-json\/wp\/v2\/pages\/5983"}],"wp:attachment":[{"href":"https:\/\/sp1hrubieszow.pl\/index.php\/wp-json\/wp\/v2\/media?parent=24939"}],"curies":[{"name":"wp","href":"https:\/\/api.w.org\/{rel}","templated":true}]}}