{"id":24928,"date":"2024-03-11T06:05:36","date_gmt":"2024-03-11T05:05:36","guid":{"rendered":"https:\/\/sp1hrubieszow.pl\/?page_id=24928"},"modified":"2024-03-11T06:06:02","modified_gmt":"2024-03-11T05:06:02","slug":"po-co-komu-plotka","status":"publish","type":"page","link":"https:\/\/sp1hrubieszow.pl\/index.php\/kronika-2020-2021\/po-co-komu-plotka\/","title":{"rendered":"Po co komu plotka?"},"content":{"rendered":"\n<p><span style=\"color: #000080;\">08.03.2024r. Lekturynki z kolegami z klasy 3a podj\u0119\u0142y temat : Po co komu plotka? na podstawie ksi\u0105\u017cki &#8222;Jab\u0142ka pana Peabodyego&#8221; Madonny&#8230;. podczas zaj\u0119\u0107 w Hrubieszowskim Centrum Dziedzictwa. Prowadzi\u0142a je , jak zwykle, niesamowicie intryguj\u0105co i wci\u0105gaj\u0105co pani Beatka Panasewicz. Uczestnicy dzi\u0119kuj\u0105 bardzo za t\u0105 cenn\u0105 \u017cyciow\u0105 lekcj\u0119.<\/span><\/p>\nngg_shortcode_0_placeholder\n","protected":false},"excerpt":{"rendered":"<p>08.03.2024r. Lekturynki z kolegami z klasy 3a podj\u0119\u0142y temat : Po co komu plotka? na podstawie ksi\u0105\u017cki &#8222;Jab\u0142ka pana Peabodyego&#8221; Madonny&#8230;. podczas zaj\u0119\u0107 w Hrubieszowskim Centrum Dziedzictwa. Prowadzi\u0142a je , jak zwykle, niesamowicie intryguj\u0105co i wci\u0105gaj\u0105co pani Beatka Panasewicz. Uczestnicy dzi\u0119kuj\u0105 bardzo za t\u0105 cenn\u0105 \u017cyciow\u0105 lekcj\u0119.<\/p>\n","protected":false},"author":2,"featured_media":0,"parent":5983,"menu_order":0,"comment_status":"closed","ping_status":"closed","template":"","meta":{"ngg_post_thumbnail":0,"footnotes":""},"class_list":["post-24928","page","type-page","status-publish","hentry"],"_links":{"self":[{"href":"https:\/\/sp1hrubieszow.pl\/index.php\/wp-json\/wp\/v2\/pages\/24928","targetHints":{"allow":["GET"]}}],"collection":[{"href":"https:\/\/sp1hrubieszow.pl\/index.php\/wp-json\/wp\/v2\/pages"}],"about":[{"href":"https:\/\/sp1hrubieszow.pl\/index.php\/wp-json\/wp\/v2\/types\/page"}],"author":[{"embeddable":true,"href":"https:\/\/sp1hrubieszow.pl\/index.php\/wp-json\/wp\/v2\/users\/2"}],"replies":[{"embeddable":true,"href":"https:\/\/sp1hrubieszow.pl\/index.php\/wp-json\/wp\/v2\/comments?post=24928"}],"version-history":[{"count":1,"href":"https:\/\/sp1hrubieszow.pl\/index.php\/wp-json\/wp\/v2\/pages\/24928\/revisions"}],"predecessor-version":[{"id":24929,"href":"https:\/\/sp1hrubieszow.pl\/index.php\/wp-json\/wp\/v2\/pages\/24928\/revisions\/24929"}],"up":[{"embeddable":true,"href":"https:\/\/sp1hrubieszow.pl\/index.php\/wp-json\/wp\/v2\/pages\/5983"}],"wp:attachment":[{"href":"https:\/\/sp1hrubieszow.pl\/index.php\/wp-json\/wp\/v2\/media?parent=24928"}],"curies":[{"name":"wp","href":"https:\/\/api.w.org\/{rel}","templated":true}]}}