{"id":24877,"date":"2024-03-07T20:13:49","date_gmt":"2024-03-07T19:13:49","guid":{"rendered":"https:\/\/sp1hrubieszow.pl\/?page_id=24877"},"modified":"2024-03-22T20:51:04","modified_gmt":"2024-03-22T19:51:04","slug":"miedzynarodowy-dzien-jezyka-ojczystego","status":"publish","type":"page","link":"https:\/\/sp1hrubieszow.pl\/index.php\/kronika-2019-2020\/miedzynarodowy-dzien-jezyka-ojczystego\/","title":{"rendered":"Mi\u0119dzynarodowy Dzie\u0144 J\u0119zyka Ojczystego"},"content":{"rendered":"\n<p><span style=\"color: #000080;\">Z okazji przypadaj\u0105cego 21 lutego Mi\u0119dzynarodowego Dnia J\u0119zyka Ojczystego w naszej szkole odby\u0142y si\u0119 2 konkursy. Dodatkowo zosta\u0142a wykonana gazetka tematyczna dotycz\u0105ca tego dnia, a tak\u017ce na drzwiach do sal lekcyjnych pojawi\u0142y si\u0119 teksty wierszy <\/span><br><span style=\"color: #000080;\">z trudnymi w wymowie s\u0142owami i wyra\u017ceniami.<\/span><\/p>\n<p><span style=\"color: #000080;\">Konkurs pi\u0119knego czytania \u0142ama\u0144c\u00f3w j\u0119zykowych przeznaczony by\u0142 dla uczni\u00f3w &nbsp;<\/span><br><span style=\"color: #000080;\">klas 4 -8. Komisja konkursowa w sk\u0142adzie: Aneta Rycerz, Sylwia Wojak i Anna Czernysz wy\u0142oni\u0142a na poziomie poszczeg\u00f3lnych klas nast\u0119puj\u0105cych laureat\u00f3w:<\/span><\/p>\n<p><span style=\"color: #000080;\"><u>Klasy 4<\/u><\/span><\/p>\n<p><span style=\"color: #000080;\">I miejsce: Jagoda Szczepanik kl. 4a<\/span><\/p>\n<p><span style=\"color: #000080;\">II miejsce: Karolina Banach kl. 4a<\/span><\/p>\n<p><span style=\"color: #000080;\">III miejsce: Arkadiusz Dragun kl. 4b<\/span><\/p>\n<p><span style=\"color: #000080;\"><u>Klasy 5<\/u><\/span><\/p>\n<p><span style=\"color: #000080;\">I miejsce: Lena Ni\u017anikowska kl. 5c<\/span><\/p>\n<p><span style=\"color: #000080;\">II miejsce: Izabela Maksymowicz kl. 5b<\/span><\/p>\n<p><span style=\"color: #000080;\">III miejsce: Szymon Paw\u0142owski kl. 5a<\/span><\/p>\n<p><span style=\"color: #000080;\"><u>Klasy 6<\/u><\/span><\/p>\n<p><span style=\"color: #000080;\">I miejsce: Nikola Podg\u00f3rska kl. 6c<\/span><\/p>\n<p><span style=\"color: #000080;\">II miejsce: Miko\u0142aj Karpiuk kl. 6b<\/span><\/p>\n<p><span style=\"color: #000080;\">III miejsce: Mi\u0142osz Brudnowski kl. 6a<\/span><\/p>\n<p><span style=\"color: #000080;\"><u>Klasy 7 i 8<\/u><\/span><\/p>\n<p><span style=\"color: #000080;\">I miejsce: Aleksander Kurantowicz kl. 7c<\/span><\/p>\n<p><span style=\"color: #000080;\">II miejsce: Nikola Kosza\u0142ka kl. 7b<\/span><\/p>\n<p><span style=\"color: #000080;\">III miejsce: Bart\u0142omiej \u017byra kl. 7a<\/span><\/p>\n<p><span style=\"color: #000080;\">Wyr\u00f3\u017cnienie: Miko\u0142aj Czerkawski kl. 8a<\/span><\/p>\n<p><span style=\"color: #000080;\">21 lutego 2024r. laureaci konkursu otrzymali z r\u0105k Pani Dyrektor Edyty Kucharskiej pami\u0105tkowe dyplomy. Zostali r\u00f3wnie\u017c nagrodzeni ocenami celuj\u0105cymi z j\u0119zyka polskiego. Pozostali uczniowie otrzymali oceny bardzo dobre z tego przedmiotu.<\/span><\/p>\n<p><span style=\"color: #000080;\">Kolejny konkurs to szkolny konkurs plastyczny \u201eCo to znaczy&#8230;\u201d, kt\u00f3ry polega\u0142 <\/span><br><span style=\"color: #000080;\">na plastycznym zilustrowaniu zwi\u0105zk\u00f3w frazeologicznych i homonim\u00f3w. <\/span><br><span style=\"color: #000080;\">Oto wyniki tego konkursu:<\/span><br><br><span style=\"color: #000080;\">klasy 1-3<\/span><br><br><span style=\"color: #000080;\">I miejsce &#8211; Go\u0142\u0119biowski Dawid<\/span><br><span style=\"color: #000080;\">II miejsce &#8211; Zieli\u0144ska Antonina<\/span><br><span style=\"color: #000080;\">III miejsce &#8211; Lachowicz Aniela<\/span><br><br><span style=\"color: #000080;\">klasy 4-8<\/span><br><br><span style=\"color: #000080;\">I miejsce &#8211; Kornaszewski Dawid<\/span><br><span style=\"color: #000080;\">II miejsce &#8211; Tysowecka Maja<\/span><br><span style=\"color: #000080;\">III miejsce &#8211; Badaszczuk Eryk<\/span><br><br><span style=\"color: #000080;\">Wyr\u00f3\u017cnienia:<\/span><br><span style=\"color: #000080;\">Kusiak Laura, Krawiec Szymon, Lewandowska Nina, Janusz Fabian, Pawlos Patrycja<\/span><\/p>\nngg_shortcode_0_placeholder\n","protected":false},"excerpt":{"rendered":"<p>Z okazji przypadaj\u0105cego 21 lutego Mi\u0119dzynarodowego Dnia J\u0119zyka Ojczystego w naszej szkole odby\u0142y si\u0119 2 konkursy. Dodatkowo zosta\u0142a wykonana gazetka tematyczna dotycz\u0105ca tego dnia, a tak\u017ce na drzwiach do sal lekcyjnych pojawi\u0142y si\u0119 teksty wierszy z trudnymi w wymowie s\u0142owami i wyra\u017ceniami. Konkurs pi\u0119knego czytania \u0142ama\u0144c\u00f3w j\u0119zykowych przeznaczony by\u0142 dla uczni\u00f3w &nbsp;klas 4 -8. Komisja [&hellip;]<\/p>\n","protected":false},"author":4,"featured_media":0,"parent":2167,"menu_order":0,"comment_status":"closed","ping_status":"closed","template":"","meta":{"ngg_post_thumbnail":0,"footnotes":""},"class_list":["post-24877","page","type-page","status-publish","hentry"],"_links":{"self":[{"href":"https:\/\/sp1hrubieszow.pl\/index.php\/wp-json\/wp\/v2\/pages\/24877","targetHints":{"allow":["GET"]}}],"collection":[{"href":"https:\/\/sp1hrubieszow.pl\/index.php\/wp-json\/wp\/v2\/pages"}],"about":[{"href":"https:\/\/sp1hrubieszow.pl\/index.php\/wp-json\/wp\/v2\/types\/page"}],"author":[{"embeddable":true,"href":"https:\/\/sp1hrubieszow.pl\/index.php\/wp-json\/wp\/v2\/users\/4"}],"replies":[{"embeddable":true,"href":"https:\/\/sp1hrubieszow.pl\/index.php\/wp-json\/wp\/v2\/comments?post=24877"}],"version-history":[{"count":3,"href":"https:\/\/sp1hrubieszow.pl\/index.php\/wp-json\/wp\/v2\/pages\/24877\/revisions"}],"predecessor-version":[{"id":25005,"href":"https:\/\/sp1hrubieszow.pl\/index.php\/wp-json\/wp\/v2\/pages\/24877\/revisions\/25005"}],"up":[{"embeddable":true,"href":"https:\/\/sp1hrubieszow.pl\/index.php\/wp-json\/wp\/v2\/pages\/2167"}],"wp:attachment":[{"href":"https:\/\/sp1hrubieszow.pl\/index.php\/wp-json\/wp\/v2\/media?parent=24877"}],"curies":[{"name":"wp","href":"https:\/\/api.w.org\/{rel}","templated":true}]}}