{"id":24842,"date":"2024-03-06T20:31:18","date_gmt":"2024-03-06T19:31:18","guid":{"rendered":"https:\/\/sp1hrubieszow.pl\/?page_id=24842"},"modified":"2024-03-06T20:31:45","modified_gmt":"2024-03-06T19:31:45","slug":"sukces-uczniow-sp1-w-otwp","status":"publish","type":"page","link":"https:\/\/sp1hrubieszow.pl\/index.php\/kronika-2020-2021\/sukces-uczniow-sp1-w-otwp\/","title":{"rendered":"Sukces uczni\u00f3w SP1 w OTWP"},"content":{"rendered":"\n<p><span style=\"color: #000080;\">4 marca 2024r.w HDK odby\u0142y si\u0119 eliminacje gminne Og\u00f3lnopolskiego Turnieju Wiedzy Po\u017carniczej \u201eM\u0142odzie\u017c zapobiega po\u017carom\u201d. <span class=\"x3nfvp2 x1j61x8r x1fcty0u xdj266r xhhsvwb xat24cr xgzva0m xxymvpz xlup9mm x1kky2od\"><img loading=\"lazy\" decoding=\"async\" class=\"xz74otr\" src=\"https:\/\/static.xx.fbcdn.net\/images\/emoji.php\/v9\/tda\/1.5\/16\/1f469_200d_1f692.png\" alt=\"?\u200d?\" width=\"16\" height=\"16\"><\/span> W eliminacjach rywalizowa\u0142o 6 uczni\u00f3w z naszej szko\u0142y, kt\u00f3rzy zaj\u0119li: grupa I 1 miejsce &#8211; Bart\u0142omiej Tomaszczuk, 2 miejsce &#8211; Urszula Nowak, 3 miejsce &#8211; Dawid Kornaszewski, grupa II 1 miejsce &#8211; Miko\u0142aj Karpiuk, 3 miejsce &#8211; Karolina Danilczuk, Do etapu powiatowego Turnieju Wiedzy Po\u017carniczej, zakwalifikowali si\u0119: 1. Bart\u0142omiej Tomaszczuk\u2013gr. I 2. Miko\u0142aj Karpiuk\u2013 gr. II <\/span><\/p>\n<p><span style=\"color: #000080;\">Serdecznie gratulujemy uczestnikom i \u017cyczymy powodzenia w dalszym etapie turnieju!<\/span> <span class=\"x3nfvp2 x1j61x8r x1fcty0u xdj266r xhhsvwb xat24cr xgzva0m xxymvpz xlup9mm x1kky2od\"><img loading=\"lazy\" decoding=\"async\" class=\"xz74otr\" src=\"https:\/\/static.xx.fbcdn.net\/images\/emoji.php\/v9\/t57\/1.5\/16\/1f44f.png\" alt=\"?\" width=\"16\" height=\"16\"><\/span><\/p>\nngg_shortcode_0_placeholder\n","protected":false},"excerpt":{"rendered":"<p>4 marca 2024r.w HDK odby\u0142y si\u0119 eliminacje gminne Og\u00f3lnopolskiego Turnieju Wiedzy Po\u017carniczej \u201eM\u0142odzie\u017c zapobiega po\u017carom\u201d. W eliminacjach rywalizowa\u0142o 6 uczni\u00f3w z naszej szko\u0142y, kt\u00f3rzy zaj\u0119li: grupa I 1 miejsce &#8211; Bart\u0142omiej Tomaszczuk, 2 miejsce &#8211; Urszula Nowak, 3 miejsce &#8211; Dawid Kornaszewski, grupa II 1 miejsce &#8211; Miko\u0142aj Karpiuk, 3 miejsce &#8211; Karolina Danilczuk, Do [&hellip;]<\/p>\n","protected":false},"author":2,"featured_media":0,"parent":5983,"menu_order":0,"comment_status":"closed","ping_status":"closed","template":"","meta":{"ngg_post_thumbnail":0,"footnotes":""},"class_list":["post-24842","page","type-page","status-publish","hentry"],"_links":{"self":[{"href":"https:\/\/sp1hrubieszow.pl\/index.php\/wp-json\/wp\/v2\/pages\/24842","targetHints":{"allow":["GET"]}}],"collection":[{"href":"https:\/\/sp1hrubieszow.pl\/index.php\/wp-json\/wp\/v2\/pages"}],"about":[{"href":"https:\/\/sp1hrubieszow.pl\/index.php\/wp-json\/wp\/v2\/types\/page"}],"author":[{"embeddable":true,"href":"https:\/\/sp1hrubieszow.pl\/index.php\/wp-json\/wp\/v2\/users\/2"}],"replies":[{"embeddable":true,"href":"https:\/\/sp1hrubieszow.pl\/index.php\/wp-json\/wp\/v2\/comments?post=24842"}],"version-history":[{"count":1,"href":"https:\/\/sp1hrubieszow.pl\/index.php\/wp-json\/wp\/v2\/pages\/24842\/revisions"}],"predecessor-version":[{"id":24843,"href":"https:\/\/sp1hrubieszow.pl\/index.php\/wp-json\/wp\/v2\/pages\/24842\/revisions\/24843"}],"up":[{"embeddable":true,"href":"https:\/\/sp1hrubieszow.pl\/index.php\/wp-json\/wp\/v2\/pages\/5983"}],"wp:attachment":[{"href":"https:\/\/sp1hrubieszow.pl\/index.php\/wp-json\/wp\/v2\/media?parent=24842"}],"curies":[{"name":"wp","href":"https:\/\/api.w.org\/{rel}","templated":true}]}}