{"id":24787,"date":"2024-03-06T19:53:33","date_gmt":"2024-03-06T18:53:33","guid":{"rendered":"https:\/\/sp1hrubieszow.pl\/?page_id=24787"},"modified":"2024-03-06T20:00:11","modified_gmt":"2024-03-06T19:00:11","slug":"podsumowanie-obchodow-dnia-bezpiecznego-internetu2024","status":"publish","type":"page","link":"https:\/\/sp1hrubieszow.pl\/index.php\/kronika-2020-2021\/podsumowanie-obchodow-dnia-bezpiecznego-internetu2024\/","title":{"rendered":"Podsumowanie obchod\u00f3w \u201eDnia Bezpiecznego Internetu\u20192024\u201d"},"content":{"rendered":"\n\n\n<div class=\"xdj266r x11i5rnm xat24cr x1mh8g0r x1vvkbs x126k92a\">\n<div dir=\"auto\"><span style=\"color: #000080;\">W miesi\u0105cu lutym 2024r., w Szkole Podstawowej Nr 1 im. Boles\u0142awa Prusa w Hrubieszowie, zorganizowano dzia\u0142ania w ramach zg\u0142oszonej inicjatywy organizacji lokalnych obchod\u00f3w DBI \u201eDzia\u0142amy razem\u201d. W klasach odbywa\u0142y si\u0119 zaj\u0119cia edukacyjne, dotycz\u0105ce bezpiecze\u0144stwa w Internecie, nauczyciele i rodzice otrzymali materia\u0142y edukacyjne a uczni\u00f3w zaproszono do udzia\u0142u<\/span><\/div>\n<div dir=\"auto\"><span style=\"color: #000080;\">w konkursach profilaktycznych.<\/span><\/div>\n<div dir=\"auto\"><span style=\"color: #000080;\">W og\u0142oszonym dla klas 1-3 indywidualnym konkursie plastyczno-literackim pt. \u201eWa\u017cna zasada bezpiecznego Internetu\u201d nagrody zdobyli:<\/span><\/div>\n<div dir=\"auto\"><span style=\"color: #000080;\">I miejsca: Zuzanna Przybylak z kl. 3a (konkurs literacki) oraz Laura Kusiak z kl. 2b (konkurs plastyczny)<\/span><\/div>\n<div dir=\"auto\"><span style=\"color: #000080;\">II miejsce: Eliza Su\u0142ek z kl. 3b<\/span><\/div>\n<div dir=\"auto\"><span style=\"color: #000080;\">III miejsce: Mi\u0142osz Raczy\u0144ski z kl. 3b<\/span><\/div>\n<div dir=\"auto\"><span style=\"color: #000080;\">Wyr\u00f3\u017cnienia:<\/span><\/div>\n<div dir=\"auto\"><span style=\"color: #000080;\">1. Julia Bogucka z kl. 1b<\/span><\/div>\n<div dir=\"auto\"><span style=\"color: #000080;\">2. Micha\u0142 Zaj\u0105c z kl. 1c<\/span><\/div>\n<div dir=\"auto\"><span style=\"color: #000080;\">3.Magdalena Chabros z kl. 2b<\/span><\/div>\n<div dir=\"auto\"><span style=\"color: #000080;\">4.Eliza Foks z kl. 2b<\/span><\/div>\n<div dir=\"auto\"><span style=\"color: #000080;\">5.Aleksandra Dragun z kl. 3c<\/span><\/div>\n<div dir=\"auto\"><span style=\"color: #000080;\">6. Agata Rojek z kl. 3a<\/span><\/div>\n<div dir=\"auto\"><span style=\"color: #000080;\">7.Zuzanna Korneluk z kl. 3a<\/span><\/div>\n<div dir=\"auto\"><span style=\"color: #000080;\">8.Julia Michalczewska z kl. 3b<\/span><\/div>\n<div dir=\"auto\"><span style=\"color: #000080;\">9. Nina Lewandowska z kl. 3b<\/span><\/div>\n<div dir=\"auto\"><span style=\"color: #000080;\">W konkursie zespo\u0142owym dla klas 4-8 pt. \u201eBezpieczny Internet\u201d uczniowie wykonywali plakat profilaktyczny oraz przyst\u0105pili do testu wiedzy o bezpiecze\u0144stwie w sieci. Po zsumowaniu punkt\u00f3w z obu konkurencji, wy\u0142oniono zwyci\u0119zc\u00f3w w pionach poszczeg\u00f3lnych klas.<\/span><\/div>\n<div dir=\"auto\"><span style=\"color: #000080;\">W zespo\u0142owym konkursie \u201eBezpieczny Internet\u201d nagrody zdobyli uczniowie klas:<\/span><\/div>\n<div dir=\"auto\"><span style=\"color: #000080;\">Klasy czwarte:<\/span><\/div>\n<div dir=\"auto\"><span style=\"color: #000080;\">I miejsce klasa 4b (wych. p. Ma\u0142gorzata Szumiata) 43 punkty<\/span><\/div>\n<div dir=\"auto\"><span style=\"color: #000080;\">II miejsce klasa 4a (wych. p. Monika Anigacz) 36,5 pkt<\/span><\/div>\n<div dir=\"auto\"><span style=\"color: #000080;\">Klasy pi\u0105te:<\/span><\/div>\n<div dir=\"auto\"><span style=\"color: #000080;\">I miejsca: klasa 5a (wych. p. Monika Czulak) 38 pkt i klasa 5c (wych. p. Justyna Przybik) 38 pkt<\/span><\/div>\n<div dir=\"auto\"><span style=\"color: #000080;\">II miejsce: klasa 5b (wych. p. Arleta Kowalska) 37pkt<\/span><\/div>\n<div dir=\"auto\"><span style=\"color: #000080;\">Klasy sz\u00f3ste:<\/span><\/div>\n<div dir=\"auto\"><span style=\"color: #000080;\">I miejsce klasa 6c (wych. p. Monika Jako\u015b-W\u00f3r) 45 pkt<\/span><\/div>\n<div dir=\"auto\"><span style=\"color: #000080;\">II miejsce klasa 6b (wych. p. Marta Lackowska) 41 pkt<\/span><\/div>\n<div dir=\"auto\"><span style=\"color: #000080;\">III miejsce klasa 6a (wych. p. Edyta Miller-Wiatrowska) 13 pkt<\/span><\/div>\n<div dir=\"auto\"><span style=\"color: #000080;\">Klasy si\u00f3dme<\/span><\/div>\n<div dir=\"auto\"><span style=\"color: #000080;\">I miejsce: klasa 7c (wych. p. Anna Lewandowska) 45,5pkt<\/span><\/div>\n<div dir=\"auto\"><span style=\"color: #000080;\">II miejsce: klasa 7a (wych. p. Anna Suwa\u0142a) 42,5 pkt<\/span><\/div>\n<div dir=\"auto\"><span style=\"color: #000080;\">III miejsce: klasa 7b (p. Ewa Filipowicz-Sidorczuk) 39 pkt<\/span><\/div>\n<div dir=\"auto\"><span style=\"color: #000080;\">Klasa \u00f3sma:<\/span><\/div>\n<div dir=\"auto\"><span style=\"color: #000080;\">I miejsce klasa 8a (wych. p. Ewa Szostak) 39,5pkt<\/span><\/div>\n<\/div>\n<div class=\"x11i5rnm xat24cr x1mh8g0r x1vvkbs xtlvy1s x126k92a\">\n<div dir=\"auto\"><span style=\"color: #000080;\">W konkursie przyznano nagrody indywidualne:<\/span><\/div>\n<div dir=\"auto\"><span style=\"color: #000080;\">-za najwy\u017cszy wynik w te\u015bcie wiedzy nagrodzono Szymona Paw\u0142owskiego z kl. 5a,<\/span><\/div>\n<div dir=\"auto\"><span style=\"color: #000080;\">-za postaw\u0119 \u201efair play\u201d podczas konkursu nagrodzono Kacpra \u017bura z kl. 6a.<\/span><\/div>\n<\/div>\n<div class=\"x11i5rnm xat24cr x1mh8g0r x1vvkbs xtlvy1s x126k92a\">\n<div dir=\"auto\"><span style=\"color: #000080;\">Uczniowie zostali nagrodzeni dyplomami i nagrodami w dniach 5-6.03.2024r. Nagrody zosta\u0142y ufundowane przez Gmin\u0119 Miejsk\u0105 Hrubiesz\u00f3w w ramach programu \u201e Profilaktyka z (moj\u0105) klas\u0105\u201d. Koordynatorem Inicjatywy lokalnej DBI\u20192024 oraz organizatorem konkurs\u00f3w z okazji &#8222;Dnia Bezpiecznego Internetu&#8221; by\u0142a p. Marta Kuczy\u0144ska, pedagog szkolny.<\/span><\/div>\n<div dir=\"auto\"><span style=\"color: #000080;\">Szko\u0142a Podstawowa Nr 1 w Hrubieszowie otrzyma\u0142a pami\u0105tkowe za\u015bwiadczenie o organizacji lokalnych obchod\u00f3w Dnia Bezpiecznego Internetu 2024r.&#8221;<\/span><\/div>\n<div dir=\"auto\"><span style=\"color: #000080;\">Pami\u0119tajmy o wa\u017cnych zasadach bezpiecze\u0144stwa w sieci oraz higienie cyfrowej na co dzie\u0144!<\/span><\/div>\n<div dir=\"auto\">\nngg_shortcode_0_placeholder\n<\/div>\n<div dir=\"auto\">&nbsp;<\/div>\n<div dir=\"auto\">&nbsp;<\/div>\n<\/div>\n","protected":false},"excerpt":{"rendered":"<p>W miesi\u0105cu lutym 2024r., w Szkole Podstawowej Nr 1 im. Boles\u0142awa Prusa w Hrubieszowie, zorganizowano dzia\u0142ania w ramach zg\u0142oszonej inicjatywy organizacji lokalnych obchod\u00f3w DBI \u201eDzia\u0142amy razem\u201d. W klasach odbywa\u0142y si\u0119 zaj\u0119cia edukacyjne, dotycz\u0105ce bezpiecze\u0144stwa w Internecie, nauczyciele i rodzice otrzymali materia\u0142y edukacyjne a uczni\u00f3w zaproszono do udzia\u0142u w konkursach profilaktycznych. W og\u0142oszonym dla klas 1-3 [&hellip;]<\/p>\n","protected":false},"author":2,"featured_media":0,"parent":5983,"menu_order":0,"comment_status":"closed","ping_status":"closed","template":"","meta":{"ngg_post_thumbnail":0,"footnotes":""},"class_list":["post-24787","page","type-page","status-publish","hentry"],"_links":{"self":[{"href":"https:\/\/sp1hrubieszow.pl\/index.php\/wp-json\/wp\/v2\/pages\/24787","targetHints":{"allow":["GET"]}}],"collection":[{"href":"https:\/\/sp1hrubieszow.pl\/index.php\/wp-json\/wp\/v2\/pages"}],"about":[{"href":"https:\/\/sp1hrubieszow.pl\/index.php\/wp-json\/wp\/v2\/types\/page"}],"author":[{"embeddable":true,"href":"https:\/\/sp1hrubieszow.pl\/index.php\/wp-json\/wp\/v2\/users\/2"}],"replies":[{"embeddable":true,"href":"https:\/\/sp1hrubieszow.pl\/index.php\/wp-json\/wp\/v2\/comments?post=24787"}],"version-history":[{"count":4,"href":"https:\/\/sp1hrubieszow.pl\/index.php\/wp-json\/wp\/v2\/pages\/24787\/revisions"}],"predecessor-version":[{"id":24833,"href":"https:\/\/sp1hrubieszow.pl\/index.php\/wp-json\/wp\/v2\/pages\/24787\/revisions\/24833"}],"up":[{"embeddable":true,"href":"https:\/\/sp1hrubieszow.pl\/index.php\/wp-json\/wp\/v2\/pages\/5983"}],"wp:attachment":[{"href":"https:\/\/sp1hrubieszow.pl\/index.php\/wp-json\/wp\/v2\/media?parent=24787"}],"curies":[{"name":"wp","href":"https:\/\/api.w.org\/{rel}","templated":true}]}}