{"id":24561,"date":"2024-03-05T18:41:43","date_gmt":"2024-03-05T17:41:43","guid":{"rendered":"https:\/\/sp1hrubieszow.pl\/?page_id=24561"},"modified":"2024-03-05T18:41:57","modified_gmt":"2024-03-05T17:41:57","slug":"4-miejsce-dziewczat-w-finale-wojewodzkim-w-mini-koszykowce","status":"publish","type":"page","link":"https:\/\/sp1hrubieszow.pl\/index.php\/kronika-2020-2021\/4-miejsce-dziewczat-w-finale-wojewodzkim-w-mini-koszykowce\/","title":{"rendered":"4 miejsce dziewcz\u0105t w Finale Wojew\u00f3dzkim w mini koszyk\u00f3wce"},"content":{"rendered":"\n<div class=\"x11i5rnm xat24cr x1mh8g0r x1vvkbs xtlvy1s x126k92a\">\n<div dir=\"auto\"><span style=\"color: #000080;\">05 marca nasze dziewcz\u0119ta wzi\u0119\u0142y udzia\u0142 w Finale Wojew\u00f3dzkim w mini koszyk\u00f3wce kt\u00f3ry odby\u0142 si\u0119 w Kra\u015bniku. W wyniku losowania rozegrali\u015bmy mecze grupowe:<\/span><\/div>\n<div dir=\"auto\"><span style=\"color: #000080;\">SP 1 Hrubiesz\u00f3w &#8211; SP 8 Che\u0142m 49:5<\/span><\/div>\n<div dir=\"auto\"><span style=\"color: #000080;\">SP 1 Hrubiesz\u00f3w &#8211; SP Konstantyn\u00f3w 21-29<\/span><\/div>\n<\/div>\n<div class=\"x11i5rnm xat24cr x1mh8g0r x1vvkbs xtlvy1s x126k92a\">\n<div dir=\"auto\"><span style=\"color: #000080;\">W meczu o 3 miejsce przegrywamy z SP 52 Lublin 37-20, zajmuj\u0105c ostatecznie czwarte miejsce.<\/span><\/div>\n<\/div>\n<div class=\"x11i5rnm xat24cr x1mh8g0r x1vvkbs xtlvy1s x126k92a\">\n<div dir=\"auto\"><span style=\"color: #000080;\">By\u0142o to niesamowite do\u015bwiadczenie oraz przygoda,a sam awans do najlepszej sz\u00f3stki w wojew\u00f3dztwie by\u0142 naszym znacz\u0105cym osi\u0105gni\u0119ciem.<\/span><\/div>\n<div dir=\"auto\"><span style=\"color: #000080;\">Dziewcz\u0119ta zagra\u0142y w sk\u0142adzie:<\/span><\/div>\n<div dir=\"auto\"><span style=\"color: #000080;\">Maja Magdziak, Maja Klimkowska, Karolina Grzegorczyk, Martyna Balcer, Kornelia Mrozowska, Julia Kiszel, Hanna Sidorczuk, Anna Kie\u0142basa, Lena Pilipczuk, Eva Jankowska, Anastazja Szczur, Stepaniuk Marysia<\/span><\/div>\n<div dir=\"auto\"><span style=\"color: #000080;\">Opiekunem by\u0142 Tomasz Magdziak<\/span><\/div>\n<div dir=\"auto\">\nngg_shortcode_0_placeholder\n<\/div>\n<\/div>\n","protected":false},"excerpt":{"rendered":"<p>05 marca nasze dziewcz\u0119ta wzi\u0119\u0142y udzia\u0142 w Finale Wojew\u00f3dzkim w mini koszyk\u00f3wce kt\u00f3ry odby\u0142 si\u0119 w Kra\u015bniku. W wyniku losowania rozegrali\u015bmy mecze grupowe: SP 1 Hrubiesz\u00f3w &#8211; SP 8 Che\u0142m 49:5 SP 1 Hrubiesz\u00f3w &#8211; SP Konstantyn\u00f3w 21-29 W meczu o 3 miejsce przegrywamy z SP 52 Lublin 37-20, zajmuj\u0105c ostatecznie czwarte miejsce. By\u0142o to [&hellip;]<\/p>\n","protected":false},"author":2,"featured_media":0,"parent":5983,"menu_order":0,"comment_status":"closed","ping_status":"closed","template":"","meta":{"ngg_post_thumbnail":0,"footnotes":""},"class_list":["post-24561","page","type-page","status-publish","hentry"],"_links":{"self":[{"href":"https:\/\/sp1hrubieszow.pl\/index.php\/wp-json\/wp\/v2\/pages\/24561","targetHints":{"allow":["GET"]}}],"collection":[{"href":"https:\/\/sp1hrubieszow.pl\/index.php\/wp-json\/wp\/v2\/pages"}],"about":[{"href":"https:\/\/sp1hrubieszow.pl\/index.php\/wp-json\/wp\/v2\/types\/page"}],"author":[{"embeddable":true,"href":"https:\/\/sp1hrubieszow.pl\/index.php\/wp-json\/wp\/v2\/users\/2"}],"replies":[{"embeddable":true,"href":"https:\/\/sp1hrubieszow.pl\/index.php\/wp-json\/wp\/v2\/comments?post=24561"}],"version-history":[{"count":1,"href":"https:\/\/sp1hrubieszow.pl\/index.php\/wp-json\/wp\/v2\/pages\/24561\/revisions"}],"predecessor-version":[{"id":24562,"href":"https:\/\/sp1hrubieszow.pl\/index.php\/wp-json\/wp\/v2\/pages\/24561\/revisions\/24562"}],"up":[{"embeddable":true,"href":"https:\/\/sp1hrubieszow.pl\/index.php\/wp-json\/wp\/v2\/pages\/5983"}],"wp:attachment":[{"href":"https:\/\/sp1hrubieszow.pl\/index.php\/wp-json\/wp\/v2\/media?parent=24561"}],"curies":[{"name":"wp","href":"https:\/\/api.w.org\/{rel}","templated":true}]}}