{"id":24544,"date":"2024-03-04T20:16:43","date_gmt":"2024-03-04T19:16:43","guid":{"rendered":"https:\/\/sp1hrubieszow.pl\/?page_id=24544"},"modified":"2024-03-04T20:17:09","modified_gmt":"2024-03-04T19:17:09","slug":"dzien-otwarty-3","status":"publish","type":"page","link":"https:\/\/sp1hrubieszow.pl\/index.php\/kronika-2020-2021\/dzien-otwarty-3\/","title":{"rendered":"Dzie\u0144 Otwarty"},"content":{"rendered":"\n<div class=\"xdj266r x11i5rnm xat24cr x1mh8g0r x1vvkbs x126k92a\">\n<div dir=\"auto\"><span style=\"color: #000080;\">29 lutego 2024 r. go\u015bcili\u015bmy w murach naszej szko\u0142y wielu siedmiolatk\u00f3w &#8211; przysz\u0142ych pierwszoklasist\u00f3w oraz ich rodzic\u00f3w . Wszyscy nauczyciele oraz pracownicy szko\u0142y zadbali, aby go\u015bcie mogli w Dzie\u0144 Otwarty Szko\u0142y zapozna\u0107 si\u0119 z nasz\u0105 ofert\u0105 i pozna\u0107 jej najwa\u017cniejsze miejsca. Spotkanie z przyby\u0142ymi rodzicami i ich pociechami rozpocz\u0119\u0142o si\u0119 od zwiedzania szko\u0142y. Na dzieci czeka\u0142y gry, zabawy , niespodzianki. Go\u015bcie ogl\u0105dali sale lekcyjne, hal\u0119 sportow\u0105, \u015bwietlic\u0119, bibliotek\u0119, pracowni\u0119 komputerow\u0105, miejsca s\u0142u\u017c\u0105ce uczniom do zabaw i odpoczynku podczas przerw itp. Przede wszystkim jednak rodzice uzyskali szereg odpowiedzi na nurtuj\u0105ce ich pytania. Na zako\u0144czenie spotkania, ka\u017cdy rodzic otrzymywa\u0142 folder szko\u0142y, a pociecha upominek z logo szko\u0142y.<\/span><\/div>\n<\/div>\n<div class=\"x11i5rnm xat24cr x1mh8g0r x1vvkbs xtlvy1s x126k92a\">\n<div dir=\"auto\"><span style=\"color: #000080;\">Mamy nadziej\u0119, \u017ce chwile sp\u0119dzone z nami by\u0142 czasem rado\u015bci i zadowolenia.<\/span><\/div>\n<\/div>\n<div class=\"x11i5rnm xat24cr x1mh8g0r x1vvkbs xtlvy1s x126k92a\">\n<div dir=\"auto\"><span style=\"color: #000080;\">Do zobaczenia!<\/span><\/div>\n<\/div>\n<div class=\"x11i5rnm xat24cr x1mh8g0r x1vvkbs xtlvy1s x126k92a\">\n<div dir=\"auto\"><span style=\"color: #000080;\">Dyrekcja, nauczyciele, pracownicy SP Nr 1 Hrubiesz\u00f3w<\/span><\/div>\n<div dir=\"auto\">\nngg_shortcode_0_placeholder\n<\/div>\n<\/div>\n","protected":false},"excerpt":{"rendered":"<p>29 lutego 2024 r. go\u015bcili\u015bmy w murach naszej szko\u0142y wielu siedmiolatk\u00f3w &#8211; przysz\u0142ych pierwszoklasist\u00f3w oraz ich rodzic\u00f3w . Wszyscy nauczyciele oraz pracownicy szko\u0142y zadbali, aby go\u015bcie mogli w Dzie\u0144 Otwarty Szko\u0142y zapozna\u0107 si\u0119 z nasz\u0105 ofert\u0105 i pozna\u0107 jej najwa\u017cniejsze miejsca. Spotkanie z przyby\u0142ymi rodzicami i ich pociechami rozpocz\u0119\u0142o si\u0119 od zwiedzania szko\u0142y. Na dzieci [&hellip;]<\/p>\n","protected":false},"author":2,"featured_media":0,"parent":5983,"menu_order":0,"comment_status":"closed","ping_status":"closed","template":"","meta":{"ngg_post_thumbnail":0,"footnotes":""},"class_list":["post-24544","page","type-page","status-publish","hentry"],"_links":{"self":[{"href":"https:\/\/sp1hrubieszow.pl\/index.php\/wp-json\/wp\/v2\/pages\/24544","targetHints":{"allow":["GET"]}}],"collection":[{"href":"https:\/\/sp1hrubieszow.pl\/index.php\/wp-json\/wp\/v2\/pages"}],"about":[{"href":"https:\/\/sp1hrubieszow.pl\/index.php\/wp-json\/wp\/v2\/types\/page"}],"author":[{"embeddable":true,"href":"https:\/\/sp1hrubieszow.pl\/index.php\/wp-json\/wp\/v2\/users\/2"}],"replies":[{"embeddable":true,"href":"https:\/\/sp1hrubieszow.pl\/index.php\/wp-json\/wp\/v2\/comments?post=24544"}],"version-history":[{"count":1,"href":"https:\/\/sp1hrubieszow.pl\/index.php\/wp-json\/wp\/v2\/pages\/24544\/revisions"}],"predecessor-version":[{"id":24545,"href":"https:\/\/sp1hrubieszow.pl\/index.php\/wp-json\/wp\/v2\/pages\/24544\/revisions\/24545"}],"up":[{"embeddable":true,"href":"https:\/\/sp1hrubieszow.pl\/index.php\/wp-json\/wp\/v2\/pages\/5983"}],"wp:attachment":[{"href":"https:\/\/sp1hrubieszow.pl\/index.php\/wp-json\/wp\/v2\/media?parent=24544"}],"curies":[{"name":"wp","href":"https:\/\/api.w.org\/{rel}","templated":true}]}}