{"id":24501,"date":"2024-03-04T19:48:31","date_gmt":"2024-03-04T18:48:31","guid":{"rendered":"https:\/\/sp1hrubieszow.pl\/?page_id=24501"},"modified":"2024-03-04T19:50:11","modified_gmt":"2024-03-04T18:50:11","slug":"szkola-myslenia-pozytywnego-2-0-zadanie-certyfikacyjne-na-miesiace-styczen-i-luty-2024r-temat-kreatywnosc","status":"publish","type":"page","link":"https:\/\/sp1hrubieszow.pl\/index.php\/kronika-2020-2021\/szkola-myslenia-pozytywnego-2-0-zadanie-certyfikacyjne-na-miesiace-styczen-i-luty-2024r-temat-kreatywnosc\/","title":{"rendered":"Szko\u0142a My\u015blenia Pozytywnego 2.0.Zadanie certyfikacyjne na miesi\u0105ce stycze\u0144 i luty 2024r. Temat: Kreatywno\u015b\u0107"},"content":{"rendered":"\n<div class=\"x11i5rnm xat24cr x1mh8g0r x1vvkbs xtlvy1s x126k92a\">\n<div dir=\"auto\"><span style=\"color: #000080;\">Poprzez uczestnictwo w og\u00f3lnopolskim programie Szko\u0142a My\u015blenia Pozytywnego 2.0, organizowanym przez <a class=\"x1i10hfl xjbqb8w x1ejq31n xd10rxx x1sy0etr x17r0tee x972fbf xcfux6l x1qhh985 xm0m39n x9f619 x1ypdohk xt0psk2 xe8uvvx xdj266r x11i5rnm xat24cr x1mh8g0r xexx8yu x4uap5 x18d9i69 xkhd6sd x16tdsg8 x1hl2dhg xggy1nq x1a2a7pz xt0b8zv x1fey0fg xo1l8bm\" style=\"color: #000080;\" tabindex=\"0\" role=\"link\" href=\"https:\/\/www.facebook.com\/instytutep?__cft__[0]=AZXiIk1Iq1sHlFEZ6cjVtlQFGtag-WTlZzbKJhwWwx5T7xIBDmqyrDSNErC1dqlso8fbzb2LAYrafA5xwQo2rxT-5hlA0YYGzQMwhDGfa5BZ2PwKfLUT6RdVNfq1CEBPGx0OzSWFy5lrJseBfhOO2VoyyEpT5teZcjqlTGPM8thH4NV5AXj9_gCgeQABDr_7JM0&amp;__tn__=-]K-R\"><span class=\"xt0psk2\">Instytut Edukacji Pozytywnej<\/span><\/a> uczymy si\u0119 kreatywno\u015bci przez ca\u0142y rok. Jednak szczeg\u00f3ln\u0105 uwag\u0119 po\u015bwi\u0119cili\u015bmy rozwijaniu kreatywno\u015bci<\/span><\/div>\n<div dir=\"auto\"><span style=\"color: #000080;\">w zimowych miesi\u0105cach: styczniu i lutym. Uczniowie klasy 6b zadanie certyfikacyjne realizowali w styczniu. Podczas zaj\u0119\u0107 z wychowawc\u0105 wykonywali zadania zaproponowane w kartach rozwijaj\u0105cych kreatywno\u015b\u0107 ( napisanie bajki sk\u0142adaj\u0105cej si\u0119 z 15 s\u0142\u00f3w i wykonanie do niej obrazka; narysowanie obrazka mniej dominuj\u0105c\u0105 r\u0119k\u0105). W ramach lekcji j\u0119zyka polskiego tak\u017ce mieli okazje wykaza\u0107 si\u0119 pomys\u0142owo\u015bci\u0105 tworz\u0105c gr\u0119 planszowa do lektury &#8222;Hobbit, czyli tam i z powrotem&#8221;. Klasa 4a wzi\u0119\u0142a udzia\u0142<\/span><\/div>\n<div dir=\"auto\"><span style=\"color: #000080;\">w zadaniu certyfikacyjnym ze Szko\u0142y My\u015blenia Pozytywnego<\/span><\/div>\n<div dir=\"auto\"><span style=\"color: #000080;\">w miesi\u0105cu lutym. Uczniowie na zaj\u0119ciach z wychowawc\u0105 zapisywali na tablicy skojarzenia ze s\u0142owem KREATYWNO\u015a\u0106. Nast\u0119pnie odpowiadali na pytania z kart kreatywno\u015bci i jako wyzwanie mieli za zadanie poda\u0107 kreatywne pomys\u0142y na czym mo\u017cna siedzie\u0107? Pomys\u0142\u00f3w by\u0142o naprawd\u0119 du\u017co, a zadanie wywo\u0142a\u0142o w\u015br\u00f3d uczni\u00f3w zainteresowanie i rado\u015b\u0107. Klasy m\u0142odsze rozwija\u0142y kreatywno\u015b\u0107, poprzez wykonywanie prac plastyczno -technicznych. Dzieci tworzy\u0142y maski karnawa\u0142owe oraz ozdoby z masy solnej wedle w\u0142asnego pomys\u0142u. Uczniowie klasy 7c wykonywali zadania wed\u0142ug kart wyzwa\u0144 kreatywnych. Grupy terapeutyczne opr\u00f3cz rozm\u00f3w na temat kreatywno\u015bci wykonywa\u0142y budowle z klock\u00f3w magnetycznych innych pomocy dydaktycznych z projektu Laboratoria Przysz\u0142o\u015bci. Poszczeg\u00f3lne klasy rozpoczyna\u0142y lub ko\u0144czy\u0142y lekcje wykonuj\u0105c pi\u0119ciominutowe wyzwania kreatywne. Nauczyciele skorzystali z zaproponowanych webinari\u00f3w:&#8221; Jak promowa\u0107 odporno\u015b\u0107 psychiczn\u0105 dzieci i m\u0142odzie\u017cy?&#8221;; oraz &#8222;Jak by\u0107 kreatywnym i uczy\u0107 tego nasze dzieci?&#8221; Na szczeg\u00f3lne wyr\u00f3\u017cnienie w w wykonywaniu zadania certyfikacyjnego w miesi\u0105cach I-II zas\u0142uguj\u0105 klasy:<\/span><\/div>\n<div dir=\"auto\"><span style=\"color: #000080;\">klasa 2b-wych. p. Renata Pacza\u0142a<\/span><\/div>\n<div dir=\"auto\"><span style=\"color: #000080;\">klasa 3a-wych,p, Ma\u0142gorzata Serafin<\/span><\/div>\n<div dir=\"auto\"><span style=\"color: #000080;\">klasa 3b-wych.p. Monika Korneluk<\/span><\/div>\n<div dir=\"auto\"><span style=\"color: #000080;\">klasa 4a-wych.p. Monika Anigacz<\/span><\/div>\n<div dir=\"auto\"><span style=\"color: #000080;\">klasa 6b-wych.p. Marta Lackowska<\/span><\/div>\n<div dir=\"auto\"><span style=\"color: #000080;\">klasa 7c-wych. p. Anna Lewandowska<\/span><\/div>\n<div dir=\"auto\"><span style=\"color: #000080;\">grupy terapeutyczne- p. Marta Kuczy\u0144ska<\/span><\/div>\n<\/div>\n<div class=\"x11i5rnm xat24cr x1mh8g0r x1vvkbs xtlvy1s x126k92a\">\n<div dir=\"auto\"><span style=\"color: #000080;\">\u201eNie mo\u017cna wyczerpa\u0107 kreatywno\u015bci. Im wi\u0119cej jej u\u017cywasz, tym wi\u0119cej jej masz.\u201d Maya Angelou<\/span><\/div>\n<div dir=\"auto\"><span style=\"color: #000080;\">Wszystkim uczniom, nauczycielom i rodzicom \u017cyczymy ogromnych<\/span><\/div>\n<div dir=\"auto\"><span style=\"color: #000080;\">i niewyczerpanych pok\u0142ad\u00f3w kreatywno\u015bci ma co dzie\u0144. Zapraszamy spo\u0142eczno\u015b\u0107 szkoln\u0105 do w\u0142\u0105czenia si\u0119 w wykonywanie zadania na miesi\u0105c marzec. Tym razem spr\u00f3bujemy znale\u017a\u0107 spos\u00f3b na l\u0119ki.<\/span><\/div>\n<\/div>\n<div class=\"x11i5rnm xat24cr x1mh8g0r x1vvkbs xtlvy1s x126k92a\">\n<div dir=\"auto\"><span style=\"color: #000080;\">Koordynator szkolny programu SMP 2.0-Marta Kuczy\u0144ska<\/span><\/div>\n<div dir=\"auto\">\nngg_shortcode_0_placeholder\n<\/div>\n<\/div>\n","protected":false},"excerpt":{"rendered":"<p>Poprzez uczestnictwo w og\u00f3lnopolskim programie Szko\u0142a My\u015blenia Pozytywnego 2.0, organizowanym przez Instytut Edukacji Pozytywnej uczymy si\u0119 kreatywno\u015bci przez ca\u0142y rok. Jednak szczeg\u00f3ln\u0105 uwag\u0119 po\u015bwi\u0119cili\u015bmy rozwijaniu kreatywno\u015bci w zimowych miesi\u0105cach: styczniu i lutym. Uczniowie klasy 6b zadanie certyfikacyjne realizowali w styczniu. Podczas zaj\u0119\u0107 z wychowawc\u0105 wykonywali zadania zaproponowane w kartach rozwijaj\u0105cych kreatywno\u015b\u0107 ( napisanie bajki sk\u0142adaj\u0105cej [&hellip;]<\/p>\n","protected":false},"author":2,"featured_media":0,"parent":5983,"menu_order":0,"comment_status":"closed","ping_status":"closed","template":"","meta":{"ngg_post_thumbnail":0,"footnotes":""},"class_list":["post-24501","page","type-page","status-publish","hentry"],"_links":{"self":[{"href":"https:\/\/sp1hrubieszow.pl\/index.php\/wp-json\/wp\/v2\/pages\/24501","targetHints":{"allow":["GET"]}}],"collection":[{"href":"https:\/\/sp1hrubieszow.pl\/index.php\/wp-json\/wp\/v2\/pages"}],"about":[{"href":"https:\/\/sp1hrubieszow.pl\/index.php\/wp-json\/wp\/v2\/types\/page"}],"author":[{"embeddable":true,"href":"https:\/\/sp1hrubieszow.pl\/index.php\/wp-json\/wp\/v2\/users\/2"}],"replies":[{"embeddable":true,"href":"https:\/\/sp1hrubieszow.pl\/index.php\/wp-json\/wp\/v2\/comments?post=24501"}],"version-history":[{"count":1,"href":"https:\/\/sp1hrubieszow.pl\/index.php\/wp-json\/wp\/v2\/pages\/24501\/revisions"}],"predecessor-version":[{"id":24502,"href":"https:\/\/sp1hrubieszow.pl\/index.php\/wp-json\/wp\/v2\/pages\/24501\/revisions\/24502"}],"up":[{"embeddable":true,"href":"https:\/\/sp1hrubieszow.pl\/index.php\/wp-json\/wp\/v2\/pages\/5983"}],"wp:attachment":[{"href":"https:\/\/sp1hrubieszow.pl\/index.php\/wp-json\/wp\/v2\/media?parent=24501"}],"curies":[{"name":"wp","href":"https:\/\/api.w.org\/{rel}","templated":true}]}}