{"id":24447,"date":"2024-03-02T20:00:56","date_gmt":"2024-03-02T19:00:56","guid":{"rendered":"https:\/\/sp1hrubieszow.pl\/?page_id=24447"},"modified":"2024-03-02T20:01:26","modified_gmt":"2024-03-02T19:01:26","slug":"rozstrzygniecie-konkursu-bezpieczne-korzystanie-z-internetu","status":"publish","type":"page","link":"https:\/\/sp1hrubieszow.pl\/index.php\/kronika-2020-2021\/rozstrzygniecie-konkursu-bezpieczne-korzystanie-z-internetu\/","title":{"rendered":"Rozstrzygni\u0119cie konkursu ,,Bezpieczne Korzystanie z Internetu&#8221;"},"content":{"rendered":"\n<div class=\"x11i5rnm xat24cr x1mh8g0r x1vvkbs xtlvy1s x126k92a\">\n<div dir=\"auto\"><span style=\"color: #000080;\">Z przyjemno\u015bci\u0105 og\u0142aszamy wyniki konkursu na ulotk\u0119 promuj\u0105c\u0105 bezpieczne korzystanie z Internetu, kt\u00f3ry odby\u0142 si\u0119 w naszej szkole. Cieszymy si\u0119 z zaanga\u017cowania wszystkich uczestnik\u00f3w i trud\u00f3w, jakie w\u0142o\u017cyli w tworzenie edukacyjnych projekt\u00f3w. Oceniaj\u0105c prace, komisja konkursowa kierowa\u0142a si\u0119 r\u00f3\u017cnorodno\u015bci\u0105, kreatywno\u015bci\u0105 oraz przekazem edukacyjnym.<\/span><\/div>\n<\/div>\n<div class=\"x11i5rnm xat24cr x1mh8g0r x1vvkbs xtlvy1s x126k92a\">\n<div dir=\"auto\"><span style=\"color: #000080;\">Zwyci\u0119zcy Konkursu:<\/span><\/div>\n<div dir=\"auto\"><span style=\"color: #000080;\">I miejsce: Ewa Kudyk klasa 7c<\/span><\/div>\n<div dir=\"auto\"><span style=\"color: #000080;\">II miejsce: Anika Swatowska klasa 6b<\/span><\/div>\n<div dir=\"auto\"><span style=\"color: #000080;\">III miejsce: Remigiusz Dziadosz klasa 5a<\/span><\/div>\n<\/div>\n<div class=\"x11i5rnm xat24cr x1mh8g0r x1vvkbs xtlvy1s x126k92a\">\n<div dir=\"auto\"><span style=\"color: #000080;\">Wyr\u00f3\u017cnieni: Nikola Kosza\u0142ka klasa 7b, Oliwia Szabat klasa 7b, Jan Podg\u00f3rski klasa 7b, Kamil Klocek klasa 6b.<\/span><\/div>\n<\/div>\n<div class=\"x11i5rnm xat24cr x1mh8g0r x1vvkbs xtlvy1s x126k92a\">\n<div dir=\"auto\"><span style=\"color: #000080;\">Serdecznie gratulujemy wszystkim zwyci\u0119zcom i wyr\u00f3\u017cnionym uczestnikom. Wasze prace nie tylko wyr\u00f3\u017cnia\u0142y si\u0119 kreatywno\u015bci\u0105, ale r\u00f3wnie\u017c przekaza\u0142y istotne informacje dotycz\u0105ce bezpiecznego korzystania z Internetu. Dzi\u0119kujemy za zaanga\u017cowanie i ch\u0119\u0107 podniesienia \u015bwiadomo\u015bci spo\u0142eczno\u015bci szkolnej na temat cyberbezpiecze\u0144stwa.<\/span><\/div>\n<\/div>\n<div class=\"x11i5rnm xat24cr x1mh8g0r x1vvkbs xtlvy1s x126k92a\">\n<div dir=\"auto\"><span style=\"color: #000080;\">Zwyci\u0119zcom gratulujemy nagr\u00f3d, a wszystkim uczestnikom dzi\u0119kujemy za udzia\u0142 i zach\u0119camy do kontynuowania edukacji na temat bezpiecznego korzystania z Internetu.<\/span><\/div>\n<\/div>\n<div class=\"x11i5rnm xat24cr x1mh8g0r x1vvkbs xtlvy1s x126k92a\">\n<div dir=\"auto\"><span style=\"color: #000080;\">Konkurs zosta\u0142 zorganizowany w ramach obchod\u00f3w Dnia Bezpiecznego Internetu przez pedagoga szkolnego Ann\u0119 Karkuszewsk\u0105. Nagrody ufundowa\u0142a Gmina Miejska Hrubiesz\u00f3w.<\/span><\/div>\n<div dir=\"auto\">\nngg_shortcode_0_placeholder\n<\/div>\n<\/div>\n","protected":false},"excerpt":{"rendered":"<p>Z przyjemno\u015bci\u0105 og\u0142aszamy wyniki konkursu na ulotk\u0119 promuj\u0105c\u0105 bezpieczne korzystanie z Internetu, kt\u00f3ry odby\u0142 si\u0119 w naszej szkole. Cieszymy si\u0119 z zaanga\u017cowania wszystkich uczestnik\u00f3w i trud\u00f3w, jakie w\u0142o\u017cyli w tworzenie edukacyjnych projekt\u00f3w. Oceniaj\u0105c prace, komisja konkursowa kierowa\u0142a si\u0119 r\u00f3\u017cnorodno\u015bci\u0105, kreatywno\u015bci\u0105 oraz przekazem edukacyjnym. Zwyci\u0119zcy Konkursu: I miejsce: Ewa Kudyk klasa 7c II miejsce: Anika Swatowska [&hellip;]<\/p>\n","protected":false},"author":2,"featured_media":0,"parent":5983,"menu_order":0,"comment_status":"closed","ping_status":"closed","template":"","meta":{"ngg_post_thumbnail":0,"footnotes":""},"class_list":["post-24447","page","type-page","status-publish","hentry"],"_links":{"self":[{"href":"https:\/\/sp1hrubieszow.pl\/index.php\/wp-json\/wp\/v2\/pages\/24447","targetHints":{"allow":["GET"]}}],"collection":[{"href":"https:\/\/sp1hrubieszow.pl\/index.php\/wp-json\/wp\/v2\/pages"}],"about":[{"href":"https:\/\/sp1hrubieszow.pl\/index.php\/wp-json\/wp\/v2\/types\/page"}],"author":[{"embeddable":true,"href":"https:\/\/sp1hrubieszow.pl\/index.php\/wp-json\/wp\/v2\/users\/2"}],"replies":[{"embeddable":true,"href":"https:\/\/sp1hrubieszow.pl\/index.php\/wp-json\/wp\/v2\/comments?post=24447"}],"version-history":[{"count":1,"href":"https:\/\/sp1hrubieszow.pl\/index.php\/wp-json\/wp\/v2\/pages\/24447\/revisions"}],"predecessor-version":[{"id":24448,"href":"https:\/\/sp1hrubieszow.pl\/index.php\/wp-json\/wp\/v2\/pages\/24447\/revisions\/24448"}],"up":[{"embeddable":true,"href":"https:\/\/sp1hrubieszow.pl\/index.php\/wp-json\/wp\/v2\/pages\/5983"}],"wp:attachment":[{"href":"https:\/\/sp1hrubieszow.pl\/index.php\/wp-json\/wp\/v2\/media?parent=24447"}],"curies":[{"name":"wp","href":"https:\/\/api.w.org\/{rel}","templated":true}]}}