{"id":24440,"date":"2024-03-02T19:56:25","date_gmt":"2024-03-02T18:56:25","guid":{"rendered":"https:\/\/sp1hrubieszow.pl\/?page_id=24440"},"modified":"2024-03-02T19:56:59","modified_gmt":"2024-03-02T18:56:59","slug":"nasze-koszykarki-w-finale-wojewodzkim-w-mini-koszykowce","status":"publish","type":"page","link":"https:\/\/sp1hrubieszow.pl\/index.php\/kronika-2020-2021\/nasze-koszykarki-w-finale-wojewodzkim-w-mini-koszykowce\/","title":{"rendered":"Nasze koszykarki w Finale Wojew\u00f3dzkim w mini koszyk\u00f3wce!!!"},"content":{"rendered":"\n<div class=\"x11i5rnm xat24cr x1mh8g0r x1vvkbs xtlvy1s x126k92a\">\n<div dir=\"auto\"><span style=\"color: #000080;\">29 lutego na naszej sali gimnastycznej odby\u0142 si\u0119 P\u00f3\u0142fina\u0142 Wojew\u00f3dzki w mini koszyk\u00f3wce dziewcz\u0105t w ramach rozgrywek SZS. Udzia\u0142 w zawodach wzi\u0119\u0142o 6 dru\u017cyn:<\/span><\/div>\n<div dir=\"auto\"><span style=\"color: #000080;\">1. SP 1 Hrubiesz\u00f3w<\/span><\/div>\n<div dir=\"auto\"><span style=\"color: #000080;\">2. SP 1 Krasnystaw<\/span><\/div>\n<div dir=\"auto\"><span style=\"color: #000080;\">3. SP 2 Tomasz\u00f3w Lubelski<\/span><\/div>\n<div dir=\"auto\"><span style=\"color: #000080;\">4. SP 6 Zamo\u015b\u0107<\/span><\/div>\n<div dir=\"auto\"><span style=\"color: #000080;\">5. SP 9 Zamo\u015b\u0107<\/span><\/div>\n<div dir=\"auto\"><span style=\"color: #000080;\">6. SP Sitaniec<\/span><\/div>\n<div dir=\"auto\"><span style=\"color: #000080;\">W meczach grupowych dziewcz\u0119ta wygra\u0142y swoje mecze:<\/span><\/div>\n<div dir=\"auto\"><span style=\"color: #000080;\">SP1 Hrubiesz\u00f3w- SP 6 Zamo\u015b\u0107 18:7<\/span><\/div>\n<div dir=\"auto\"><span style=\"color: #000080;\">SP 1 Hrubiesz\u00f3w- SP Sitaniec 19:1<\/span><\/div>\n<\/div>\n<div class=\"x11i5rnm xat24cr x1mh8g0r x1vvkbs xtlvy1s x126k92a\">\n<div dir=\"auto\"><span style=\"color: #000080;\">Fina\u0142 by\u0142 niezwykle emocjonuj\u0105cy, w kt\u00f3rym wygrali\u015bmy z SP 9 Zamo\u015b\u0107 21:16, tym samym znale\u017ali\u015bmy si\u0119 w najlepszej sz\u00f3stce dru\u017cyn w wojew\u00f3dztwie. Fina\u0142 Wojew\u00f3dzki zostanie rozegrany w Kra\u015bniku 5 marca. Trzymamy kciuki i \u017cyczymy powodzenia<\/span><\/div>\n<\/div>\n<div class=\"x11i5rnm xat24cr x1mh8g0r x1vvkbs xtlvy1s x126k92a\">\n<div dir=\"auto\"><span style=\"color: #000080;\">Dziewcz\u0119ta zagra\u0142y w sk\u0142adzie:<\/span><\/div>\n<div dir=\"auto\"><span style=\"color: #000080;\">Maja Magdziak, Maja Klimkowska, Karolina Grzegorczyk, Martyna Balcer, Kornelia Mrozowska, Julia Kiszel, Hanna Sidorczuk, Anna Kie\u0142basa, Lena Pilipczuk, Eva Jankowska, Anastazja Szczur, Stepaniuk Marysia<\/span><\/div>\n<div dir=\"auto\"><span style=\"color: #000080;\">Opiekunem by\u0142 Tomasz Magdziak<\/span><\/div>\n<div dir=\"auto\">\nngg_shortcode_0_placeholder\n<\/div>\n<\/div>\n","protected":false},"excerpt":{"rendered":"<p>29 lutego na naszej sali gimnastycznej odby\u0142 si\u0119 P\u00f3\u0142fina\u0142 Wojew\u00f3dzki w mini koszyk\u00f3wce dziewcz\u0105t w ramach rozgrywek SZS. Udzia\u0142 w zawodach wzi\u0119\u0142o 6 dru\u017cyn: 1. SP 1 Hrubiesz\u00f3w 2. SP 1 Krasnystaw 3. SP 2 Tomasz\u00f3w Lubelski 4. SP 6 Zamo\u015b\u0107 5. SP 9 Zamo\u015b\u0107 6. SP Sitaniec W meczach grupowych dziewcz\u0119ta wygra\u0142y swoje mecze: [&hellip;]<\/p>\n","protected":false},"author":2,"featured_media":0,"parent":5983,"menu_order":0,"comment_status":"closed","ping_status":"closed","template":"","meta":{"ngg_post_thumbnail":0,"footnotes":""},"class_list":["post-24440","page","type-page","status-publish","hentry"],"_links":{"self":[{"href":"https:\/\/sp1hrubieszow.pl\/index.php\/wp-json\/wp\/v2\/pages\/24440","targetHints":{"allow":["GET"]}}],"collection":[{"href":"https:\/\/sp1hrubieszow.pl\/index.php\/wp-json\/wp\/v2\/pages"}],"about":[{"href":"https:\/\/sp1hrubieszow.pl\/index.php\/wp-json\/wp\/v2\/types\/page"}],"author":[{"embeddable":true,"href":"https:\/\/sp1hrubieszow.pl\/index.php\/wp-json\/wp\/v2\/users\/2"}],"replies":[{"embeddable":true,"href":"https:\/\/sp1hrubieszow.pl\/index.php\/wp-json\/wp\/v2\/comments?post=24440"}],"version-history":[{"count":1,"href":"https:\/\/sp1hrubieszow.pl\/index.php\/wp-json\/wp\/v2\/pages\/24440\/revisions"}],"predecessor-version":[{"id":24441,"href":"https:\/\/sp1hrubieszow.pl\/index.php\/wp-json\/wp\/v2\/pages\/24440\/revisions\/24441"}],"up":[{"embeddable":true,"href":"https:\/\/sp1hrubieszow.pl\/index.php\/wp-json\/wp\/v2\/pages\/5983"}],"wp:attachment":[{"href":"https:\/\/sp1hrubieszow.pl\/index.php\/wp-json\/wp\/v2\/media?parent=24440"}],"curies":[{"name":"wp","href":"https:\/\/api.w.org\/{rel}","templated":true}]}}