{"id":24405,"date":"2024-02-26T17:46:49","date_gmt":"2024-02-26T16:46:49","guid":{"rendered":"https:\/\/sp1hrubieszow.pl\/?page_id=24405"},"modified":"2024-02-26T17:49:47","modified_gmt":"2024-02-26T16:49:47","slug":"dzien-otwarty-2","status":"publish","type":"page","link":"https:\/\/sp1hrubieszow.pl\/index.php\/kronika-2020-2021\/dzien-otwarty-2\/","title":{"rendered":"Dzie\u0144 Otwarty"},"content":{"rendered":"\n<p><span style=\"color: #000080;\">Serdecznie zapraszamy przysz\u0142ych pierwszoklasist\u00f3w wraz z Rodzicami na Dzie\u0144 Otwarty Szko\u0142y, kt\u00f3ry odb\u0119dzie si\u0119 dnia <strong>29.02.2024r. (czwartek), w godzinach 15.40-17.00<\/strong><span class=\"x3nfvp2 x1j61x8r x1fcty0u xdj266r xhhsvwb xat24cr xgzva0m xxymvpz xlup9mm x1kky2od\"><img loading=\"lazy\" decoding=\"async\" class=\"xz74otr\" src=\"https:\/\/static.xx.fbcdn.net\/images\/emoji.php\/v9\/ta5\/1.5\/16\/1f642.png\" alt=\"?\" width=\"16\" height=\"16\"><\/span>Zapraszamy do wsp\u00f3lnej nauki i zabawy<span class=\"x3nfvp2 x1j61x8r x1fcty0u xdj266r xhhsvwb xat24cr xgzva0m xxymvpz xlup9mm x1kky2od\"><img loading=\"lazy\" decoding=\"async\" class=\"xz74otr\" src=\"https:\/\/static.xx.fbcdn.net\/images\/emoji.php\/v9\/ta5\/1.5\/16\/1f642.png\" alt=\"?\" width=\"16\" height=\"16\"><\/span><\/span><\/p>\n<p>&nbsp;<\/p>\nngg_shortcode_0_placeholder\n","protected":false},"excerpt":{"rendered":"<p>Serdecznie zapraszamy przysz\u0142ych pierwszoklasist\u00f3w wraz z Rodzicami na Dzie\u0144 Otwarty Szko\u0142y, kt\u00f3ry odb\u0119dzie si\u0119 dnia 29.02.2024r. (czwartek), w godzinach 15.40-17.00Zapraszamy do wsp\u00f3lnej nauki i zabawy &nbsp;<\/p>\n","protected":false},"author":2,"featured_media":0,"parent":5983,"menu_order":0,"comment_status":"closed","ping_status":"closed","template":"","meta":{"ngg_post_thumbnail":0,"footnotes":""},"class_list":["post-24405","page","type-page","status-publish","hentry"],"_links":{"self":[{"href":"https:\/\/sp1hrubieszow.pl\/index.php\/wp-json\/wp\/v2\/pages\/24405","targetHints":{"allow":["GET"]}}],"collection":[{"href":"https:\/\/sp1hrubieszow.pl\/index.php\/wp-json\/wp\/v2\/pages"}],"about":[{"href":"https:\/\/sp1hrubieszow.pl\/index.php\/wp-json\/wp\/v2\/types\/page"}],"author":[{"embeddable":true,"href":"https:\/\/sp1hrubieszow.pl\/index.php\/wp-json\/wp\/v2\/users\/2"}],"replies":[{"embeddable":true,"href":"https:\/\/sp1hrubieszow.pl\/index.php\/wp-json\/wp\/v2\/comments?post=24405"}],"version-history":[{"count":2,"href":"https:\/\/sp1hrubieszow.pl\/index.php\/wp-json\/wp\/v2\/pages\/24405\/revisions"}],"predecessor-version":[{"id":24412,"href":"https:\/\/sp1hrubieszow.pl\/index.php\/wp-json\/wp\/v2\/pages\/24405\/revisions\/24412"}],"up":[{"embeddable":true,"href":"https:\/\/sp1hrubieszow.pl\/index.php\/wp-json\/wp\/v2\/pages\/5983"}],"wp:attachment":[{"href":"https:\/\/sp1hrubieszow.pl\/index.php\/wp-json\/wp\/v2\/media?parent=24405"}],"curies":[{"name":"wp","href":"https:\/\/api.w.org\/{rel}","templated":true}]}}