{"id":2439,"date":"2019-10-23T14:16:41","date_gmt":"2019-10-23T12:16:41","guid":{"rendered":"http:\/\/sp1.hrubieszow.info\/?page_id=2439"},"modified":"2019-10-23T14:16:41","modified_gmt":"2019-10-23T12:16:41","slug":"tydzien-mediacji-i-miedzynarodowy-dzien-mediacji","status":"publish","type":"page","link":"https:\/\/sp1hrubieszow.pl\/index.php\/nauczyciele\/pedagog\/pedagog-2019\/tydzien-mediacji-i-miedzynarodowy-dzien-mediacji\/","title":{"rendered":"\u201eTydzie\u0144 Mediacji\u201d i \u201eMi\u0119dzynarodowy Dzie\u0144 Mediacji\u201d"},"content":{"rendered":"\n<p style=\"text-align: justify;\"><span style=\"color: #000080;\">Mediatorzy r\u00f3wie\u015bniczy ze Szkolnego Klubu Mediatora w Szkole Podstawowej Nr 1 <\/span><br><span style=\"color: #000080;\">w Hrubieszowie, w dniach 15-18.10.2019r. w\u0142\u0105czyli si\u0119 w obchody \u201eTygodnia Mediacji\u201d<\/span><br><span style=\"color: #000080;\">i \u201eMi\u0119dzynarodowego Dnia Medi<\/span>acji<span style=\"color: #000080;\">\u201d. Przygotowali gazetk\u0119 informacyjn\u0105, plakaty promuj\u0105ce mediacj\u0119 oraz stoisko, na kt\u00f3rym rozdawali ulotki i udzielali informacji na temat mo\u017cliwo\u015bci skorzystania z pomocy mediator\u00f3w r\u00f3wie\u015bniczych przy rozwi\u0105zywaniu konflikt\u00f3w na terenie szko\u0142y. W klasach pi\u0105tych i sz\u00f3stych przeprowadzono ankiet\u0119, w kt\u00f3rej uczniowie wskazali swoich koleg\u00f3w, posiadaj\u0105cych predyspozycje do bycia mediatorem r\u00f3wie\u015bniczym. Analiza ankiety pos\u0142u\u017cy do wyboru nast\u0119pnej grupy uczni\u00f3w do szkolenia mediacyjnego w przysz\u0142ym roku szkolnym.W dniu 15.10.2019r. opiekun szkolnych mediator\u00f3w pe\u0142ni\u0142 dy\u017cur mediacyjny w S\u0105dzie Rejonowym w Hrubieszowie. Dnia 18.10.2019r. W Urz\u0119dzie Wojew\u00f3dzkim w Lublinie odby\u0142a si\u0119 konferencja informacyjno-szkoleniowa \u201eMediacje r\u00f3wie\u015bnicze&#8230;\u201d, w kt\u00f3rej wzi\u0119li udzia\u0142 przedstawiciele szk\u00f3\u0142, wdra\u017caj\u0105cych na swoim terenie ide\u0119 mediacji r\u00f3wie\u015bniczych. Podczas konferencji rozstrzygni\u0119to konkurs plastyczny pt. \u201eSprawiedliwo\u015b\u0107 naprawcza w szkole-moje prawo do mediacji r\u00f3wie\u015bniczej, pierwszy stopie\u0144 wtajemniczenia do mediacji s\u0105dowej <\/span><br><span style=\"color: #000080;\">i pozas\u0105dowej\u201d, w kt\u00f3rym w gronie laureat\u00f3w znalaz\u0142a si\u0119 uczennica klasy VII b Aleksandra Szymko. Gratulujemy!<\/span><\/p>\n<p><span style=\"color: #000080;\">Zapraszamy uczni\u00f3w Szko\u0142y Podstawowej Nr 1 w Hrubieszowie do korzystania z pomocy mediator\u00f3w ze Szkolnego Klubu Mediatora przy rozwi\u0105zywaniu konflikt\u00f3w kole\u017ce\u0144skich.<\/span><\/p>\n<p>&nbsp;<\/p>\n<p><span style=\"color: #000080;\">&nbsp;&nbsp;&nbsp;&nbsp;&nbsp;&nbsp;&nbsp;&nbsp;&nbsp;&nbsp;&nbsp;&nbsp;&nbsp;&nbsp;&nbsp;&nbsp;&nbsp;&nbsp;&nbsp;&nbsp;&nbsp;&nbsp;&nbsp;&nbsp;&nbsp;&nbsp;&nbsp;&nbsp;&nbsp;&nbsp;&nbsp;&nbsp;&nbsp;&nbsp;&nbsp;&nbsp;&nbsp;&nbsp;&nbsp;&nbsp;&nbsp;&nbsp;&nbsp;&nbsp;&nbsp;&nbsp;&nbsp;&nbsp;&nbsp;&nbsp;&nbsp;&nbsp;&nbsp;&nbsp;&nbsp;&nbsp;&nbsp;&nbsp; Opiekun mediator\u00f3w r\u00f3wie\u015bniczych &#8211; Marta Kuczy\u0144ska<\/span><\/p>\n\n\n\nngg_shortcode_0_placeholder\n","protected":false},"excerpt":{"rendered":"<p>Mediatorzy r\u00f3wie\u015bniczy ze Szkolnego Klubu Mediatora w Szkole Podstawowej Nr 1 w Hrubieszowie, w dniach 15-18.10.2019r. w\u0142\u0105czyli si\u0119 w obchody \u201eTygodnia Mediacji\u201di \u201eMi\u0119dzynarodowego Dnia Mediacji\u201d. Przygotowali gazetk\u0119 informacyjn\u0105, plakaty promuj\u0105ce mediacj\u0119 oraz stoisko, na kt\u00f3rym rozdawali ulotki i udzielali informacji na temat mo\u017cliwo\u015bci skorzystania z pomocy mediator\u00f3w r\u00f3wie\u015bniczych przy rozwi\u0105zywaniu konflikt\u00f3w na terenie szko\u0142y. W [&hellip;]<\/p>\n","protected":false},"author":1,"featured_media":0,"parent":75,"menu_order":9,"comment_status":"closed","ping_status":"closed","template":"","meta":{"ngg_post_thumbnail":0,"footnotes":""},"class_list":["post-2439","page","type-page","status-publish","hentry"],"_links":{"self":[{"href":"https:\/\/sp1hrubieszow.pl\/index.php\/wp-json\/wp\/v2\/pages\/2439","targetHints":{"allow":["GET"]}}],"collection":[{"href":"https:\/\/sp1hrubieszow.pl\/index.php\/wp-json\/wp\/v2\/pages"}],"about":[{"href":"https:\/\/sp1hrubieszow.pl\/index.php\/wp-json\/wp\/v2\/types\/page"}],"author":[{"embeddable":true,"href":"https:\/\/sp1hrubieszow.pl\/index.php\/wp-json\/wp\/v2\/users\/1"}],"replies":[{"embeddable":true,"href":"https:\/\/sp1hrubieszow.pl\/index.php\/wp-json\/wp\/v2\/comments?post=2439"}],"version-history":[{"count":1,"href":"https:\/\/sp1hrubieszow.pl\/index.php\/wp-json\/wp\/v2\/pages\/2439\/revisions"}],"predecessor-version":[{"id":2440,"href":"https:\/\/sp1hrubieszow.pl\/index.php\/wp-json\/wp\/v2\/pages\/2439\/revisions\/2440"}],"up":[{"embeddable":true,"href":"https:\/\/sp1hrubieszow.pl\/index.php\/wp-json\/wp\/v2\/pages\/75"}],"wp:attachment":[{"href":"https:\/\/sp1hrubieszow.pl\/index.php\/wp-json\/wp\/v2\/media?parent=2439"}],"curies":[{"name":"wp","href":"https:\/\/api.w.org\/{rel}","templated":true}]}}