{"id":24354,"date":"2024-02-07T07:43:47","date_gmt":"2024-02-07T06:43:47","guid":{"rendered":"https:\/\/sp1hrubieszow.pl\/?page_id=24354"},"modified":"2024-02-07T07:44:04","modified_gmt":"2024-02-07T06:44:04","slug":"15-podatku-dla-naszej-szkoly","status":"publish","type":"page","link":"https:\/\/sp1hrubieszow.pl\/index.php\/kronika-2020-2021\/15-podatku-dla-naszej-szkoly\/","title":{"rendered":"1,5 % podatku dla naszej szko\u0142y"},"content":{"rendered":"\n\n\n<p><img loading=\"lazy\" decoding=\"async\" class=\"wp-image-24353 aligncenter\" src=\"http:\/\/sp1hrubieszow.pl\/wp-content\/uploads\/2024\/02\/15-1-300x53.png\" alt=\"\" width=\"532\" height=\"94\" srcset=\"https:\/\/sp1hrubieszow.pl\/wp-content\/uploads\/2024\/02\/15-1-300x53.png 300w, https:\/\/sp1hrubieszow.pl\/wp-content\/uploads\/2024\/02\/15-1.png 590w\" sizes=\"auto, (max-width: 532px) 100vw, 532px\" \/><\/p>\n\n\n\n<p align=\"CENTER\"><span style=\"color: #4f81bd;\"><span style=\"color: #00b050;\"><span style=\"font-family: Arial Black, serif;\"><span style=\"font-size: large;\">numer KRS:<\/span><\/span><\/span><\/span><span style=\"color: #4f81bd;\"><span style=\"color: #1f497d;\"><span style=\"font-family: Arial Black, serif;\"><span style=\"font-size: large;\"> 0000197582<\/span><\/span><\/span><\/span><\/p>\n<p align=\"CENTER\"><span style=\"color: #4f81bd;\"><span style=\"color: #00b050;\"><span style=\"font-family: Arial Black, serif;\"><span style=\"font-size: large;\">cel szczeg\u00f3\u0142owy<\/span><\/span><\/span><\/span><span style=\"color: #4f81bd;\"><span style=\"font-family: Arial Black, serif;\"><span style=\"font-size: large;\">: <\/span><\/span><\/span><span style=\"color: #4f81bd;\"><span style=\"color: #1f497d;\"><span style=\"font-family: Arial Black, serif;\"><span style=\"font-size: large;\">Szko\u0142a Podstawowa Nr 1 Hrubiesz\u00f3w<\/span><\/span><\/span><\/span><\/p>\n<p align=\"CENTER\"><span style=\"color: #4f81bd;\"><span style=\"color: #1f497d;\"><span style=\"font-family: Arial Black, serif;\"><span style=\"font-size: medium;\">Ka\u017cdy mo\u017ce by\u0107 naszym darczy\u0144c\u0105 i przekaza\u0107 swoje 1,5% podatku dochodowego od os\u00f3b fizycznych (PIT) na rzecz Rady Rodzic\u00f3w <\/span><\/span><\/span><\/span><span style=\"color: #4f81bd;\"><span style=\"color: #1f497d;\"><span style=\"font-family: Arial Black, serif;\"><span style=\"font-size: medium;\">Szko\u0142y Podstawowej Nr 1 w Hrubieszowie.<\/span><\/span><\/span><\/span><\/p>\n<p align=\"CENTER\"><span style=\"color: #4f81bd;\"><span style=\"color: #1f497d;\"> <span style=\"font-family: Arial Black, serif;\"><span style=\"font-size: medium;\">Dzi\u0119kujemy!<\/span><\/span><\/span><\/span><\/p>\n","protected":false},"excerpt":{"rendered":"<p>numer KRS: 0000197582 cel szczeg\u00f3\u0142owy: Szko\u0142a Podstawowa Nr 1 Hrubiesz\u00f3w Ka\u017cdy mo\u017ce by\u0107 naszym darczy\u0144c\u0105 i przekaza\u0107 swoje 1,5% podatku dochodowego od os\u00f3b fizycznych (PIT) na rzecz Rady Rodzic\u00f3w Szko\u0142y Podstawowej Nr 1 w Hrubieszowie. Dzi\u0119kujemy!<\/p>\n","protected":false},"author":2,"featured_media":0,"parent":5983,"menu_order":0,"comment_status":"closed","ping_status":"closed","template":"","meta":{"ngg_post_thumbnail":0,"footnotes":""},"class_list":["post-24354","page","type-page","status-publish","hentry"],"_links":{"self":[{"href":"https:\/\/sp1hrubieszow.pl\/index.php\/wp-json\/wp\/v2\/pages\/24354","targetHints":{"allow":["GET"]}}],"collection":[{"href":"https:\/\/sp1hrubieszow.pl\/index.php\/wp-json\/wp\/v2\/pages"}],"about":[{"href":"https:\/\/sp1hrubieszow.pl\/index.php\/wp-json\/wp\/v2\/types\/page"}],"author":[{"embeddable":true,"href":"https:\/\/sp1hrubieszow.pl\/index.php\/wp-json\/wp\/v2\/users\/2"}],"replies":[{"embeddable":true,"href":"https:\/\/sp1hrubieszow.pl\/index.php\/wp-json\/wp\/v2\/comments?post=24354"}],"version-history":[{"count":1,"href":"https:\/\/sp1hrubieszow.pl\/index.php\/wp-json\/wp\/v2\/pages\/24354\/revisions"}],"predecessor-version":[{"id":24355,"href":"https:\/\/sp1hrubieszow.pl\/index.php\/wp-json\/wp\/v2\/pages\/24354\/revisions\/24355"}],"up":[{"embeddable":true,"href":"https:\/\/sp1hrubieszow.pl\/index.php\/wp-json\/wp\/v2\/pages\/5983"}],"wp:attachment":[{"href":"https:\/\/sp1hrubieszow.pl\/index.php\/wp-json\/wp\/v2\/media?parent=24354"}],"curies":[{"name":"wp","href":"https:\/\/api.w.org\/{rel}","templated":true}]}}